{"id":10035,"date":"2025-01-20T20:49:01","date_gmt":"2025-01-20T20:49:01","guid":{"rendered":"https:\/\/brava.etc.br\/loja\/?post_type=product&#038;p=10035"},"modified":"2025-10-02T22:23:38","modified_gmt":"2025-10-02T22:23:38","slug":"01-02-sonorizacao-de-eraserhead-por-luiz-galvao-flavio-lazzarin-e-voyeur-no-lugar-sem-nome-sp","status":"publish","type":"product","link":"https:\/\/brava.etc.br\/loja\/produto\/01-02-sonorizacao-de-eraserhead-por-luiz-galvao-flavio-lazzarin-e-voyeur-no-lugar-sem-nome-sp\/","title":{"rendered":"[01.02] Sonoriza\u00e7\u00e3o de \u2018Eraserhead\u2019 por Luiz Galv\u00e3o, Fl\u00e1vio Lazzarin e Voyeur, no lugar sem nome \/SP"},"content":{"rendered":"\r\n<p>&nbsp;<\/p>\r\n\r\n\r\n\r\n\r\n\r\n<p><strong>Luiz Galv\u00e3o<\/strong> \u00e9 guitarrista e improvisador. M\u00fasico atuante na cena alternativa de S\u00e3o Paulo, sempre prezou pelo trabalho autoral e pela diversidade de g\u00eaneros musicais. \u00c9 um dos fundadores e articuladores do Circuito de Improvisa\u00e7\u00e3o Livre (2012), idealizador da Orquestra de M\u00fasica Normal e um dos produtores e idealizador do Festival Novos Motores (2021), que contempla artistas do ABC paulista. Integra as bandas Supafom, Giallos, Nomade Orquestra, Otis Trio, Alarido e Ba Kimbuta &amp; Makomba, al\u00e9m de participar de diversos projetos solo ou em grupo voltados \u00e0 arte contempor\u00e2nea.<\/p>\r\n\r\n\r\n\r\n<p><strong>Fl\u00e1vio Lazzarin<\/strong> \u00e9 baterista ativo no cen\u00e1rio alternativo de S\u00e3o Paulo e ABC, tamb\u00e9m conhecido por seu trabalho nas bandas Giallos, Projeto Nave e Otis Trio, al\u00e9m de se apresentar em forma\u00e7\u00f5es voltadas \u00e0 improvisa\u00e7\u00e3o livre. Em seu projeto solo, que leva seu nome, conjuga a bateria com eletr\u00f4nicos, numa sonoridade lo-fi experimental ruidosa, em performances intensas e vigorosas.<\/p>\r\n\r\n\r\n\r\n<p><strong>Voyeur<\/strong> \u00e9 o nome escolhido para um projeto que vem sendo constru\u00eddo h\u00e1 alguns anos, transitando do IDM mais minimalista at\u00e9 as paisagens sonoras mais extremas. Sempre buscando compor aquilo que toca, que move, que pode desafiar uma pista e qualquer lugar onde, por conven\u00e7\u00e3o, se escolheu ouvir o que ficou conhecido como &#8216;m\u00fasica eletr\u00f4nica&#8217;. Voyeur n\u00e3o \u00e9 seu criador, \u00e9 outra coisa, sem rosto. Onde Victor Barbosa termina, Voyeur come\u00e7a: uma esp\u00e9cie de transe, um esp\u00edrito movido por pulsos el\u00e9tricos.<\/p>\r\n<hr \/>\r\n\r\n\r\n\r\n\r\n<div class=\"wp-block-media-text is-stacked-on-mobile is-vertically-aligned-top\">\r\n<figure class=\"wp-block-media-text__media\"><img loading=\"lazy\" decoding=\"async\" class=\"wp-image-29408  alignleft\" src=\"https:\/\/brava.etc.br\/wp-content\/uploads\/2025\/01\/eraserheadeposter-560x1024.jpg\" alt=\"\" width=\"135\" height=\"246\" \/><\/figure>\r\n<div class=\"wp-block-media-text__content\">Primeiro longa-metragem de David Lynch, Eraserhead (1977) se desenrola em uma dist\u00f3pica cidade, onde Henry Spencer (Jack Nance) e Mary X (Charlotte Stewart) t\u00eam um beb\u00ea prematuro, de aper\u00eancia aberrante. Quando Mary os abandona por n\u00e3o conseguir suportar seu terr\u00edvel aspecto, Henry se esfor\u00e7a para cumprir seu papel de pai solteiro, em meio \u00e0 uma sequ\u00eancia de sonhos, alucina\u00e7\u00f5es e desejos. \r\n\r\nA princ\u00edpio o filme n\u00e3o despertou muito interesse de p\u00fablico, apenas posteriormente tornando-se um cult surrealista, assim como seu diretor veio a ser um dos mais influentes da atualidade. Ao longo de penosos anos de grava\u00e7\u00e3o, Lynch se encarregou da cria\u00e7\u00e3o, dire\u00e7\u00e3o, produ\u00e7\u00e3o, edi\u00e7\u00e3o e montagem de Eraserhead. \r\n\r\nO filme ser\u00e1 retrilhado ao vivo por Luiz Galv\u00e3o, Fl\u00e1vio Lazzarin e Voyeur. <\/div>\r\n<\/div>\r\n","protected":false},"excerpt":{"rendered":"<p><!-- wp:paragraph --><\/p>\n<p><strong>Sonoriza\u00e7\u00e3o do filme \u2018Eraserhead\u2019 (David Lynch, 1977) com:<\/strong><br \/><strong>Luiz Galv\u00e3o<\/strong> &#8211; guitarra, efeitos, objetos<br \/><strong>Fl\u00e1vio Lazzarin<\/strong> &#8211; bateria, eletr\u00f4nicos<br \/><strong>Voyeur<\/strong> &#8211; eletr\u00f4nicos<\/p>\n<p><strong>17h casa\/bar<\/strong><br \/><strong>18h30 filme<\/strong><\/p>\n<p><strong>lugar sem nome\u00a0<\/strong>\u2013 Av. Brigadeiro Lu\u00eds Ant\u00f4nio 3928, Jardim Paulista \/ SP<br \/>\u21e2\u00a0<a href=\"https:\/\/maps.app.goo.gl\/KfWC7b1w6Z4FafDP9\" target=\"_blank\" rel=\"noreferrer noopener\" data-type=\"link\" data-id=\"https:\/\/maps.app.goo.gl\/KfWC7b1w6Z4FafDP9\">localizar no mapa<\/a><\/p>\n<p><strong>R$ 15<\/strong><br \/>lugares limitados devido \u00e0 configura\u00e7\u00e3o do espa\u00e7o com assentos. garanta o seu antecipado.<\/p>\n<p><!-- \/wp:paragraph --><\/p>\n<p><!-- wp:paragraph --><\/p>\n<p>dura\u00e7\u00e3o: 1h29<\/p>\n<p><!-- \/wp:paragraph --><\/p>\n","protected":false},"featured_media":10043,"template":"","meta":[],"product_brand":[],"product_cat":[939,951,938],"product_tag":[1023,1022,1026,1020,1018,1019,1024,1025,1021],"class_list":{"0":"post-10035","1":"product","2":"type-product","3":"status-publish","4":"has-post-thumbnail","6":"product_cat-flavio-lazzarin","7":"product_cat-ingresso","8":"product_cat-luiz-galvao","9":"product_tag-david-lynch","10":"product_tag-eraserhead","11":"product_tag-filme","12":"product_tag-flavio-lazzarin","13":"product_tag-ingresso","14":"product_tag-luiz-galvao","15":"product_tag-sonorizacao","16":"product_tag-trilha-sonora","17":"product_tag-voyeur","19":"first","20":"outofstock","21":"virtual","22":"product-type-simple"},"_links":{"self":[{"href":"https:\/\/brava.etc.br\/loja\/wp-json\/wp\/v2\/product\/10035","targetHints":{"allow":["GET"]}}],"collection":[{"href":"https:\/\/brava.etc.br\/loja\/wp-json\/wp\/v2\/product"}],"about":[{"href":"https:\/\/brava.etc.br\/loja\/wp-json\/wp\/v2\/types\/product"}],"wp:featuredmedia":[{"embeddable":true,"href":"https:\/\/brava.etc.br\/loja\/wp-json\/wp\/v2\/media\/10043"}],"wp:attachment":[{"href":"https:\/\/brava.etc.br\/loja\/wp-json\/wp\/v2\/media?parent=10035"}],"wp:term":[{"taxonomy":"product_brand","embeddable":true,"href":"https:\/\/brava.etc.br\/loja\/wp-json\/wp\/v2\/product_brand?post=10035"},{"taxonomy":"product_cat","embeddable":true,"href":"https:\/\/brava.etc.br\/loja\/wp-json\/wp\/v2\/product_cat?post=10035"},{"taxonomy":"product_tag","embeddable":true,"href":"https:\/\/brava.etc.br\/loja\/wp-json\/wp\/v2\/product_tag?post=10035"}],"curies":[{"name":"wp","href":"https:\/\/api.w.org\/{rel}","templated":true}]}}