{"id":10087,"date":"2013-12-18T20:17:47","date_gmt":"2013-12-18T20:17:47","guid":{"rendered":"https:\/\/brava.etc.br\/loja\/?post_type=product&#038;p=10087"},"modified":"2025-06-20T15:46:27","modified_gmt":"2025-06-20T15:46:27","slug":"tormentador-morte-negra","status":"publish","type":"product","link":"https:\/\/brava.etc.br\/loja\/produto\/tormentador-morte-negra\/","title":{"rendered":"Tormentador &#8216;Morte Negra&#8217;"},"content":{"rendered":"<div class=\"tralbumData tralbum-about\"><span class=\"bcTruncateMore\">Conjurado das cinzas enegrecidas do Holocausto, Tormentador \u00e9 a nova banda de Rodrigo F. e do baterista A. Leprous aka Armando Nuclear Soldier, que apareceram juntos pela primeira vez no \u201cCampo de Exterm\u00ednio\u201d e depois se reuniram para a demo \u201cGuerra Total\u201d de 2018 e o \u201cDi\u00e1rio de Guerra\u201d, lan\u00e7ado no ano seguinte. (Leprous tamb\u00e9m \u00e9 conhecido por suas performances nas primeiras encarna\u00e7\u00f5es do Sarc\u00f3fago e Mutilator.) Com o fim do Holocausto, sua nova banda, Tormentador, continua na tradi\u00e7\u00e3o do War Metal brasileiro com o lan\u00e7amento de estreia da banda, \u201cMorte Negra.\u201d Morte Negra remonta \u00e0s origens primitivas dos sons extremos que emanavam de Belo Horizonte em meados dos anos 1980. Na d\u00e9cada de 1990, poucas das bandas daquela cena mantinham a agressividade primitiva que caracterizou aquela \u00e9poca, e menos ainda conseguiram recuper\u00e1-la nas d\u00e9cadas seguintes. Mas o Tormentador habilmente convoca a brutalidade apaixonada de seu trabalho, afiado com precis\u00e3o t\u00e1tica para a nova era do Bestial War Black Metal. \u201cMorte Negra\u201d \u00e9 uma pura destila\u00e7\u00e3o do violento pedigree s\u00f4nico de seus membros, com riffs man\u00edacos sobrepostos a blast beats implac\u00e1veis. Pela profundidade e longevidade de suas carreiras, h\u00e1 uma not\u00f3ria qualidade musical nas can\u00e7\u00f5es e maior foco em sua composi\u00e7\u00e3o, resultando em uma das express\u00f5es mais concretizadas da tradi\u00e7\u00e3o da m\u00fasica extrema brasileira em mais de tr\u00eas d\u00e9cadas. (Descri\u00e7\u00e3o por J. Campbell)<\/span><\/div>\n<div><\/div>\n<div class=\"tralbumData tralbum-about\">https:\/\/tormentador.bandcamp.com\/album\/morte-negra<\/div>\n<div><\/div>\n<div><\/div>\n","protected":false},"excerpt":{"rendered":"<p>\u2022 Faixas:<\/p>\n<p>1.War Metal Attack<br \/>\n2. Morte Negra<br \/>\n3. A Morte \u00c0 Espreita<br \/>\n4. Labirinto Dos Ratos (Trincheira)<br \/>\n5. Necroatormentador<br \/>\n6. Uma Nova Guerra<br \/>\n7. Pervitin (Satanic War)<\/p>\n<p>\u2022 <span class=\"bcTruncateMore\">Nuclear War Now! e Brazilian Ritual Records | 2022<\/span><\/p>\n<p>\u2022 Formato: CD, acr\u00edlico<\/p>\n","protected":false},"featured_media":10089,"template":"","meta":[],"product_brand":[],"product_cat":[1029,527,1030,1028],"product_tag":[1032,731,1034,658,1035,1033,1031],"class_list":{"0":"post-10087","1":"product","2":"type-product","3":"status-publish","4":"has-post-thumbnail","6":"product_cat-brazilian-ritual-records","7":"product_cat-cd","8":"product_cat-nuclear-war-now","9":"product_cat-tormentador","10":"product_tag-belo-horizonte","11":"product_tag-death-metal","12":"product_tag-grind-metal","13":"product_tag-metal","14":"product_tag-rogomaga","15":"product_tag-trash-metal","16":"product_tag-war-metal","18":"first","19":"instock","20":"shipping-taxable","21":"purchasable","22":"product-type-simple"},"_links":{"self":[{"href":"https:\/\/brava.etc.br\/loja\/wp-json\/wp\/v2\/product\/10087","targetHints":{"allow":["GET"]}}],"collection":[{"href":"https:\/\/brava.etc.br\/loja\/wp-json\/wp\/v2\/product"}],"about":[{"href":"https:\/\/brava.etc.br\/loja\/wp-json\/wp\/v2\/types\/product"}],"wp:featuredmedia":[{"embeddable":true,"href":"https:\/\/brava.etc.br\/loja\/wp-json\/wp\/v2\/media\/10089"}],"wp:attachment":[{"href":"https:\/\/brava.etc.br\/loja\/wp-json\/wp\/v2\/media?parent=10087"}],"wp:term":[{"taxonomy":"product_brand","embeddable":true,"href":"https:\/\/brava.etc.br\/loja\/wp-json\/wp\/v2\/product_brand?post=10087"},{"taxonomy":"product_cat","embeddable":true,"href":"https:\/\/brava.etc.br\/loja\/wp-json\/wp\/v2\/product_cat?post=10087"},{"taxonomy":"product_tag","embeddable":true,"href":"https:\/\/brava.etc.br\/loja\/wp-json\/wp\/v2\/product_tag?post=10087"}],"curies":[{"name":"wp","href":"https:\/\/api.w.org\/{rel}","templated":true}]}}