{"id":10093,"date":"2013-12-18T20:13:48","date_gmt":"2013-12-18T20:13:48","guid":{"rendered":"https:\/\/brava.etc.br\/loja\/?post_type=product&#038;p=10093"},"modified":"2025-06-20T15:46:09","modified_gmt":"2025-06-20T15:46:09","slug":"holocausto-campo-de-exterminio-30-anos","status":"publish","type":"product","link":"https:\/\/brava.etc.br\/loja\/produto\/holocausto-campo-de-exterminio-30-anos\/","title":{"rendered":"Holocausto &#8216;Campo de Exterm\u00ednio&#8217; 30 anos"},"content":{"rendered":"","protected":false},"excerpt":{"rendered":"<p>\u2022 Faixas:<\/p>\n<p>1. Intro 01:59<br \/>\n2. Campo de Exterm\u00ednio 04:34<br \/>\n3. For\u00e7as Terroristas 02:34<br \/>\n4. Sc\u00f3ria 03:16<br \/>\n5. Fac\u00e7\u00e3o Revolucion\u00e1ria Armada 02:59<br \/>\n6. Regimento da Morte 04:28<br \/>\n7. III Reich 02:02<br \/>\n8. Vietn\u00e3 03:50<br \/>\n9. Guerrilheiro Suicida 03:20<br \/>\n10. Setembro Negro 04:44<br \/>\n11. Massacre<\/p>\n<p>\u2022\u00a0Cogumelo Records \/ Voice Music |<span class=\"bcTruncateMore\">\u00a02019<\/span><\/p>\n<p>\u2022 Formato: CD, digipack<\/p>\n","protected":false},"featured_media":10094,"template":"","meta":[],"product_brand":[],"product_cat":[527,1039],"product_tag":[1035,1031],"class_list":{"0":"post-10093","1":"product","2":"type-product","3":"status-publish","4":"has-post-thumbnail","6":"product_cat-cd","7":"product_cat-holocausto","8":"product_tag-rogomaga","9":"product_tag-war-metal","11":"first","12":"instock","13":"shipping-taxable","14":"purchasable","15":"product-type-simple"},"_links":{"self":[{"href":"https:\/\/brava.etc.br\/loja\/wp-json\/wp\/v2\/product\/10093","targetHints":{"allow":["GET"]}}],"collection":[{"href":"https:\/\/brava.etc.br\/loja\/wp-json\/wp\/v2\/product"}],"about":[{"href":"https:\/\/brava.etc.br\/loja\/wp-json\/wp\/v2\/types\/product"}],"wp:featuredmedia":[{"embeddable":true,"href":"https:\/\/brava.etc.br\/loja\/wp-json\/wp\/v2\/media\/10094"}],"wp:attachment":[{"href":"https:\/\/brava.etc.br\/loja\/wp-json\/wp\/v2\/media?parent=10093"}],"wp:term":[{"taxonomy":"product_brand","embeddable":true,"href":"https:\/\/brava.etc.br\/loja\/wp-json\/wp\/v2\/product_brand?post=10093"},{"taxonomy":"product_cat","embeddable":true,"href":"https:\/\/brava.etc.br\/loja\/wp-json\/wp\/v2\/product_cat?post=10093"},{"taxonomy":"product_tag","embeddable":true,"href":"https:\/\/brava.etc.br\/loja\/wp-json\/wp\/v2\/product_tag?post=10093"}],"curies":[{"name":"wp","href":"https:\/\/api.w.org\/{rel}","templated":true}]}}