{"id":10095,"date":"2013-12-18T20:13:48","date_gmt":"2013-12-18T20:13:48","guid":{"rendered":"https:\/\/brava.etc.br\/loja\/?post_type=product&#038;p=10095"},"modified":"2025-06-20T15:46:17","modified_gmt":"2025-06-20T15:46:17","slug":"holocausto-war-metal-in-belo-horizonte-live-in-brazilian-ritual-fifth-attack","status":"publish","type":"product","link":"https:\/\/brava.etc.br\/loja\/produto\/holocausto-war-metal-in-belo-horizonte-live-in-brazilian-ritual-fifth-attack\/","title":{"rendered":"Holocausto &#8216;War Metal in Belo Horizonte&#8217; Live in Brazilian Ritual Fifth Attack"},"content":{"rendered":"<p>Holocausto, a m\u00e1quina de guerra suja foi acionada novamente!<br \/>\nUma das bandas mais malditas e brutais da primeira gera\u00e7\u00e3o de metal extremo brasileiro est\u00e1 de volta ao fronte de guerra.<br \/>\nHolocausto \u00e9 uma das principais bandas de metal do Brasil, considerada a primeira banda de War Metal do mundo. Formada em 1984 inicialmente com o nome de Asmodeu por Rodrigo Fuhrer (vocal) e Val\u00e9rio Exterminator (guitarra), j\u00e1 em 1985 recrutam Marco Ant\u00f4nio (baixo) e Nedson Warfare (bateria) e assumem definitivamente o nome de Holocausto. As primeiras composi\u00e7\u00f5es j\u00e1 apresentavam tem\u00e1ticas apocal\u00edpticas e controversas, como guerras e nazismo, e a brutalidade sonora extrema, caracter\u00edstica das bandas de Belo Horizonte como Sepultura e Sarc\u00f3fago.<\/p>\n<p>Nesse mesmo ano em um acampamento o baixista Marco morre afogado num lament\u00e1vel acidente, uma perda terr\u00edvel para a banda. Marco deixa em parceria com Val\u00e9rio duas m\u00fasicas: Destrui\u00e7\u00e3o Nuclear e Escarro Napalm. Em seu lugar \u00e9 convidado o<span class=\"bcTruncateMore\">\u00a0baixista e vocalista da banda Massacre: Anderson Guerrilheiro. Em 1986 participam da lend\u00e1ria colet\u00e2nea Warfare Noise da Cogumelo Records juntamente com Sarc\u00f3fago, Mutilator e Chakal, com as m\u00fasicas Destrui\u00e7\u00e3o Nuclear e Escarro Napalm, um marco da m\u00fasica pesada no Brasil.<\/p>\n<p>Em 1987 ap\u00f3s a sa\u00edda de Nedson Warfare (baterista) entra Armando Nuclear Soldier (ex Leprous-Sarc\u00f3fago) e gravam o cl\u00e1ssico absoluto Campo de Exterm\u00ednio, controverso e maldito. Um dos discos mais pol\u00eamicos e bastardos do metal sul americano. A agressividade rompia todas as barreiras e era levada ao \u00faltimo expoente nos shows da d\u00e9cada de oitenta.<br \/>\nPor motivos pessoais Val\u00e9rio e Armando deixam a banda j\u00e1 com um segundo disco na linha do Campo de Exterm\u00ednio quase todo composto. Essas baixas s\u00e3o muito sentidas principalmente em rela\u00e7\u00e3o a sonoridade j\u00e1 que Val\u00e9rio era seu principal compositor.<br \/>\nEntre os anos de 88 a 93 passam por v\u00e1rias mudan\u00e7as na forma\u00e7\u00e3o e na est\u00e9tica e gravam Blocked Minds (Crossover) 1988, Negatives (Technical Thrash Metal) 1990 e Tozago as Deismno (Industrial\/Avant Garde Metal) 1993. Em 1994 cessam as atividades e s\u00f3 retornam \u00e0 ativa 10 anos depois e gravam o alb\u00fam De Volta ao Front (Warcore) em 2004. Em 2007 encerram as atividades novamente.<br \/>\nEm 2015 o Holocausto retorna definitivamente \u00e0s suas ra\u00edzes extremas tocando o puro War Metal do in\u00edcio da banda. Para isso contam em suas fileiras com os veteranos c\u00e3es de guerra da forma\u00e7\u00e3o original de 1987. Rodrigo Fuhrer, Val\u00e9rio Exterminator, Anderson Guerrilheiro e Nedson Warfare. Gravam o \u00e1lbum WAR METAL MASSACRE, pelo selo norte americano NUCLEAR WAR NOW.<br \/>\nFazem shows internacionais: BERLIM, CHILE e PERU, e levam seu WAR METAL para v\u00e1rios estados e cidades do Brasil. Por problemas particulares o baterista N\u00e9dson comunica sua sa\u00edda da banda, e em seu lugar retorna o baterista da forma\u00e7\u00e3o cl\u00e1ssica que gravou o \u00e1lbum Campo de Exterm\u00ednio: Armando Nuclear Soldier.<\/span><\/p>\n<p><span class=\"bcTruncateMore\">Com essa forma\u00e7\u00e3o fazem o show de comemora\u00e7\u00e3o dos 30 anos de lan\u00e7amento desse \u00e1lbum, junto com a banda canadense BLASPHEMY, e as brasileiras GOATPENIS e SEXTHRASH. Esse show ent\u00e3o se transforma em um \u00e1lbum ao vivo, de nome WAR METAL IN BELO HORIZONTE- LIVE IN BRAZILIAN RITUAL FIFTH ATTACK pelo selo BRAZILIAN RITUAL RECORDS em 2018.<\/span><\/p>\n<p>&nbsp;<\/p>\n<p>https:\/\/brazilianritualrecords.bandcamp.com\/album\/war-metal-in-belo-horizonte-live-in-brazilian-ritual-fifth-attack<\/p>\n","protected":false},"excerpt":{"rendered":"<p>\u2022 Faixas:<\/p>\n<p>1. Intro<br \/>\n2. Campo de Exterm\u00ednio<br \/>\n3. For\u00e7as Terroristas<br \/>\n4. Sc\u00f3ria<br \/>\n5. Fac\u00e7\u00e3o Revolucion\u00e1ria Armada<br \/>\n6. Regimento da Morte<br \/>\n7. III Reich<br \/>\n8. Vietn\u00e3<br \/>\n9. Guerrilheiro Suicida<br \/>\n10. Setembro Negro<\/p>\n<p>\u2022 <span class=\"bcTruncateMore\">Brazilian Ritual Records | 2019<\/span><\/p>\n<p>\u2022 Formato: CD e DVD, acr\u00edlico<\/p>\n","protected":false},"featured_media":10096,"template":"","meta":[],"product_brand":[],"product_cat":[527,1039],"product_tag":[1041,1032,1035,1031],"class_list":{"0":"post-10095","1":"product","2":"type-product","3":"status-publish","4":"has-post-thumbnail","6":"product_cat-cd","7":"product_cat-holocausto","8":"product_tag-ao-vivo","9":"product_tag-belo-horizonte","10":"product_tag-rogomaga","11":"product_tag-war-metal","13":"first","14":"instock","15":"shipping-taxable","16":"purchasable","17":"product-type-simple"},"_links":{"self":[{"href":"https:\/\/brava.etc.br\/loja\/wp-json\/wp\/v2\/product\/10095","targetHints":{"allow":["GET"]}}],"collection":[{"href":"https:\/\/brava.etc.br\/loja\/wp-json\/wp\/v2\/product"}],"about":[{"href":"https:\/\/brava.etc.br\/loja\/wp-json\/wp\/v2\/types\/product"}],"wp:featuredmedia":[{"embeddable":true,"href":"https:\/\/brava.etc.br\/loja\/wp-json\/wp\/v2\/media\/10096"}],"wp:attachment":[{"href":"https:\/\/brava.etc.br\/loja\/wp-json\/wp\/v2\/media?parent=10095"}],"wp:term":[{"taxonomy":"product_brand","embeddable":true,"href":"https:\/\/brava.etc.br\/loja\/wp-json\/wp\/v2\/product_brand?post=10095"},{"taxonomy":"product_cat","embeddable":true,"href":"https:\/\/brava.etc.br\/loja\/wp-json\/wp\/v2\/product_cat?post=10095"},{"taxonomy":"product_tag","embeddable":true,"href":"https:\/\/brava.etc.br\/loja\/wp-json\/wp\/v2\/product_tag?post=10095"}],"curies":[{"name":"wp","href":"https:\/\/api.w.org\/{rel}","templated":true}]}}