{"id":10103,"date":"2013-12-18T20:14:46","date_gmt":"2013-12-18T20:14:46","guid":{"rendered":"https:\/\/brava.etc.br\/loja\/?post_type=product&#038;p=10103"},"modified":"2025-06-20T15:44:47","modified_gmt":"2025-06-20T15:44:47","slug":"mutilator-into-the-strange","status":"publish","type":"product","link":"https:\/\/brava.etc.br\/loja\/produto\/mutilator-into-the-strange\/","title":{"rendered":"Mutilator &#8216;Into the Strange&#8217;"},"content":{"rendered":"<p>Segundo \u00e1lbum da banda brasileira de death\/thrash metal, lan\u00e7ado originalmente em 1988.<br \/>\nEste \u00e9 um relan\u00e7amento de 2023, vers\u00e3o com slipcase.<\/p>\n","protected":false},"excerpt":{"rendered":"<p>\u2022 Faixas:<\/p>\n<div>1. Raise the Strange<\/div>\n<div>2. Vanishing in the Haze<\/div>\n<div>3. Greetings (To the Deads)<\/div>\n<div>4. Lost Words<\/div>\n<div>5. Fighting in the Past<\/div>\n<div>6. Into the Strange<\/div>\n<div>7. Five Minutes Beyond the Walls<\/div>\n<div>8. A Place to Go<\/div>\n<p>\u2022 <span class=\"bcTruncateMore\">Cogumelo Records \/ Voice Records | 2023<\/span><\/p>\n<p>\u2022 Formato: CD, acr\u00edlico com slipcase<\/p>\n","protected":false},"featured_media":10104,"template":"","meta":[],"product_brand":[],"product_cat":[527,1044,1038],"product_tag":[1032,731,658,1035,1033],"class_list":{"0":"post-10103","1":"product","2":"type-product","3":"status-publish","4":"has-post-thumbnail","6":"product_cat-cd","7":"product_cat-cogumelo-records","8":"product_cat-mutilator","9":"product_tag-belo-horizonte","10":"product_tag-death-metal","11":"product_tag-metal","12":"product_tag-rogomaga","13":"product_tag-trash-metal","15":"first","16":"instock","17":"shipping-taxable","18":"purchasable","19":"product-type-simple"},"_links":{"self":[{"href":"https:\/\/brava.etc.br\/loja\/wp-json\/wp\/v2\/product\/10103","targetHints":{"allow":["GET"]}}],"collection":[{"href":"https:\/\/brava.etc.br\/loja\/wp-json\/wp\/v2\/product"}],"about":[{"href":"https:\/\/brava.etc.br\/loja\/wp-json\/wp\/v2\/types\/product"}],"wp:featuredmedia":[{"embeddable":true,"href":"https:\/\/brava.etc.br\/loja\/wp-json\/wp\/v2\/media\/10104"}],"wp:attachment":[{"href":"https:\/\/brava.etc.br\/loja\/wp-json\/wp\/v2\/media?parent=10103"}],"wp:term":[{"taxonomy":"product_brand","embeddable":true,"href":"https:\/\/brava.etc.br\/loja\/wp-json\/wp\/v2\/product_brand?post=10103"},{"taxonomy":"product_cat","embeddable":true,"href":"https:\/\/brava.etc.br\/loja\/wp-json\/wp\/v2\/product_cat?post=10103"},{"taxonomy":"product_tag","embeddable":true,"href":"https:\/\/brava.etc.br\/loja\/wp-json\/wp\/v2\/product_tag?post=10103"}],"curies":[{"name":"wp","href":"https:\/\/api.w.org\/{rel}","templated":true}]}}