{"id":10172,"date":"2025-10-16T18:54:20","date_gmt":"2025-10-16T18:54:20","guid":{"rendered":"https:\/\/brava.etc.br\/loja\/?post_type=product&#038;p=10172"},"modified":"2025-11-19T01:58:13","modified_gmt":"2025-11-19T01:58:13","slug":"20-11-25-smack-no-red-star-studios-sp","status":"publish","type":"product","link":"https:\/\/brava.etc.br\/loja\/produto\/20-11-25-smack-no-red-star-studios-sp\/","title":{"rendered":"[20.11.25] Smack no Red Star Studios \/SP"},"content":{"rendered":"<p><strong>Lenda cult do p\u00f3s-punk paulistano faz raro show com membros originais<\/strong><\/p>\r\n<p>&nbsp;<\/p>\r\n<p><img loading=\"lazy\" decoding=\"async\" class=\"alignnone wp-image-10176 size-full\" src=\"https:\/\/brava.etc.br\/loja\/wp-content\/uploads\/2025\/10\/smack.jpg\" alt=\"\" width=\"530\" height=\"484\" srcset=\"https:\/\/brava.etc.br\/loja\/wp-content\/uploads\/2025\/10\/smack.jpg 530w, https:\/\/brava.etc.br\/loja\/wp-content\/uploads\/2025\/10\/smack-300x274.jpg 300w\" sizes=\"auto, (max-width: 530px) 100vw, 530px\" \/><\/p>\r\n<p>&nbsp;<\/p>\r\n<p>O <strong>Smack<\/strong> j\u00e1 n\u00e3o conta mais com seu l\u00edder, o cantor e guitarrista Pamps, falecido em novembro de 2015, mas ainda conta com a qu\u00edmica especial entre <strong>Edgard Scandurra<\/strong> (Ira!), <strong>Sandra Coutinho<\/strong> (Mercen\u00e1rias) e Thomas Pappon (Volunt\u00e1rios da P\u00e1tria, Fellini), que convidaram o guitarrista <strong>Tadeu Dias<\/strong> (Bufo Borealis) para revisitarem o fabuloso repert\u00f3rio dos 2 \u00e1lbuns que lan\u00e7aram pela Baratos Afins na d\u00e9cada de 1980: \u2018Ao Vivo no Mosh\u2019 (1984) e \u2018Noite e Dia\u2019 (1986).<\/p>\r\n<p><!-- \/wp:post-content -->\r\n\r\n<!-- wp:paragraph --><\/p>\r\n<p>Tido por m\u00fasicos e cr\u00edticos especializados como um \u2018supergrupo\u2019 do p\u00f3s-punk paulistano, o <strong>Smack<\/strong> hoje \u00e9 uma lenda cult, uma banda do underground que poucos viram e muitos adorariam ter a chance de ver. E essa chance vir\u00e1 em novembro, quando o grupo far\u00e1 uma rara reuni\u00e3o \u2014 j\u00e1 que um dos integrantes vive h\u00e1 mais de 3 d\u00e9cadas na Europa \u2014 para um \u00fanico show em S\u00e3o Paulo.<\/p>\r\n<p>&nbsp;<\/p>\r\n<p>+informa\u00e7\u00f5es: <a href=\"http:\/\/brava.etc.br\/smack-no-red-star-studios-sp\" target=\"_blank\" rel=\"noopener\">https:\/\/brava.etc.br\/smack-no-red-star-studios-sp<\/a><\/p>","protected":false},"excerpt":{"rendered":"<p><!-- wp:paragraph --><\/p>\n<p><strong>Smack<\/strong><\/p>\n<p><strong>Sandra Coutinho<\/strong>\u00a0\u2013 baixo, voz<br \/><strong>Edgard Scandurra<\/strong>\u00a0\u2013 guitarra, voz<br \/><strong>Thomas Pappon<\/strong>\u00a0\u2013 bateria, voz<br \/><strong>Tadeu Dias<\/strong>\u00a0\u2013 guitarra<\/p>\n<p><strong>*20.11, quinta<\/strong><\/p>\n<p><strong>20h casa<\/strong><br \/><strong>21h apresenta\u00e7\u00e3o<\/strong><\/p>\n<p><strong>Red Star Studios<\/strong>\u00a0\u2013 R. Teodoro Sampaio 512, Pinheiros \/S\u00e3o Paulo<\/p>\n<p><!-- \/wp:paragraph --><\/p>\n","protected":false},"featured_media":10173,"template":"","meta":[],"product_brand":[],"product_cat":[951,1048],"product_tag":[1059,1050,1018,514,1052,1049,1053,1051],"class_list":{"0":"post-10172","1":"product","2":"type-product","3":"status-publish","4":"has-post-thumbnail","6":"product_cat-ingresso","7":"product_cat-smack","8":"product_tag-baratos-e-afins","9":"product_tag-edgard-scandurra","10":"product_tag-ingresso","11":"product_tag-pos-punk","12":"product_tag-sandra-coutinho","13":"product_tag-smack","14":"product_tag-tadeu-dias","15":"product_tag-thomas-pappon","17":"first","18":"outofstock","19":"virtual","20":"purchasable","21":"product-type-simple"},"_links":{"self":[{"href":"https:\/\/brava.etc.br\/loja\/wp-json\/wp\/v2\/product\/10172","targetHints":{"allow":["GET"]}}],"collection":[{"href":"https:\/\/brava.etc.br\/loja\/wp-json\/wp\/v2\/product"}],"about":[{"href":"https:\/\/brava.etc.br\/loja\/wp-json\/wp\/v2\/types\/product"}],"wp:featuredmedia":[{"embeddable":true,"href":"https:\/\/brava.etc.br\/loja\/wp-json\/wp\/v2\/media\/10173"}],"wp:attachment":[{"href":"https:\/\/brava.etc.br\/loja\/wp-json\/wp\/v2\/media?parent=10172"}],"wp:term":[{"taxonomy":"product_brand","embeddable":true,"href":"https:\/\/brava.etc.br\/loja\/wp-json\/wp\/v2\/product_brand?post=10172"},{"taxonomy":"product_cat","embeddable":true,"href":"https:\/\/brava.etc.br\/loja\/wp-json\/wp\/v2\/product_cat?post=10172"},{"taxonomy":"product_tag","embeddable":true,"href":"https:\/\/brava.etc.br\/loja\/wp-json\/wp\/v2\/product_tag?post=10172"}],"curies":[{"name":"wp","href":"https:\/\/api.w.org\/{rel}","templated":true}]}}