{"id":10207,"date":"2025-10-23T16:00:51","date_gmt":"2025-10-23T16:00:51","guid":{"rendered":"https:\/\/brava.etc.br\/loja\/?post_type=product&#038;p=10207"},"modified":"2025-10-28T13:26:01","modified_gmt":"2025-10-28T13:26:01","slug":"27-10-25-ishmael-ali-flavio-lazzarin-e-mabu-reis-no-mitra-sp","status":"publish","type":"product","link":"https:\/\/brava.etc.br\/loja\/produto\/27-10-25-ishmael-ali-flavio-lazzarin-e-mabu-reis-no-mitra-sp\/","title":{"rendered":"[27.10.25] Ishmael Ali, Fl\u00e1vio Lazzarin e Mabu Reis no Mitra \/SP"},"content":{"rendered":"\r\n<p><strong>Ishmael Ali<\/strong> \u00e9 um violoncelista din\u00e2mico, guitarrista, improvisador e compositor baseado em Chicago \/EUA. Seu trabalho se concentra em explorar o som atrav\u00e9s da improvisa\u00e7\u00e3o, experimenta\u00e7\u00e3o, composi\u00e7\u00e3o e colabora\u00e7\u00e3o, com foco em uma ampla gama de abordagens idiom\u00e1ticas em uma lista de projetos em constante mudan\u00e7a, sempre crescente, fundamentada por diversas influ\u00eancias.<\/p>\r\n\r\n\r\n\r\n<p>Embora variando drasticamente, um ponto comum em seu trabalho \u00e9 a justaposi\u00e7\u00e3o de elementos aparentemente d\u00edspares para criar algo novo: tanto estranho quanto familiar.<\/p>\r\n\r\n\r\n\r\n<p>Ishmael \u00e9 l\u00edder ou co-l\u00edder de uma infinidade de projetos de trabalho, incluindo Hearsay, Ensemble Ziraph e Akjai. Tamb\u00e9m se apresentou ou gravou com Kahil El Zabar and the Ethnic Heritage Ensemble, Avreeayl Ra, Josh Berman, Jim Baker, Fred Jackson, Ed Wilkerson, Angel Bat Dawid, Jason Stein e muitos outros.<\/p>\r\n\r\n\r\n\r\n<p>Al\u00e9m de se apresentar, Ali \u00e9 co-curador da Thursday night Improvised Music Series no Elastic Arts, co-fundador e engenheiro de \u00e1udio em Marmalade, um espa\u00e7o de grava\u00e7\u00e3o e ensaio no West Loop, e juntamente com o amigo e colaborador Bill Harris, dirige a gravadora cooperativa Amalgam Music.<\/p>\r\n\r\n\r\n\r\n<p><a href=\"https:\/\/ishmaelalimusic.bandcamp.com\" target=\"_blank\" rel=\"noreferrer noopener\">ishmaelalimusic.bandcamp.com<\/a><\/p>\r\n\r\n\r\n\r\n<p><strong>Fl\u00e1vio Lazzarin<\/strong> \u00e9 baterista ativo no cen\u00e1rio alternativo de S\u00e3o Paulo e ABC, tamb\u00e9m conhecido por seu trabalho nas bandas Giallos, Projeto Nave e Otis Trio, al\u00e9m de se apresentar em forma\u00e7\u00f5es voltadas \u00e0 improvisa\u00e7\u00e3o livre. Em seu projeto solo, que leva seu nome, conjuga a bateria com eletr\u00f4nicos, numa sonoridade lo-fi experimental ruidosa, em performances intensas e vigorosas.<\/p>\r\n\r\n\r\n\r\n<p><a href=\"https:\/\/flaviolazzarin.bandcamp.com\" target=\"_blank\" rel=\"noreferrer noopener\">flaviolazzarin.bandcamp.com<\/a><\/p>\r\n\r\n\r\n\r\n<p><strong>Mabu Reis<\/strong> \u00e9 trombonista de Mau\u00e1, com ra\u00edzes no samba e no hip-hop, membro do Giallos e do sexteto de jazz Conde Favela<\/p>\r\n\r\n\r\n\r\n<p><a href=\"https:\/\/condefavelasexteto.bandcamp.com\" target=\"_blank\" rel=\"noreferrer noopener\">condefavelasexteto.bandcamp.com<\/a><br \/><a href=\"https:\/\/giallos.bandcamp.com\" target=\"_blank\" rel=\"noreferrer noopener\">giallos.bandcamp.com<\/a><\/p>\r\n\r\n\r\n\r\n<p>&nbsp;<\/p>\r\n","protected":false},"excerpt":{"rendered":"<p><!-- wp:paragraph --><\/p>\n<p><!-- wp:paragraph --><\/p>\n<p><strong>Fl\u00e1vio Lazzarin &#8211; bateria eletrificada<br \/>Mabu Reis &#8211; trombone<br \/>Ishmael Ali (CHI) &#8211; violoncelo<\/strong><strong><br \/><\/strong><\/p>\n<p><!-- \/wp:paragraph --><\/p>\n<p><!-- wp:paragraph --><\/p>\n<p><strong>solos \/ duos \/ trios<\/strong><!-- \/wp:paragraph --><\/p>\n<p><strong>\u2022 27 de Outubro, segunda<\/strong><\/p>\n<p><strong>19h casa\/bar<\/strong> <br \/><strong>20h30 apresenta\u00e7\u00f5es<\/strong><\/p>\n<p><strong>Est\u00fadio Mitra\u00a0<\/strong>\u2013 Rua Dr. Augusto de Miranda 83, Pomp\u00e9ia \/SP <br \/>\u21e2\u00a0<a href=\"https:\/\/maps.app.goo.gl\/LVvcrHt7C2KYn6xp6\" target=\"_blank\" rel=\"noreferrer noopener\">localizar no mapa<\/a>\u00a0(8 min. a p\u00e9 da est\u00e3o CPTM \u00c1gua Branca; pr\u00f3ximo ao SESC Pomp\u00e9ia)<\/p>\n<p>venda antecipada at\u00e9 26.10 \u00e0s 17h<\/p>\n<p>+infos:<a href=\"https:\/\/brava.etc.br\/ishmael-ali-flavio-lazzarin-e-mabu-reis-no-mitra-sp\" target=\"_blank\" rel=\"noopener\"> brava.etc.br\/ishmael-ali-flavio-lazzarin-e-mabu-reis-no-mitra-sp<\/a><\/p>\n<p><!-- \/wp:paragraph --><\/p>\n<p><!-- wp:paragraph --><!-- \/wp:essential-blocks\/button --><\/p>\n","protected":false},"featured_media":10212,"template":"","meta":[],"product_brand":[],"product_cat":[939,951,1054,1055],"product_tag":[1020,630,1018,1057,1056,1058],"class_list":{"0":"post-10207","1":"product","2":"type-product","3":"status-publish","4":"has-post-thumbnail","6":"product_cat-flavio-lazzarin","7":"product_cat-ingresso","8":"product_cat-ishmael-ali","9":"product_cat-mabu-reis","10":"product_tag-flavio-lazzarin","11":"product_tag-improvisacao","12":"product_tag-ingresso","13":"product_tag-ishmael-ali","14":"product_tag-mabu-reis","15":"product_tag-mitra","17":"first","18":"outofstock","19":"virtual","20":"purchasable","21":"product-type-simple"},"_links":{"self":[{"href":"https:\/\/brava.etc.br\/loja\/wp-json\/wp\/v2\/product\/10207","targetHints":{"allow":["GET"]}}],"collection":[{"href":"https:\/\/brava.etc.br\/loja\/wp-json\/wp\/v2\/product"}],"about":[{"href":"https:\/\/brava.etc.br\/loja\/wp-json\/wp\/v2\/types\/product"}],"wp:featuredmedia":[{"embeddable":true,"href":"https:\/\/brava.etc.br\/loja\/wp-json\/wp\/v2\/media\/10212"}],"wp:attachment":[{"href":"https:\/\/brava.etc.br\/loja\/wp-json\/wp\/v2\/media?parent=10207"}],"wp:term":[{"taxonomy":"product_brand","embeddable":true,"href":"https:\/\/brava.etc.br\/loja\/wp-json\/wp\/v2\/product_brand?post=10207"},{"taxonomy":"product_cat","embeddable":true,"href":"https:\/\/brava.etc.br\/loja\/wp-json\/wp\/v2\/product_cat?post=10207"},{"taxonomy":"product_tag","embeddable":true,"href":"https:\/\/brava.etc.br\/loja\/wp-json\/wp\/v2\/product_tag?post=10207"}],"curies":[{"name":"wp","href":"https:\/\/api.w.org\/{rel}","templated":true}]}}