{"id":10288,"date":"2026-03-13T14:05:02","date_gmt":"2026-03-13T14:05:02","guid":{"rendered":"https:\/\/brava.etc.br\/loja\/?post_type=product&#038;p=10288"},"modified":"2026-03-13T15:31:57","modified_gmt":"2026-03-13T15:31:57","slug":"instituto-de-praticas-sonicas-nomades-ilicitas-certificadas-calisthenics","status":"publish","type":"product","link":"https:\/\/brava.etc.br\/loja\/produto\/instituto-de-praticas-sonicas-nomades-ilicitas-certificadas-calisthenics\/","title":{"rendered":"Instituto de Pr\u00e1ticas S\u00f4nicas N\u00f4mades Il\u00edcitas Certificadas &#8216;Calisthenics&#8217;"},"content":{"rendered":"<p><span style=\"font-weight: 400;\">Calisthenics \u00e9 o primeiro \u00e1lbum de Instituto de Pr\u00e1ticas S\u00f4nicas N\u00f4mades Il\u00edcitas Certificadas (IPSNIC), o duo de Marina Cyrino (flauta) e Matthias Koole (guitarra),<\/span><\/p>\n<p><span style=\"font-weight: 400;\">Com uma mistura de fontes sonoras eletr\u00f4nicas e ac\u00fasticas, objetos e prepara\u00e7\u00f5es, am<\/span><span style=\"font-weight: 400;\">plifica\u00e7\u00e3o interna e mesa de som retroalimentada, a dupla conduz guitarra e flauta em\u00a0<\/span><span style=\"font-weight: 400;\">dire\u00e7\u00e3o a um terreno h\u00edbrido comum. Perspectivas sonoras s\u00e3o modificadas e identidades\u00a0<\/span><span style=\"font-weight: 400;\">instrumentais s\u00e3o deslocadas. O flautim pode funcionar como gerador de ru\u00eddo e instru<\/span><span style=\"font-weight: 400;\">mento de percuss\u00e3o, e a guitarra pode soar como um p\u00e1ssaro, a flauta pode ser tocada <\/span><span style=\"font-weight: 400;\">por um bal\u00e3o que geme.<\/span><\/p>\n<p><span style=\"font-weight: 400;\">Parcialmente inspirado pelos desenhos do Handbook of Calisthenics and Gymnastics: A\u00a0<\/span><span style=\"font-weight: 400;\">Complete Drill-book with Music to Accompany the Exercises de J. Watson, publicado\u00a0<\/span><span style=\"font-weight: 400;\">pela primeira vez em 1864, IPSNIC criou uma s\u00e9rie de exerc\u00edcios musicais para se manter\u00a0<\/span><span style=\"font-weight: 400;\">saud\u00e1vel e em forma durante os v\u00e1rios isolamentos dos \u00faltimos anos. De forma l\u00fadica, o <\/span><span style=\"font-weight: 400;\">t\u00edtulo Calisthenics tamb\u00e9m traduz uma agita\u00e7\u00e3o presente em muitos dos modos de tocar\u00a0<\/span><span style=\"font-weight: 400;\">en\u00e9rgicos da dupla.<\/span><\/p>\n<p><span style=\"font-weight: 400;\">No lado A, o Calisthenics compreende 7 faixas &#8211; ou exerc\u00edcios &#8211; de diferentes comprimentos, <\/span><span style=\"font-weight: 400;\">com foco em materiais ou prepara\u00e7\u00f5es instrumentais espec\u00edficas. O Lado B consiste\u00a0<\/span><span style=\"font-weight: 400;\">em uma faixa na qual uma forma maior se desenrola, com elementos dos exerc\u00edcios\u00a0<\/span><span style=\"font-weight: 400;\">concatenados em um <\/span><i><span style=\"font-weight: 400;\">Full Arch<\/span><\/i><span style=\"font-weight: 400;\">.<\/span><\/p>\n<p><span style=\"font-weight: 400;\">O \u00e1lbum foi gravado e mixado em Berlim por Rabih Beaini e masterizado no Rio de\u00a0<\/span><span style=\"font-weight: 400;\">Janeiro por Paulo Dantas.<\/span><\/p>\n<p><span style=\"font-weight: 400;\">Sem cortes ou overdubs \/ No cuts or overdubs.<\/span><\/p>\n<p><span style=\"font-weight: 400;\">Institute for Certified Nomadic Illicit Sonic Practices \/\u00a0<\/span><span style=\"font-weight: 400;\">Instituto de Pr\u00e1ticas S\u00f4nicas N\u00f4mades Il\u00edcitas Certificadas<br \/>\n<\/span><span style=\"font-weight: 400;\">Marina Cyrino &#8211; Amplified Piccolo and Alto Flute \/ Piccolo e Flauta Alto Amplificados<br \/>\n<\/span><span style=\"font-weight: 400;\">Matthias Koole &#8211; Electric Guitar \/ Guitarra El\u00e9trica<br \/>\n<\/span><span style=\"font-weight: 400;\">Recording \/ Grava\u00e7\u00e3o:\u00a0<\/span><span style=\"font-weight: 400;\">Rabih Beaini &amp; Nene Baratto<br \/>\n<\/span><span style=\"font-weight: 400;\">Morphine Raum, Berlin<br \/>\n<\/span><span style=\"font-weight: 400;\">Mix: Rabih Beaini<br \/>\n<\/span><span style=\"font-weight: 400;\">Master: Paulo Dantas<br \/>\n<\/span><span style=\"font-weight: 400;\">Art and graphic design \/ Arte e design gr\u00e1fico: Sara Lambranho<br \/>\n<\/span><span style=\"font-weight: 400;\">Layout: Preto Matheus (SQN)<\/span><\/p>\n","protected":false},"excerpt":{"rendered":"<p>\u2022 Faixas:<\/p>\n<ol>\n<li><span style=\"font-weight: 400;\"> Pretzel Squat\u00a0\u00a0\u00a0\u00a0<\/span><\/li>\n<li><span style=\"font-weight: 400;\"> Dip\u00a0\u00a0\u00a0\u00a0<\/span><\/li>\n<li><span style=\"font-weight: 400;\"> Donkey Kick\u00a0\u00a0\u00a0\u00a0<\/span><\/li>\n<li><span style=\"font-weight: 400;\"> Fire Hydrant\u00a0\u00a0\u00a0\u00a0\u00a0<\/span><\/li>\n<li><span style=\"font-weight: 400;\"> Inchworm\u00a0\u00a0\u00a0\u00a0<\/span><\/li>\n<li><span style=\"font-weight: 400;\"> Burpee\u00a0\u00a0\u00a0\u00a0\u00a0<\/span><\/li>\n<li><span style=\"font-weight: 400;\"> Duck Walk\u00a0\u00a0\u00a0\u00a0\u00a0<\/span><\/li>\n<li><span style=\"font-weight: 400;\"> Full Arch \u00a0<\/span><\/li>\n<\/ol>\n<p>\u2022 <span style=\"font-weight: 400;\">Seminal Records<\/span> |<\/p>\n<p>\u2022 Formato: vinil 12&#8243;<\/p>\n","protected":false},"featured_media":10282,"template":"","meta":[],"product_brand":[],"product_cat":[534,1070,1069,528],"product_tag":[1061,1062,1060],"class_list":{"0":"post-10288","1":"product","2":"type-product","3":"status-publish","4":"has-post-thumbnail","6":"product_cat-bandas","7":"product_cat-instituto-de-praticas-sonicas-nomades-ilicitas-certificadas","8":"product_cat-seminal-records","9":"product_cat-vinil-12","10":"product_tag-instituto-de-praticas-sonicas-nomades-ilicitas-certificadas","11":"product_tag-marina-cyrino","12":"product_tag-matthias-koole","14":"first","15":"instock","16":"shipping-taxable","17":"purchasable","18":"product-type-simple"},"_links":{"self":[{"href":"https:\/\/brava.etc.br\/loja\/wp-json\/wp\/v2\/product\/10288","targetHints":{"allow":["GET"]}}],"collection":[{"href":"https:\/\/brava.etc.br\/loja\/wp-json\/wp\/v2\/product"}],"about":[{"href":"https:\/\/brava.etc.br\/loja\/wp-json\/wp\/v2\/types\/product"}],"wp:featuredmedia":[{"embeddable":true,"href":"https:\/\/brava.etc.br\/loja\/wp-json\/wp\/v2\/media\/10282"}],"wp:attachment":[{"href":"https:\/\/brava.etc.br\/loja\/wp-json\/wp\/v2\/media?parent=10288"}],"wp:term":[{"taxonomy":"product_brand","embeddable":true,"href":"https:\/\/brava.etc.br\/loja\/wp-json\/wp\/v2\/product_brand?post=10288"},{"taxonomy":"product_cat","embeddable":true,"href":"https:\/\/brava.etc.br\/loja\/wp-json\/wp\/v2\/product_cat?post=10288"},{"taxonomy":"product_tag","embeddable":true,"href":"https:\/\/brava.etc.br\/loja\/wp-json\/wp\/v2\/product_tag?post=10288"}],"curies":[{"name":"wp","href":"https:\/\/api.w.org\/{rel}","templated":true}]}}