{"id":10289,"date":"2026-03-13T14:54:03","date_gmt":"2026-03-13T14:54:03","guid":{"rendered":"https:\/\/brava.etc.br\/loja\/?post_type=product&#038;p=10289"},"modified":"2026-03-13T15:31:47","modified_gmt":"2026-03-13T15:31:47","slug":"hic-up-fuchsia-fever","status":"publish","type":"product","link":"https:\/\/brava.etc.br\/loja\/produto\/hic-up-fuchsia-fever\/","title":{"rendered":"Hic Up &#8216;Fuchsia Fever&#8217;"},"content":{"rendered":"<p><span style=\"font-weight: 400;\">O quarteto de impro abstrato &#8211; glitch Hic Up foi formado em Berlim em 2020 por quatro personalidades com origens e influ\u00eancias diversas, que v\u00e3o desde a improvisa\u00e7\u00e3o, o rock, o minimalismo, a m\u00fasica concreta, a m\u00fasica cl\u00e1ssica contempor\u00e2nea e o noise.<\/span><\/p>\n<p><span style=\"font-weight: 400;\">A flauta amplificada e objetos de Marina Cyrino, o baixo e eletr\u00f4nica de Tony Elieh, os toca-discos e as grava\u00e7\u00f5es de campo de JD Zazie, o no-input e a guitarra de Matthias Koole, cada membro desenvolveu uma abordagem instrumental altamente pessoal.<\/span><\/p>\n<p><span style=\"font-weight: 400;\">O \u00e1lbum de estreia do quarteto, Fuchsia Fever, \u00e9 uma grava\u00e7\u00e3o ao vivo de um concerto no Morphine Raum, em Berlim. A performance consiste em duas faixas intituladas \u201chyperpyrexia\u201d e \u201chypnopompia\u201d, que levam o ouvinte a mundos imagin\u00e1rios de paisagens instrumentais, florestas bioel\u00e9tricas, imagens est\u00e1ticas e cenas cheias de gestos instrumentais.<\/span><\/p>\n<p><span style=\"font-weight: 400;\">De\u00a0 grooves inquietantes a uma monotonia zumbidora, elementos ac\u00fasticos e eletr\u00f4nicos mudam constantemente, passando como um sonho febril. Suor supersaturado entre o sonho e a vig\u00edlia, um movimento caleidosc\u00f3pico cont\u00ednuo de sons moldados por asas de mosquito.<\/span><\/p>\n<p>&#8211;<\/p>\n<p><span style=\"font-weight: 400;\">Hic Up:<\/span><\/p>\n<p><span style=\"font-weight: 400;\">Marina Cyrino \u2013 flauta amplificada<br \/>\n<\/span><span style=\"font-weight: 400;\">Tony Elieh \u2013 baixo, eletr\u00f4nica<br \/>\n<\/span><span style=\"font-weight: 400;\">JD Zazie \u2013toca-discos, CDJs<br \/>\n<\/span><span style=\"font-weight: 400;\">Matthias Francisco Koole \u2013\u00a0 guitarra, eletr\u00f4nica<\/span><\/p>\n<p><span style=\"font-weight: 400;\">Todas as m\u00fasicas foram compostas e tocadas por Hic Up.<\/span><\/p>\n<p><span style=\"font-weight: 400;\">Gravado ao vivo por Rabih Beaini\u00a0 em Morphine Raum, Berlim, in Outubro de 2022.<br \/>\n<\/span><span style=\"font-weight: 400;\">Mixado e masterizado por Emygdio Costa no Rio de Janeiro.<br \/>\n<\/span><span style=\"font-weight: 400;\">Arte &amp; design por Mazen Kerbaj.<br \/>\n<\/span><span style=\"font-weight: 400;\">Produzido por Al Maslakh.<\/span><\/p>\n","protected":false},"excerpt":{"rendered":"<p>\u2022 Faixas:<\/p>\n<ol>\n<li><span style=\"font-weight: 400;\"> hyperpyrexia<\/span><\/li>\n<li><span style=\"font-weight: 400;\"> hypnopompia 16:42<\/span><\/li>\n<\/ol>\n<p>\u2022 <span style=\"font-weight: 400;\">MSLKH<\/span> | 2024<\/p>\n<p>\u2022 Formato: CD, envelope de papel<\/p>\n","protected":false},"featured_media":10279,"template":"","meta":[],"product_brand":[],"product_cat":[527,1063,1068],"product_tag":[1065,1062,1060,1064],"class_list":{"0":"post-10289","1":"product","2":"type-product","3":"status-publish","4":"has-post-thumbnail","6":"product_cat-cd","7":"product_cat-hic-up","8":"product_cat-mslkh","9":"product_tag-jd-zazie","10":"product_tag-marina-cyrino","11":"product_tag-matthias-koole","12":"product_tag-tony-elieh","14":"first","15":"instock","16":"shipping-taxable","17":"purchasable","18":"product-type-simple"},"_links":{"self":[{"href":"https:\/\/brava.etc.br\/loja\/wp-json\/wp\/v2\/product\/10289","targetHints":{"allow":["GET"]}}],"collection":[{"href":"https:\/\/brava.etc.br\/loja\/wp-json\/wp\/v2\/product"}],"about":[{"href":"https:\/\/brava.etc.br\/loja\/wp-json\/wp\/v2\/types\/product"}],"wp:featuredmedia":[{"embeddable":true,"href":"https:\/\/brava.etc.br\/loja\/wp-json\/wp\/v2\/media\/10279"}],"wp:attachment":[{"href":"https:\/\/brava.etc.br\/loja\/wp-json\/wp\/v2\/media?parent=10289"}],"wp:term":[{"taxonomy":"product_brand","embeddable":true,"href":"https:\/\/brava.etc.br\/loja\/wp-json\/wp\/v2\/product_brand?post=10289"},{"taxonomy":"product_cat","embeddable":true,"href":"https:\/\/brava.etc.br\/loja\/wp-json\/wp\/v2\/product_cat?post=10289"},{"taxonomy":"product_tag","embeddable":true,"href":"https:\/\/brava.etc.br\/loja\/wp-json\/wp\/v2\/product_tag?post=10289"}],"curies":[{"name":"wp","href":"https:\/\/api.w.org\/{rel}","templated":true}]}}