{"id":10290,"date":"2026-03-13T14:55:07","date_gmt":"2026-03-13T14:55:07","guid":{"rendered":"https:\/\/brava.etc.br\/loja\/?post_type=product&#038;p=10290"},"modified":"2026-03-13T15:31:03","modified_gmt":"2026-03-13T15:31:03","slug":"matthias-koole-oe-3908","status":"publish","type":"product","link":"https:\/\/brava.etc.br\/loja\/produto\/matthias-koole-oe-3908\/","title":{"rendered":"Matthias Koole &#8216;o\u00ea [39:08]&#8217;"},"content":{"rendered":"<p><span style=\"font-weight: 400;\">Quatro anos depois de [34:46], um \u00e1lbum de guitarra que fez uma retrospectiva do meu\u00a0<\/span><span style=\"font-weight: 400;\">trabalho com a guitarra el\u00e9trica, estou lan\u00e7ando o\u00ea [39:08], um \u00e1lbum com o qual inicio\u00a0<\/span><span style=\"font-weight: 400;\">um caminho de improvisa\u00e7\u00e3o no viol\u00e3o ac\u00fastico.\u00a0<\/span><\/p>\n<p><span style=\"font-weight: 400;\">Ele foi gravado em um viol\u00e3o de cordas de a\u00e7o, um viol\u00e3o &#8216;parlour&#8217; velhinho e pequeno <\/span><span style=\"font-weight: 400;\">que adquiri pouco antes da grava\u00e7\u00e3o e que agora \u00e9 um instrumento que uso bastante,\u00a0<\/span><span style=\"font-weight: 400;\">tamb\u00e9m em outros contextos.<\/span><\/p>\n<p><span style=\"font-weight: 400;\">A grava\u00e7\u00e3o foi parte do processo de conhecer esse instrumento, como ele ressoa e como\u00a0<\/span><span style=\"font-weight: 400;\">interage com minha maneira de tocar. A minha inten\u00e7\u00e3o com esse \u00e1lbum n\u00e3o \u00e9 distorcer\u00a0<\/span><span style=\"font-weight: 400;\">ou transformar o som do viol\u00e3o, mas ir ao encontro de seu material.<\/span><\/p>\n<p><span style=\"font-weight: 400;\">Os t\u00edtulos s\u00e3o refer\u00eancias a influ\u00eancias na forma de indiv\u00edduos, entidades ou objetos. <\/span><span style=\"font-weight: 400;\">Nesse \u00e1lbum, n\u00e3o uso nenhum tipo de eletr\u00f4nica, apenas alguns objetos que n\u00e3o s\u00e3o\u00a0<\/span><span style=\"font-weight: 400;\">incomuns em contextos musicias, embora por vezes serem utilizadas de forma n\u00e3o t\u00e3o\u00a0<\/span><span style=\"font-weight: 400;\">comum. Trata-se de um diapas\u00e3o, dois tipos de capotasto, um arco de violoncelo ou uma\u00a0<\/span><span style=\"font-weight: 400;\">baqueta. Talvez o objeto mais incomum para o contexto seja um bal\u00e3o em bnj-b [03.51].<\/span><\/p>\n<p><span style=\"font-weight: 400;\">O lado A consiste em 5 faixas; no lado B, parto de um ponto semelhante ao do lado A,\u00a0<\/span><span style=\"font-weight: 400;\">mas tomo uma dire\u00e7\u00e3o diferente.<\/span><\/p>\n<p><span style=\"font-weight: 400;\">Sem cortes ou sobreposi\u00e7\u00f5es.<\/span><\/p>\n<p><span style=\"font-weight: 400;\">O \u00e1lbum foi produzido pelo Labor Neunzehn e faz parte de nossa resid\u00eancia no programa\u00a0<\/span><span style=\"font-weight: 400;\">Weltoffenes Berlim do Senado de Berlim.<br \/>\n<\/span><span style=\"font-weight: 400;\">Design da capa: Valentina Besegher<br \/>\n<\/span><span style=\"font-weight: 400;\">Grava\u00e7\u00e3o: Matthias Koole<br \/>\n<\/span><span style=\"font-weight: 400;\">Mixagem: Emygdio Costa<br \/>\n<\/span><span style=\"font-weight: 400;\">Masteriza\u00e7\u00e3o: Paulo Dantas<\/span><\/p>\n","protected":false},"excerpt":{"rendered":"<p>\u2022 Faixas:<\/p>\n<ol>\n<li><span style=\"font-weight: 400;\"> a-ni [01.18]\u00a0<\/span><\/li>\n<li><span style=\"font-weight: 400;\"> bnj-b [03.51]\u00a0<\/span><\/li>\n<li><span style=\"font-weight: 400;\"> c-r [05.44]<\/span><\/li>\n<li><span style=\"font-weight: 400;\"> drs-s [03.08]\u00a0<\/span><\/li>\n<li><span style=\"font-weight: 400;\"> eu-b [04.45]<\/span><\/li>\n<li><span style=\"font-weight: 400;\"> lb-s [05.30]\u00a0<\/span><\/li>\n<li><span style=\"font-weight: 400;\"> lg-fr [04.16]\u00a0<\/span><\/li>\n<li><span style=\"font-weight: 400;\"> lh-lo [10.36]<\/span><\/li>\n<\/ol>\n<p>\u2022 <span style=\"font-weight: 400;\">OEM RECORDS<\/span> |<\/p>\n<p>\u2022 Formato: vinil 12&#8243;<\/p>\n","protected":false},"featured_media":10286,"template":"","meta":[],"product_brand":[],"product_cat":[1066,1067,528],"product_tag":[1060],"class_list":{"0":"post-10290","1":"product","2":"type-product","3":"status-publish","4":"has-post-thumbnail","6":"product_cat-matthias-koole","7":"product_cat-oem-records","8":"product_cat-vinil-12","9":"product_tag-matthias-koole","11":"first","12":"instock","13":"shipping-taxable","14":"purchasable","15":"product-type-simple"},"_links":{"self":[{"href":"https:\/\/brava.etc.br\/loja\/wp-json\/wp\/v2\/product\/10290","targetHints":{"allow":["GET"]}}],"collection":[{"href":"https:\/\/brava.etc.br\/loja\/wp-json\/wp\/v2\/product"}],"about":[{"href":"https:\/\/brava.etc.br\/loja\/wp-json\/wp\/v2\/types\/product"}],"wp:featuredmedia":[{"embeddable":true,"href":"https:\/\/brava.etc.br\/loja\/wp-json\/wp\/v2\/media\/10286"}],"wp:attachment":[{"href":"https:\/\/brava.etc.br\/loja\/wp-json\/wp\/v2\/media?parent=10290"}],"wp:term":[{"taxonomy":"product_brand","embeddable":true,"href":"https:\/\/brava.etc.br\/loja\/wp-json\/wp\/v2\/product_brand?post=10290"},{"taxonomy":"product_cat","embeddable":true,"href":"https:\/\/brava.etc.br\/loja\/wp-json\/wp\/v2\/product_cat?post=10290"},{"taxonomy":"product_tag","embeddable":true,"href":"https:\/\/brava.etc.br\/loja\/wp-json\/wp\/v2\/product_tag?post=10290"}],"curies":[{"name":"wp","href":"https:\/\/api.w.org\/{rel}","templated":true}]}}