{"id":196,"date":"2020-01-04T16:18:36","date_gmt":"2020-01-04T16:18:36","guid":{"rendered":"http:\/\/www.brava.etc.br\/?p=192"},"modified":"2024-07-05T16:04:44","modified_gmt":"2024-07-05T16:04:44","slug":"objeto-amarelo-eclusa","status":"publish","type":"product","link":"https:\/\/brava.etc.br\/loja\/produto\/objeto-amarelo-eclusa\/","title":{"rendered":"Objeto Amarelo &#038; Rob Mazurek &#8220;Eclusa&#8221; (EP 7&#8243;)"},"content":{"rendered":"<p>\u2022 Submarine Records | 2012<\/p>\n<p>\u2022 Formato: EP 7\u2033<\/p>\n<p><strong>Rob Mazurek\u00a0<\/strong>&#8211; cornet, eletr\u00f4nicos<br \/>\n<strong>Carlos Issa<\/strong>\u00a0\u2013 eletr\u00f4nicos, guitarra, FX, arte<\/p>\n<p>\u201c<strong>Eclusa<\/strong>\u201d \u00e9 o primeiro lan\u00e7amento da colabora\u00e7\u00e3o entre\u00a0<strong>Rob Mazurek<\/strong>, m\u00fasico americano (<strong>S\u00e3o Paulo Underground, Chicago Underground, Exploding Star Orchestra<\/strong>) e\u00a0<strong>Carlos Issa<\/strong>, m\u00fasico e artista visual paulistano, que desenvolve som e m\u00fasica com o\u00a0<strong>Objeto Amarelo<\/strong>.<\/p>\n<p>O EP em edi\u00e7\u00e3o limitada, lan\u00e7ado pela\u00a0<strong>Submarine Records<\/strong>, \u00e9 um registro das apresenta\u00e7\u00f5es e performances feitas em S\u00e3o Paulo.<\/p>\n<p>Os shows aconteceram no Centro Cultural S\u00e3o Paulo, dentro da exposi\u00e7\u00e3o \u201c<em>Sinais de Fuma\u00e7a<\/em>\u201c, e tamb\u00e9m no extinto CCPC, a convite da banda argentina\u00a0<strong>Tilda Flippers<\/strong>.<\/p>\n<p>Em \u201c<strong>Eclusa<\/strong>\u201c, o registro dos shows foi desconstru\u00eddo. O disco trabalha blocos sonoros que se espalham por todas as grava\u00e7\u00f5es e arquivos das performances, e o material bruto funcionou como um banco de sons.<\/p>\n<p>O registro das apresenta\u00e7\u00f5es n\u00e3o deixou de existir totalmente, mas a categoria de disco \u201cao vivo\u201d mudou de figura e se tornou uma colagem panor\u00e2mica da colabora\u00e7\u00e3o, que ocupa os dois lados do sete polegadas. Trechos de ensaios tamb\u00e9m entraram no jogo.<\/p>\n<p>Essa manobra teve efeitos bem vindos: ganhou forma uma nova composi\u00e7\u00e3o, e diluimos a nostalgia do disco ao vivo. \u201c<strong>Eclusa<\/strong>\u201d transforma a foto do objeto no pr\u00f3prio objeto.<\/p>\n","protected":false},"excerpt":{"rendered":"<p>\u2022 Submarine Records | 2012 \u2022 Formato: EP 7\u2033 Rob Mazurek\u00a0&#8211; cornet, eletr\u00f4nicos Carlos Issa\u00a0\u2013 eletr\u00f4nicos, guitarra, FX, arte \u201cEclusa\u201d&#8230;<\/p>\n","protected":false},"featured_media":388,"template":"","meta":[],"product_brand":[],"product_cat":[530,582,574,581,550],"product_tag":[578,576,544,561,577,575,511],"class_list":{"0":"post-196","1":"product","2":"type-product","3":"status-publish","4":"has-post-thumbnail","6":"product_cat-ep-7","7":"product_cat-objeto-amarelo","8":"product_cat-rob-mazurek-e-objeto-amarelo","9":"product_cat-rob-mazurek","10":"product_cat-submarine-recs","11":"product_tag-art-rock","12":"product_tag-carlos-issa","13":"product_tag-eua","14":"product_tag-experimental","15":"product_tag-musica-abstrata","16":"product_tag-rob-mazurek","17":"product_tag-sao-paulo","19":"first","20":"instock","21":"shipping-taxable","22":"purchasable","23":"product-type-simple"},"_links":{"self":[{"href":"https:\/\/brava.etc.br\/loja\/wp-json\/wp\/v2\/product\/196","targetHints":{"allow":["GET"]}}],"collection":[{"href":"https:\/\/brava.etc.br\/loja\/wp-json\/wp\/v2\/product"}],"about":[{"href":"https:\/\/brava.etc.br\/loja\/wp-json\/wp\/v2\/types\/product"}],"wp:featuredmedia":[{"embeddable":true,"href":"https:\/\/brava.etc.br\/loja\/wp-json\/wp\/v2\/media\/388"}],"wp:attachment":[{"href":"https:\/\/brava.etc.br\/loja\/wp-json\/wp\/v2\/media?parent=196"}],"wp:term":[{"taxonomy":"product_brand","embeddable":true,"href":"https:\/\/brava.etc.br\/loja\/wp-json\/wp\/v2\/product_brand?post=196"},{"taxonomy":"product_cat","embeddable":true,"href":"https:\/\/brava.etc.br\/loja\/wp-json\/wp\/v2\/product_cat?post=196"},{"taxonomy":"product_tag","embeddable":true,"href":"https:\/\/brava.etc.br\/loja\/wp-json\/wp\/v2\/product_tag?post=196"}],"curies":[{"name":"wp","href":"https:\/\/api.w.org\/{rel}","templated":true}]}}