{"id":2546,"date":"2020-02-28T14:52:54","date_gmt":"2020-02-28T14:52:54","guid":{"rendered":"http:\/\/www.brava.etc.br\/loja\/?post_type=product&#038;p=2546"},"modified":"2023-09-09T12:25:19","modified_gmt":"2023-09-09T12:25:19","slug":"test-especies-cd","status":"publish","type":"product","link":"https:\/\/brava.etc.br\/loja\/produto\/test-especies-cd\/","title":{"rendered":"Test &#8220;Esp\u00e9cies&#8221; (CD)"},"content":{"rendered":"<p>\u2022\u00a0<strong>Faixas:<\/strong><br \/>\n1. Ningu\u00e9m \u00e9 Ningu\u00e9m (letra &#8211; James Facada)<br \/>\n2. Mundo Feroz (letra &#8211; Kiko Dinucci, voz &#8211; Thiago Nascimento)<br \/>\n3. Nasceu o Assassino (letra &#8211; Marcelo Apezzato)<br \/>\n4. Encarando a Morte (composi\u00e7\u00e3o &#8211; Innsyter)<br \/>\n5. Podre Solid\u00e3o (letra &#8211; Emmanuel Galv\u00e3o, Djemb\u00ea + Talking Drum &#8211; R\u00f4mulo Nardes)<br \/>\n6. As Vozes dos Tolos (letra &#8211; Fernando Catatau)<br \/>\n7. Esp\u00e9cies (letra &#8211; Yuri Naufel)<br \/>\n8. ROD\u00cdZIO DE MONSTRO (letra &#8211; Marcelo Apezzato, eletr\u00f4nicos &#8211; Innsyter)<br \/>\n9. Lado B (composi\u00e7\u00e3o &#8211; Innsyter)<br \/>\n10. Teste do Error (letra &#8211; Jo\u00e3o Gordo, mixagem &#8211; M. Takara)<br \/>\n11. O M\u00e1rtir, O Estopim (letra &#8211; Jair Naves)<br \/>\n12. Enterro- (letra &#8211; Carlos Ferrigno)<br \/>\n13. Filho de Caim (letra &#8211; James Facada, mixagem &#8211; Carlos Issa)<br \/>\n14. Auto execu\u00e7\u00e3o (letra &#8211; Tom\u00e1s Moreira, Djemb\u00ea &#8211; R\u00f4mulo Nardes, eletr\u00f4nicos &#8211; Innsyter)<\/p>\n<p>\u2022 255 Records | 2015<\/p>\n<p>\u2022 Formato: CD, envelope de papel<\/p>\n<p><strong>Jo\u00e3o Kombi<\/strong> &#8211; voz, guitarra<br \/>\n<strong>Barata<\/strong> &#8211; bateria<\/p>\n<p>2o \u00e1lbum <em>full-lengh<\/em> do duo. Conta com participa\u00e7\u00f5es de artistas locais de diversos estilos musicais.<\/p>\n<p>Produzido por Jo\u00e3o Kombi e Bernardo Pacheco.<br \/>\nMasterizado por Bernardo Pacheco na Fuego Digital.<br \/>\nArte por Murilo Pomer.<\/p>\n<p>Resenha &#8211; <a href=\"https:\/\/www.vice.com\/pt_br\/article\/rgq7d3\/novo-album-do-test-especies-streaming\" target=\"_blank\" rel=\"noopener noreferrer\">https:\/\/www.vice.com\/pt_br\/article\/rgq7d3\/novo-album-do-test-especies-streaming<\/a><\/p>\n","protected":false},"excerpt":{"rendered":"<p>\u2022\u00a0Faixas: 1. Ningu\u00e9m \u00e9 Ningu\u00e9m (letra &#8211; James Facada) 2. Mundo Feroz (letra &#8211; Kiko Dinucci, voz &#8211; Thiago Nascimento)&#8230;<\/p>\n","protected":false},"featured_media":2547,"template":"","meta":[],"product_brand":[],"product_cat":[590,527,583],"product_tag":[585,588,589,586,587,584,511],"class_list":{"0":"post-2546","1":"product","2":"type-product","3":"status-publish","4":"has-post-thumbnail","6":"product_cat-255-recs","7":"product_cat-cd","8":"product_cat-test","9":"product_tag-barata","10":"product_tag-death","11":"product_tag-diy","12":"product_tag-extremo","13":"product_tag-grind","14":"product_tag-joao-kombi","15":"product_tag-sao-paulo","17":"first","18":"outofstock","19":"shipping-taxable","20":"purchasable","21":"product-type-simple"},"_links":{"self":[{"href":"https:\/\/brava.etc.br\/loja\/wp-json\/wp\/v2\/product\/2546","targetHints":{"allow":["GET"]}}],"collection":[{"href":"https:\/\/brava.etc.br\/loja\/wp-json\/wp\/v2\/product"}],"about":[{"href":"https:\/\/brava.etc.br\/loja\/wp-json\/wp\/v2\/types\/product"}],"wp:featuredmedia":[{"embeddable":true,"href":"https:\/\/brava.etc.br\/loja\/wp-json\/wp\/v2\/media\/2547"}],"wp:attachment":[{"href":"https:\/\/brava.etc.br\/loja\/wp-json\/wp\/v2\/media?parent=2546"}],"wp:term":[{"taxonomy":"product_brand","embeddable":true,"href":"https:\/\/brava.etc.br\/loja\/wp-json\/wp\/v2\/product_brand?post=2546"},{"taxonomy":"product_cat","embeddable":true,"href":"https:\/\/brava.etc.br\/loja\/wp-json\/wp\/v2\/product_cat?post=2546"},{"taxonomy":"product_tag","embeddable":true,"href":"https:\/\/brava.etc.br\/loja\/wp-json\/wp\/v2\/product_tag?post=2546"}],"curies":[{"name":"wp","href":"https:\/\/api.w.org\/{rel}","templated":true}]}}