{"id":2581,"date":"2019-09-18T18:05:53","date_gmt":"2019-09-18T18:05:53","guid":{"rendered":"http:\/\/www.brava.etc.br\/loja\/?post_type=product&#038;p=2581"},"modified":"2019-12-19T19:26:41","modified_gmt":"2019-12-19T19:26:41","slug":"dave-phillips-isbwmec%e2%80%8b-%e2%80%8bikgnsvfwikm-flexi","status":"publish","type":"product","link":"https:\/\/brava.etc.br\/loja\/produto\/dave-phillips-isbwmec%e2%80%8b-%e2%80%8bikgnsvfwikm-flexi\/","title":{"rendered":"Dave Phillips \u201cisbwmec\u200b\/\u200bikgnsvfwikm\u201d (Flexi)"},"content":{"rendered":"<p>\u2022 Faixas:<br \/>\n1. i see better with my eyes closed \/ ich kann gar nicht so viel fressen wie ich kotzen m\u00f6chte<\/p>\n<p>\u2022 Absurd Records \/ Estranhas Ocupa\u00e7\u00f5es | 2014<\/p>\n<p>\u2022 Formato: flexi vinil vermelho 7&#8243;, 45 rpm, 1 lado gravado<\/p>\n<p><strong>Dave Phillips<\/strong> &#8211;  eletr\u00f4nicos, grava\u00e7\u00e3o de campo, rituais s\u00f4nicos, voz, corpo<\/p>\n<p>Trechos de grava\u00e7\u00f5es ao vivo feitas em &#8216;Extreme rituals: a schimpfluch carnival&#8217;, em Bristol, 2012, com vozes de Emma Weatherup, Vicky Langan, Kelly-Ann Jervis e Damaris.<br \/>\nPrensagem de 274 unidades numeradas \u00e0 m\u00e3o.<br \/>\nArte por Lahell.<\/p>\n<p><iframe style=\"border: 0; width: 100%; height: 42px;\" src=\"https:\/\/bandcamp.com\/EmbeddedPlayer\/album=2750453905\/size=small\/bgcol=ffffff\/linkcol=de270f\/transparent=true\/\" seamless><a href=\"http:\/\/dave-phillips.bandcamp.com\/album\/isbwmec-ikgnsvfwikm\">isbwmec\/ikgnsvfwikm by dave phillips<\/a><\/iframe><\/p>\n","protected":false},"excerpt":{"rendered":"<p>\u2022 Faixas: 1. i see better with my eyes closed \/ ich kann gar nicht so viel fressen wie ich&#8230;<\/p>\n","protected":false},"featured_media":2583,"template":"","meta":[],"product_brand":[],"product_cat":[602,599,601,600],"product_tag":[640,641,622],"class_list":{"0":"post-2581","1":"product","2":"type-product","3":"status-publish","4":"has-post-thumbnail","6":"product_cat-absurd-recs","7":"product_cat-dave-phillips","8":"product_cat-estranhas-ocupacoes","9":"product_cat-flexi","10":"product_tag-dave-phillips","11":"product_tag-experimetal","12":"product_tag-noise","14":"first","15":"outofstock","16":"shipping-taxable","17":"purchasable","18":"product-type-simple"},"_links":{"self":[{"href":"https:\/\/brava.etc.br\/loja\/wp-json\/wp\/v2\/product\/2581","targetHints":{"allow":["GET"]}}],"collection":[{"href":"https:\/\/brava.etc.br\/loja\/wp-json\/wp\/v2\/product"}],"about":[{"href":"https:\/\/brava.etc.br\/loja\/wp-json\/wp\/v2\/types\/product"}],"wp:featuredmedia":[{"embeddable":true,"href":"https:\/\/brava.etc.br\/loja\/wp-json\/wp\/v2\/media\/2583"}],"wp:attachment":[{"href":"https:\/\/brava.etc.br\/loja\/wp-json\/wp\/v2\/media?parent=2581"}],"wp:term":[{"taxonomy":"product_brand","embeddable":true,"href":"https:\/\/brava.etc.br\/loja\/wp-json\/wp\/v2\/product_brand?post=2581"},{"taxonomy":"product_cat","embeddable":true,"href":"https:\/\/brava.etc.br\/loja\/wp-json\/wp\/v2\/product_cat?post=2581"},{"taxonomy":"product_tag","embeddable":true,"href":"https:\/\/brava.etc.br\/loja\/wp-json\/wp\/v2\/product_tag?post=2581"}],"curies":[{"name":"wp","href":"https:\/\/api.w.org\/{rel}","templated":true}]}}