{"id":2589,"date":"2019-09-18T20:05:37","date_gmt":"2019-09-18T20:05:37","guid":{"rendered":"http:\/\/www.brava.etc.br\/loja\/?post_type=product&#038;p=2589"},"modified":"2024-03-22T22:17:41","modified_gmt":"2024-03-22T22:17:41","slug":"bob-bert-presents-the-worst-poetry-of-1986-1993-cd","status":"publish","type":"product","link":"https:\/\/brava.etc.br\/loja\/produto\/bob-bert-presents-the-worst-poetry-of-1986-1993-cd\/","title":{"rendered":"Bob Bert presents: The Worst Poetry of 1986-1993 (CD)"},"content":{"rendered":"<p>\u2022 Faixas:<br \/>\n1. Neon Angel<br \/>\n2. Sky Skag<br \/>\n3. 409<br \/>\n4. Junket&#8217;s Theme<br \/>\n5. No. 1<br \/>\n6. I Dunno What To Do<br \/>\n7. Orange Owsley<br \/>\n8. Hey White Homey<br \/>\n9. Drain<br \/>\n10. Making Out With Satan<br \/>\n11. Swamp Shoot<br \/>\n12. Chocolate Frenzy<\/p>\n<p>\u2022 B.B Gun | 2006<\/p>\n<p>\u2022 Formato: CD, digipack<\/p>\n<p>*Produto importado<\/p>\n<p>Bewitched foi criado pelo baterista Bob Bert (Sonic Youth, Pussy Galore, Lydia Lunch Retrovirus) em 1986, a principio como um trabalho solo, posteriormente incorporando contribui\u00e7\u00f5es de outros m\u00fasicos. Este CD re\u00fane seus singles e demos.<\/p>\n<p>Entrevista com Bob Bert sobre este lan\u00e7amento (ingl\u00eas): <a href=\"http:\/\/www.newyorknighttrain.com\/2007\/06\/13\/noise-legend-bob-bert-discusses-the-worst-poetry\/\" target=\"_blank\" rel=\"noopener noreferrer\">www.newyorknighttrain.com\/2007\/06\/13\/noise-legend-bob-bert-discusses-the-worst-poetry<\/a><\/p>\n<p><iframe loading=\"lazy\" src=\"https:\/\/www.youtube.com\/embed\/5y9pjDjipbk\" width=\"560\" height=\"315\" frameborder=\"0\" allowfullscreen=\"allowfullscreen\"><\/iframe><\/p>\n","protected":false},"excerpt":{"rendered":"<p>\u2022 Faixas: 1. Neon Angel 2. Sky Skag 3. 409 4. Junket&#8217;s Theme 5. No. 1 6. I Dunno What&#8230;<\/p>\n","protected":false},"featured_media":2590,"template":"","meta":[],"product_brand":[],"product_cat":[604,609,603,527],"product_tag":[542,544,728,726,513,727],"class_list":{"0":"post-2589","1":"product","2":"type-product","3":"status-publish","4":"has-post-thumbnail","6":"product_cat-b-b-gun","7":"product_cat-bewitched","8":"product_cat-bob-bert","9":"product_cat-cd","10":"product_tag-bob-bert","11":"product_tag-eua","12":"product_tag-lunch-retrovirus","13":"product_tag-pussy-galore","14":"product_tag-rock","15":"product_tag-sonic-youth","17":"first","18":"instock","19":"shipping-taxable","20":"purchasable","21":"product-type-simple"},"_links":{"self":[{"href":"https:\/\/brava.etc.br\/loja\/wp-json\/wp\/v2\/product\/2589","targetHints":{"allow":["GET"]}}],"collection":[{"href":"https:\/\/brava.etc.br\/loja\/wp-json\/wp\/v2\/product"}],"about":[{"href":"https:\/\/brava.etc.br\/loja\/wp-json\/wp\/v2\/types\/product"}],"wp:featuredmedia":[{"embeddable":true,"href":"https:\/\/brava.etc.br\/loja\/wp-json\/wp\/v2\/media\/2590"}],"wp:attachment":[{"href":"https:\/\/brava.etc.br\/loja\/wp-json\/wp\/v2\/media?parent=2589"}],"wp:term":[{"taxonomy":"product_brand","embeddable":true,"href":"https:\/\/brava.etc.br\/loja\/wp-json\/wp\/v2\/product_brand?post=2589"},{"taxonomy":"product_cat","embeddable":true,"href":"https:\/\/brava.etc.br\/loja\/wp-json\/wp\/v2\/product_cat?post=2589"},{"taxonomy":"product_tag","embeddable":true,"href":"https:\/\/brava.etc.br\/loja\/wp-json\/wp\/v2\/product_tag?post=2589"}],"curies":[{"name":"wp","href":"https:\/\/api.w.org\/{rel}","templated":true}]}}