{"id":2601,"date":"2019-09-20T16:16:42","date_gmt":"2019-09-20T16:16:42","guid":{"rendered":"http:\/\/www.brava.etc.br\/loja\/?post_type=product&#038;p=2601"},"modified":"2021-01-14T11:47:20","modified_gmt":"2021-01-14T11:47:20","slug":"alan-courtis-greatest-hits-cd","status":"publish","type":"product","link":"https:\/\/brava.etc.br\/loja\/produto\/alan-courtis-greatest-hits-cd\/","title":{"rendered":"Alan Courtis &#8220;Greatest Hits&#8221; (CD)"},"content":{"rendered":"<p>\u2022 Lonely Whistle (EUA)<\/p>\n<p>\u2022 Formato: CD-R, envelope<\/p>\n<p>*Produto importado<\/p>\n<p><strong>Alan Courtis<\/strong> \u2013 composi\u00e7\u00e3o, guitarra, ru\u00eddos<\/p>\n","protected":false},"excerpt":{"rendered":"<p>\u2022 Lonely Whistle (EUA) \u2022 Formato: CD-R, envelope *Produto importado Alan Courtis \u2013 composi\u00e7\u00e3o, guitarra, ru\u00eddos<\/p>\n","protected":false},"featured_media":2602,"template":"","meta":[],"product_brand":[],"product_cat":[610,527,631],"product_tag":[618,561],"class_list":{"0":"post-2601","1":"product","2":"type-product","3":"status-publish","4":"has-post-thumbnail","6":"product_cat-alan-courtis","7":"product_cat-cd","8":"product_cat-lonely-whistle","9":"product_tag-eletronico","10":"product_tag-experimental","12":"first","13":"outofstock","14":"shipping-taxable","15":"purchasable","16":"product-type-simple"},"_links":{"self":[{"href":"https:\/\/brava.etc.br\/loja\/wp-json\/wp\/v2\/product\/2601","targetHints":{"allow":["GET"]}}],"collection":[{"href":"https:\/\/brava.etc.br\/loja\/wp-json\/wp\/v2\/product"}],"about":[{"href":"https:\/\/brava.etc.br\/loja\/wp-json\/wp\/v2\/types\/product"}],"wp:featuredmedia":[{"embeddable":true,"href":"https:\/\/brava.etc.br\/loja\/wp-json\/wp\/v2\/media\/2602"}],"wp:attachment":[{"href":"https:\/\/brava.etc.br\/loja\/wp-json\/wp\/v2\/media?parent=2601"}],"wp:term":[{"taxonomy":"product_brand","embeddable":true,"href":"https:\/\/brava.etc.br\/loja\/wp-json\/wp\/v2\/product_brand?post=2601"},{"taxonomy":"product_cat","embeddable":true,"href":"https:\/\/brava.etc.br\/loja\/wp-json\/wp\/v2\/product_cat?post=2601"},{"taxonomy":"product_tag","embeddable":true,"href":"https:\/\/brava.etc.br\/loja\/wp-json\/wp\/v2\/product_tag?post=2601"}],"curies":[{"name":"wp","href":"https:\/\/api.w.org\/{rel}","templated":true}]}}