{"id":2751,"date":"2020-01-08T00:02:23","date_gmt":"2020-01-08T00:02:23","guid":{"rendered":"http:\/\/www.brava.etc.br\/loja\/?post_type=product&#038;p=2751"},"modified":"2026-03-12T19:38:29","modified_gmt":"2026-03-12T19:38:29","slug":"auto-crossfire","status":"publish","type":"product","link":"https:\/\/brava.etc.br\/loja\/produto\/auto-crossfire\/","title":{"rendered":"Auto &#8220;Crossfire&#8221;"},"content":{"rendered":"<p>\u2022\u00a0<strong>Faixas:<\/strong><br \/>\n1. Naked<br \/>\n2. Feast<br \/>\n3. My Crime<br \/>\n4. The Woods<br \/>\n5. Crossfire<\/p>\n<p>\u2022 Submarine Records | 2014<\/p>\n<p>\u2022 Formato: vinil 12\u2033<\/p>\n<p>\u2022 Ficha t\u00e9cnica:<br \/>\nCarlos Issa<br \/>\nJonathan Gall<br \/>\nMarcilio Silva<br \/>\nAlexandre Amaral<br \/>\nMarcelo Fusco<\/p>\n<p>GRAVA\u00c7\u00c3O<br \/>\nBernardo Pacheco &#8211; Est\u00fadio F\u00e1brica de Sonhos, S\u00e3o Paulo<\/p>\n<p>MIXAGEM<br \/>\nBernardo Pacheco<br \/>\nCarlos Issa<\/p>\n<p>MASTERIZA\u00c7\u00c3O<br \/>\nFernando Seixlack<\/p>\n<p><iframe style=\"border: 0; width: 100%; height: 42px;\" src=\"https:\/\/bandcamp.com\/EmbeddedPlayer\/album=3704539965\/size=small\/bgcol=ffffff\/linkcol=de270f\/transparent=true\/\" seamless=\"\"><\/iframe><\/p>\n","protected":false},"excerpt":{"rendered":"<p>\u2022\u00a0Faixas: 1. Naked 2. Feast 3. My Crime 4. The Woods 5. Crossfire \u2022 Submarine Records | 2014 \u2022 Formato:&#8230;<\/p>\n","protected":false},"featured_media":2752,"template":"","meta":[],"product_brand":[],"product_cat":[648,550,528],"product_tag":[510,576,561,649,650,509,514,513],"class_list":{"0":"post-2751","1":"product","2":"type-product","3":"status-publish","4":"has-post-thumbnail","6":"product_cat-auto","7":"product_cat-submarine-recs","8":"product_cat-vinil-12","9":"product_tag-ale-amaral","10":"product_tag-carlos-issa","11":"product_tag-experimental","12":"product_tag-jonathan-gall","13":"product_tag-marcelo-fusco","14":"product_tag-marcilio-silva","15":"product_tag-pos-punk","16":"product_tag-rock","18":"first","19":"instock","20":"shipping-taxable","21":"purchasable","22":"product-type-simple"},"_links":{"self":[{"href":"https:\/\/brava.etc.br\/loja\/wp-json\/wp\/v2\/product\/2751","targetHints":{"allow":["GET"]}}],"collection":[{"href":"https:\/\/brava.etc.br\/loja\/wp-json\/wp\/v2\/product"}],"about":[{"href":"https:\/\/brava.etc.br\/loja\/wp-json\/wp\/v2\/types\/product"}],"wp:featuredmedia":[{"embeddable":true,"href":"https:\/\/brava.etc.br\/loja\/wp-json\/wp\/v2\/media\/2752"}],"wp:attachment":[{"href":"https:\/\/brava.etc.br\/loja\/wp-json\/wp\/v2\/media?parent=2751"}],"wp:term":[{"taxonomy":"product_brand","embeddable":true,"href":"https:\/\/brava.etc.br\/loja\/wp-json\/wp\/v2\/product_brand?post=2751"},{"taxonomy":"product_cat","embeddable":true,"href":"https:\/\/brava.etc.br\/loja\/wp-json\/wp\/v2\/product_cat?post=2751"},{"taxonomy":"product_tag","embeddable":true,"href":"https:\/\/brava.etc.br\/loja\/wp-json\/wp\/v2\/product_tag?post=2751"}],"curies":[{"name":"wp","href":"https:\/\/api.w.org\/{rel}","templated":true}]}}