{"id":2770,"date":"2020-02-28T17:36:13","date_gmt":"2020-02-28T17:36:13","guid":{"rendered":"http:\/\/www.brava.etc.br\/loja\/?post_type=product&#038;p=2770"},"modified":"2024-02-28T01:43:55","modified_gmt":"2024-02-28T01:43:55","slug":"test-o-jogo-humano","status":"publish","type":"product","link":"https:\/\/brava.etc.br\/loja\/produto\/test-o-jogo-humano\/","title":{"rendered":"Test &#8220;O Jogo Humano&#8221;"},"content":{"rendered":"<p>\u2022 Faixas:<br \/>\nLado A<br \/>\n1. Cai A Pir\u00e2mide Da Mentira<br \/>\n2. O \u00d3dio Puro<br \/>\n3. Fumo Que Foi Infinito<br \/>\n4. Invis\u00edvel<br \/>\n5. Era Dente Muito Sujo<br \/>\n6. Jogo Metade Humano<br \/>\n7. Fogo Confidencial<br \/>\nLado B<br \/>\n1. Cuidado, Voc\u00ea N\u00e3o Entendeu Nada N\u00e9?<br \/>\n2. Ironia Na Natureza<br \/>\n3. Imagem Imune<br \/>\n4. Para Ideia Quente<br \/>\n5. De Sa\u00edda Do Tudo<br \/>\n6. Ningu\u00e9m Ser\u00e1 C\u00f3digo<br \/>\n7. Eu Sei<br \/>\n8. Uma Coincidencia Aconteceu<br \/>\n9. Fica Rua Com Vento<br \/>\n10. Noite<\/p>\n<p>\u2022 All Music Matters | 2020<\/p>\n<p>\u2022 Formato: Vinil 12&#8243; com encarte<\/p>\n<p>Jo\u00e3o Kombi \u2013 voz, guitarra<br \/>\nBarata \u2013 bateria<\/p>\n<p>Arte por Carolina Scagliusi, design e arte final por Rodrigo Ch\u00e3.<\/p>\n","protected":false},"excerpt":{"rendered":"<p>\u2022 Faixas: Lado A 1. Cai A Pir\u00e2mide Da Mentira 2. O \u00d3dio Puro 3. Fumo Que Foi Infinito 4&#8230;.<\/p>\n","protected":false},"featured_media":2773,"template":"","meta":[],"product_brand":[],"product_cat":[657,583,528],"product_tag":[585,588,589,586,587,584,658,511],"class_list":{"0":"post-2770","1":"product","2":"type-product","3":"status-publish","4":"has-post-thumbnail","6":"product_cat-all-music-matters","7":"product_cat-test","8":"product_cat-vinil-12","9":"product_tag-barata","10":"product_tag-death","11":"product_tag-diy","12":"product_tag-extremo","13":"product_tag-grind","14":"product_tag-joao-kombi","15":"product_tag-metal","16":"product_tag-sao-paulo","18":"first","19":"outofstock","20":"shipping-taxable","21":"purchasable","22":"product-type-simple"},"_links":{"self":[{"href":"https:\/\/brava.etc.br\/loja\/wp-json\/wp\/v2\/product\/2770","targetHints":{"allow":["GET"]}}],"collection":[{"href":"https:\/\/brava.etc.br\/loja\/wp-json\/wp\/v2\/product"}],"about":[{"href":"https:\/\/brava.etc.br\/loja\/wp-json\/wp\/v2\/types\/product"}],"wp:featuredmedia":[{"embeddable":true,"href":"https:\/\/brava.etc.br\/loja\/wp-json\/wp\/v2\/media\/2773"}],"wp:attachment":[{"href":"https:\/\/brava.etc.br\/loja\/wp-json\/wp\/v2\/media?parent=2770"}],"wp:term":[{"taxonomy":"product_brand","embeddable":true,"href":"https:\/\/brava.etc.br\/loja\/wp-json\/wp\/v2\/product_brand?post=2770"},{"taxonomy":"product_cat","embeddable":true,"href":"https:\/\/brava.etc.br\/loja\/wp-json\/wp\/v2\/product_cat?post=2770"},{"taxonomy":"product_tag","embeddable":true,"href":"https:\/\/brava.etc.br\/loja\/wp-json\/wp\/v2\/product_tag?post=2770"}],"curies":[{"name":"wp","href":"https:\/\/api.w.org\/{rel}","templated":true}]}}