{"id":2775,"date":"2020-03-03T14:02:40","date_gmt":"2020-03-03T14:02:40","guid":{"rendered":"http:\/\/www.brava.etc.br\/loja\/?post_type=product&#038;p=2775"},"modified":"2022-10-28T23:00:22","modified_gmt":"2022-10-28T23:00:22","slug":"ratos-de-porao-onisciente-coletivo","status":"publish","type":"product","link":"https:\/\/brava.etc.br\/loja\/produto\/ratos-de-porao-onisciente-coletivo\/","title":{"rendered":"Ratos de Por\u00e3o &#8220;Onisciente Coletivo&#8221;"},"content":{"rendered":"<p>\u2022 Faixas:<br \/>\nLado A<br \/>\n1 Terror Declarado<br \/>\n2 Engrenagem<br \/>\n3 Playbaloser<br \/>\n4 Pr\u00f3ximo Alvo<br \/>\n5 O Sistema Me Engoliu<br \/>\n6 Medo<br \/>\n7 Fragments Of Conquest<br \/>\nLado B<br \/>\n1 Vai Ficar Preto<br \/>\n2 Conspira\u00e7\u00e3o Subliminar<br \/>\n3 Rabia Social<br \/>\n4 Necrochorume<br \/>\n5 Problem\u00e3o<br \/>\n6 Cybergenocidio<br \/>\n7 Onisciente Coletivo<br \/>\n8* Deus \u00e9 Amor<\/p>\n<p>\u2022 All Music Matters \/ Bruak! | 2019<\/p>\n<p>\u2022 Formato: Vinil preto 12&#8243; 180g. Capa gatefold e encarte colorido. 400 c\u00f3pias numeradas.<\/p>\n<p>Nova edi\u00e7\u00e3o desse cl\u00e1ssico do Ratos de Por\u00e3o (lan\u00e7ado em 2020 pela Century Media) com novo acabamento gr\u00e1fico e remasteriza\u00e7\u00e3o para o vinil.<br \/>\n*faixa bonus Deus \u00e9 amor (n\u00e3o saiu no LP original, apenas na vers\u00e3o boxset 7&#8243;)<\/p>\n<p>Jo\u00e3o Gordo \u2013 voz<br \/>\nJ\u00e3o \u2013 guitarra<br \/>\nFralda \u2013 baixo<br \/>\nBoka \u2013 bateria<br \/>\nRappin\u2019 Hood \u2013 voz na faixa &#8220;Onisciente Coletivo&#8221;<br \/>\nMarcelo Munari \u2013 solo de guitarra na faixa &#8220;Onisciente Coletivo&#8221;<\/p>\n","protected":false},"excerpt":{"rendered":"<p>\u2022 Faixas: Lado A 1 Terror Declarado 2 Engrenagem 3 Playbaloser 4 Pr\u00f3ximo Alvo 5 O Sistema Me Engoliu 6&#8230;<\/p>\n","protected":false},"featured_media":2776,"template":"","meta":[],"product_brand":[],"product_cat":[657,659,660,528],"product_tag":[585,665,588,589,586,664,587,661,663,662,584,658,515,511],"class_list":{"0":"post-2775","1":"product","2":"type-product","3":"status-publish","4":"has-post-thumbnail","6":"product_cat-all-music-matters","7":"product_cat-bruak","8":"product_cat-ratos-de-porao","9":"product_cat-vinil-12","10":"product_tag-barata","11":"product_tag-boka","12":"product_tag-death","13":"product_tag-diy","14":"product_tag-extremo","15":"product_tag-fralda","16":"product_tag-grind","17":"product_tag-hardcore","18":"product_tag-jao","19":"product_tag-joao-gordo","20":"product_tag-joao-kombi","21":"product_tag-metal","22":"product_tag-punk","23":"product_tag-sao-paulo","25":"first","26":"outofstock","27":"shipping-taxable","28":"purchasable","29":"product-type-simple"},"_links":{"self":[{"href":"https:\/\/brava.etc.br\/loja\/wp-json\/wp\/v2\/product\/2775","targetHints":{"allow":["GET"]}}],"collection":[{"href":"https:\/\/brava.etc.br\/loja\/wp-json\/wp\/v2\/product"}],"about":[{"href":"https:\/\/brava.etc.br\/loja\/wp-json\/wp\/v2\/types\/product"}],"wp:featuredmedia":[{"embeddable":true,"href":"https:\/\/brava.etc.br\/loja\/wp-json\/wp\/v2\/media\/2776"}],"wp:attachment":[{"href":"https:\/\/brava.etc.br\/loja\/wp-json\/wp\/v2\/media?parent=2775"}],"wp:term":[{"taxonomy":"product_brand","embeddable":true,"href":"https:\/\/brava.etc.br\/loja\/wp-json\/wp\/v2\/product_brand?post=2775"},{"taxonomy":"product_cat","embeddable":true,"href":"https:\/\/brava.etc.br\/loja\/wp-json\/wp\/v2\/product_cat?post=2775"},{"taxonomy":"product_tag","embeddable":true,"href":"https:\/\/brava.etc.br\/loja\/wp-json\/wp\/v2\/product_tag?post=2775"}],"curies":[{"name":"wp","href":"https:\/\/api.w.org\/{rel}","templated":true}]}}