{"id":2783,"date":"2020-03-03T14:00:49","date_gmt":"2020-03-03T14:00:49","guid":{"rendered":"http:\/\/www.brava.etc.br\/loja\/?post_type=product&#038;p=2783"},"modified":"2022-10-28T23:00:22","modified_gmt":"2022-10-28T23:00:22","slug":"mickey-junkies-stoned","status":"publish","type":"product","link":"https:\/\/brava.etc.br\/loja\/produto\/mickey-junkies-stoned\/","title":{"rendered":"Mickey Junkies &#8220;Stoned&#8221;"},"content":{"rendered":"<p>\u2022 Faixas:<br \/>\nLado A<br \/>\n1 Crazy Race<br \/>\n2 Waiting From My Girl<br \/>\n3 Treasure<br \/>\n4 Die<br \/>\n5 Get It On<br \/>\n6 Fra\u00fclen<br \/>\n7 Keep The Child<br \/>\nLado B<br \/>\n1 Anyone Can See<br \/>\n2 Everything<br \/>\n3 Animal Business<br \/>\n4 Seep In Your Fall<br \/>\n5 God Bless The Lust<br \/>\n6 Holiday On Ice<br \/>\n7 Butterfly Blues<\/p>\n<p>\u2022 All Music Matters | 2018<\/p>\n<p>\u2022 Formato: Vinil preto 12&#8243; 180g. Capa gatefold. 400 c\u00f3pias numeradas.<\/p>\n<p>Nova edi\u00e7\u00e3o (lan\u00e7ado em 1995 pela Paradoxx).<\/p>\n<p>Rodrigo Carneiro &#8211; voz<br \/>\n\u00c9rico Birds &#8211; guitarra<br \/>\nAndr\u00e9 Satoshi &#8211; baixo<br \/>\nRicardo Mix &#8211; bateria<\/p>\n<p>Ilustra\u00e7\u00e3o da capa por Rafael Lain.<\/p>\n","protected":false},"excerpt":{"rendered":"<p>\u2022 Faixas: Lado A 1 Crazy Race 2 Waiting From My Girl 3 Treasure 4 Die 5 Get It On&#8230;<\/p>\n","protected":false},"featured_media":2784,"template":"","meta":[],"product_brand":[],"product_cat":[657,666,528],"product_tag":[669,668,671,672,670,667],"class_list":{"0":"post-2783","1":"product","2":"type-product","3":"status-publish","4":"has-post-thumbnail","6":"product_cat-all-music-matters","7":"product_cat-mickey-junkies","8":"product_cat-vinil-12","9":"product_tag-andre-satoshi","10":"product_tag-erico-birds","11":"product_tag-osasco","12":"product_tag-rafael-lain","13":"product_tag-ricardo-mix","14":"product_tag-rodrigo-carneiro","16":"first","17":"outofstock","18":"shipping-taxable","19":"purchasable","20":"product-type-simple"},"_links":{"self":[{"href":"https:\/\/brava.etc.br\/loja\/wp-json\/wp\/v2\/product\/2783","targetHints":{"allow":["GET"]}}],"collection":[{"href":"https:\/\/brava.etc.br\/loja\/wp-json\/wp\/v2\/product"}],"about":[{"href":"https:\/\/brava.etc.br\/loja\/wp-json\/wp\/v2\/types\/product"}],"wp:featuredmedia":[{"embeddable":true,"href":"https:\/\/brava.etc.br\/loja\/wp-json\/wp\/v2\/media\/2784"}],"wp:attachment":[{"href":"https:\/\/brava.etc.br\/loja\/wp-json\/wp\/v2\/media?parent=2783"}],"wp:term":[{"taxonomy":"product_brand","embeddable":true,"href":"https:\/\/brava.etc.br\/loja\/wp-json\/wp\/v2\/product_brand?post=2783"},{"taxonomy":"product_cat","embeddable":true,"href":"https:\/\/brava.etc.br\/loja\/wp-json\/wp\/v2\/product_cat?post=2783"},{"taxonomy":"product_tag","embeddable":true,"href":"https:\/\/brava.etc.br\/loja\/wp-json\/wp\/v2\/product_tag?post=2783"}],"curies":[{"name":"wp","href":"https:\/\/api.w.org\/{rel}","templated":true}]}}