{"id":2943,"date":"2021-03-19T18:06:33","date_gmt":"2021-03-19T18:06:33","guid":{"rendered":"http:\/\/www.brava.etc.br\/loja\/?post_type=product&#038;p=2943"},"modified":"2025-03-08T21:25:37","modified_gmt":"2025-03-08T21:25:37","slug":"pancreas-mitose","status":"publish","type":"product","link":"https:\/\/brava.etc.br\/loja\/produto\/pancreas-mitose\/","title":{"rendered":"Pancreas &#8220;Mitose&#8221;"},"content":{"rendered":"<p>\u2022 Faixas:<br \/>\n1. Sonnet CIV<br \/>\n2. Sonnet CXXIX<br \/>\n3. Sonnet CXIII<br \/>\n4. Sonnet II<br \/>\n5. Sonnet CXL<br \/>\n6. Sonnet CXLIV<\/p>\n<p>\u2022 Barwaldkeller | 2016<\/p>\n<p>\u2022 Formato: CD em pack com 8 cart\u00f5es silkados com os Sonetos de Shakespeare presentes no registro. Lan\u00e7ado na Alemanha.<\/p>\n<p>Composto e executado por Rossano (voz e todos os instrumentos) no in\u00edcio do ver\u00e3o de 2016.<\/p>\n<p>&#8220;Mitose&#8221; \u00e9 um \u00e1lbum composto por seis pequenas pe\u00e7as, resultado de um estudo sobre o encontro da literatura de Shakespeare com os ritmos e a Mitologia Afro-Brasileira.<\/p>\n<p>Em contraposi\u00e7\u00e3o \u00e0 grande parte das doutrinas religiosas, a mitologia Africana \u00e9 fundamentada nos arqu\u00e9tipos humanos e n\u00e3o em uma condi\u00e7\u00e3o imaculada, mais notoriamente representada pelo cristianismo. Os Orix\u00e1s, assim como os humanos, possuem um comportamento emocional baseado em sentimentos como amor, respeito e, algumas vezes, em pertencimento. Este \u00faltimo, onde o ego deve estar acima do bem comum nas rela\u00e7\u00f5es interpessoais, est\u00e1 presente em boa parte da literatura \u201cmundana\u201d, aqui especificamente nos sonetos de Shakespeare.<\/p>\n<p>Trabalho solo de Rossano, antigo membro da Escola Mineira de Disfun\u00e7\u00e3o e posteriormente do pexbaA, banda mineira experimental atuante no final dos anos 90\/00, mais conhecida por ter criado uma linguagem pr\u00f3pria em suas composi\u00e7\u00f5es.<\/p>\n<p><iframe style=\"border: 0; width: 100%; height: 42px;\" src=\"https:\/\/bandcamp.com\/EmbeddedPlayer\/album=1906490513\/size=small\/bgcol=ffffff\/linkcol=de270f\/transparent=true\/\" seamless=\"\"><\/iframe><\/p>\n","protected":false},"excerpt":{"rendered":"<p>\u2022 Faixas: 1. Sonnet CIV 2. Sonnet CXXIX 3. Sonnet CXIII 4. Sonnet II 5. Sonnet CXL 6. Sonnet CXLIV&#8230;<\/p>\n","protected":false},"featured_media":2947,"template":"","meta":[],"product_brand":[],"product_cat":[710,527,715],"product_tag":[712,561,711,717,714,713,716,718],"class_list":{"0":"post-2943","1":"product","2":"type-product","3":"status-publish","4":"has-post-thumbnail","6":"product_cat-barwaldkeller","7":"product_cat-cd","8":"product_cat-pancreas","9":"product_tag-alemanha","10":"product_tag-experimental","11":"product_tag-minas-gerias","12":"product_tag-percussao-africana","13":"product_tag-pexbaa","14":"product_tag-rossano-vittorio","15":"product_tag-shakespeare","16":"product_tag-umbanda","18":"first","19":"instock","20":"shipping-taxable","21":"purchasable","22":"product-type-simple"},"_links":{"self":[{"href":"https:\/\/brava.etc.br\/loja\/wp-json\/wp\/v2\/product\/2943","targetHints":{"allow":["GET"]}}],"collection":[{"href":"https:\/\/brava.etc.br\/loja\/wp-json\/wp\/v2\/product"}],"about":[{"href":"https:\/\/brava.etc.br\/loja\/wp-json\/wp\/v2\/types\/product"}],"wp:featuredmedia":[{"embeddable":true,"href":"https:\/\/brava.etc.br\/loja\/wp-json\/wp\/v2\/media\/2947"}],"wp:attachment":[{"href":"https:\/\/brava.etc.br\/loja\/wp-json\/wp\/v2\/media?parent=2943"}],"wp:term":[{"taxonomy":"product_brand","embeddable":true,"href":"https:\/\/brava.etc.br\/loja\/wp-json\/wp\/v2\/product_brand?post=2943"},{"taxonomy":"product_cat","embeddable":true,"href":"https:\/\/brava.etc.br\/loja\/wp-json\/wp\/v2\/product_cat?post=2943"},{"taxonomy":"product_tag","embeddable":true,"href":"https:\/\/brava.etc.br\/loja\/wp-json\/wp\/v2\/product_tag?post=2943"}],"curies":[{"name":"wp","href":"https:\/\/api.w.org\/{rel}","templated":true}]}}