{"id":2954,"date":"2020-03-19T22:18:06","date_gmt":"2020-03-19T22:18:06","guid":{"rendered":"http:\/\/www.brava.etc.br\/loja\/?post_type=product&#038;p=2954"},"modified":"2025-01-14T11:18:24","modified_gmt":"2025-01-14T11:18:24","slug":"child-abuse-trouble-in-paradise","status":"publish","type":"product","link":"https:\/\/brava.etc.br\/loja\/produto\/child-abuse-trouble-in-paradise\/","title":{"rendered":"Child Abuse &#8220;Trouble in Paradise&#8221;"},"content":{"rendered":"<p>\u2022 Faixas:<br \/>\n1. 300 Passengers Get Sick<br \/>\n2. Michael Landon<br \/>\n3. Casual Fridays<br \/>\n4. Straight Out Of Compton<br \/>\n5. Child Abuse<br \/>\n6. Kings Highway<br \/>\n7. Wumble in the Bwonx (Bonus Track)<\/p>\n<p>\u2022 Skin Graft (EUA) | 2014<\/p>\n<p>\u2022 Formato: CD<\/p>\n<p>*Produto importado<\/p>\n<p>Tim Dahl &#8211; baixo<br \/>\nOran Canfield &#8211; bateria<br \/>\nEric Lau &#8211; vocal, teclado<\/p>\n<p>Arte por Albert Oehlen<\/p>\n<p>Em seus dez anos de exist\u00eancia, o Child Abuse se tornou muito mais que um nome ofensivo. O trio de NY fundiu elementos de Noise, Death Metal, Free Jazz e Grind (entre outras coisas) em algo inteiramente pr\u00f3prio, enquanto se tornava uma das bandas mais inovadoras e polarizadas de Nova York. &#8220;Trouble in Paradise&#8221;, o terceiro lan\u00e7amento da banda, expande suas incurs\u00f5es em um territ\u00f3rio musical desconhecido.<\/p>\n<p>&#8216;Depois de ouvir o Child Abuse, o nome do trio parece mais uma refer\u00eancia \u00e0 viol\u00eancia infligida por uma crian\u00e7a do que sofrida por uma. Os vocais rosnados do grupo, os riffs man\u00edacos e a volumosa bateria <em>double-kick<\/em> acenam para o death metal. Os tons loopados se alinham com o baixo distorcido de Tim Dahl e as batidas densas e oscilantes de Oran Canfield para criar um som altamente t\u00e9cnico que tamb\u00e9m \u00e9 estranhamente divertido.&#8217;<br \/>\n&#8211; Time Out Nova York<\/p>\n<p><iframe style=\"border: 0; width: 100%; height: 42px;\" src=\"https:\/\/bandcamp.com\/EmbeddedPlayer\/album=3953804854\/size=small\/bgcol=ffffff\/linkcol=de270f\/transparent=true\/\" seamless=\"\"><a href=\"http:\/\/skingraftrecords.bandcamp.com\/album\/trouble-in-paradise\">Trouble In Paradise by Child Abuse<\/a><\/iframe><\/p>\n","protected":false},"excerpt":{"rendered":"<p>\u2022 Faixas: 1. 300 Passengers Get Sick 2. Michael Landon 3. Casual Fridays 4. Straight Out Of Compton 5. Child&#8230;<\/p>\n","protected":false},"featured_media":2955,"template":"","meta":[],"product_brand":[],"product_cat":[527,720,729],"product_tag":[615,724,731,618,730,561,564,587,721,605,725,722,541],"class_list":{"0":"post-2954","1":"product","2":"type-product","3":"status-publish","4":"has-post-thumbnail","6":"product_cat-cd","7":"product_cat-child-abuse","8":"product_cat-skin-graft","9":"product_tag-avant-garde","10":"product_tag-brutal-prog","11":"product_tag-death-metal","12":"product_tag-eletronico","13":"product_tag-eric-lau","14":"product_tag-experimental","15":"product_tag-free-jazz","16":"product_tag-grind","17":"product_tag-heavy-metal","18":"product_tag-noise-rock","19":"product_tag-ny","20":"product_tag-oran-canfield","21":"product_tag-tim-dahl","23":"first","24":"instock","25":"shipping-taxable","26":"purchasable","27":"product-type-simple"},"_links":{"self":[{"href":"https:\/\/brava.etc.br\/loja\/wp-json\/wp\/v2\/product\/2954","targetHints":{"allow":["GET"]}}],"collection":[{"href":"https:\/\/brava.etc.br\/loja\/wp-json\/wp\/v2\/product"}],"about":[{"href":"https:\/\/brava.etc.br\/loja\/wp-json\/wp\/v2\/types\/product"}],"wp:featuredmedia":[{"embeddable":true,"href":"https:\/\/brava.etc.br\/loja\/wp-json\/wp\/v2\/media\/2955"}],"wp:attachment":[{"href":"https:\/\/brava.etc.br\/loja\/wp-json\/wp\/v2\/media?parent=2954"}],"wp:term":[{"taxonomy":"product_brand","embeddable":true,"href":"https:\/\/brava.etc.br\/loja\/wp-json\/wp\/v2\/product_brand?post=2954"},{"taxonomy":"product_cat","embeddable":true,"href":"https:\/\/brava.etc.br\/loja\/wp-json\/wp\/v2\/product_cat?post=2954"},{"taxonomy":"product_tag","embeddable":true,"href":"https:\/\/brava.etc.br\/loja\/wp-json\/wp\/v2\/product_tag?post=2954"}],"curies":[{"name":"wp","href":"https:\/\/api.w.org\/{rel}","templated":true}]}}