{"id":2984,"date":"2020-03-20T21:28:57","date_gmt":"2020-03-20T21:28:57","guid":{"rendered":"http:\/\/www.brava.etc.br\/loja\/?post_type=product&#038;p=2984"},"modified":"2025-03-08T21:25:37","modified_gmt":"2025-03-08T21:25:37","slug":"philip-cohran-and-the-artistic-heritage-ensemble-on-the-beach","status":"publish","type":"product","link":"https:\/\/brava.etc.br\/loja\/produto\/philip-cohran-and-the-artistic-heritage-ensemble-on-the-beach\/","title":{"rendered":"Philip Cohran and The Artistic Heritage Ensemble &#8220;On The Beach&#8221;"},"content":{"rendered":"<p>\u2022 Faixas:<br \/>\n1. The Minstrel<br \/>\n2. Unity<br \/>\n3. On The Beach<br \/>\n4. Motherhood<\/p>\n<p>\u2022 Katalyst Entertainment (EUA) | 2007<\/p>\n<p>\u2022 Formato: CD, envelope<\/p>\n<p>*Produto importado<\/p>\n<p>Alto Saxofone \u2013 Charles James Williams<br \/>\nBaritono Saxofone, Tenor Saxofone \u2013 Donald Myrick<br \/>\nBaixo, Trombone \u2013 Louis Satterfield<br \/>\nCongas, Timbales \u2013 Master Henry Gibson<br \/>\nCornet, Kalimba [Frankiphone], Violino \u2013 Philip Cohran<br \/>\nBateria \u2013 Bob Crowder Jr.<br \/>\nFlauta, Obo\u00e9, Tenor Saxofone \u2013 Eugene O. Easton<br \/>\nGuitarra \u2013 Pete Cosey<br \/>\nObo\u00e9, Trumpete \u2013 Charles Handy<br \/>\nEletr\u00f4nicos \u2013 Clarence Bridges<br \/>\nTrombone \u2013 Steven Galloway<br \/>\nTuba \u2013 Aaron Dodd<br \/>\nVocais \u2013 Mrs. Ella Pearl Jackson, Patricia Ann Smith<\/p>\n<p>Uma reedi\u00e7\u00e3o da cl\u00e1ssica grava\u00e7\u00e3o &#8220;On the Beach&#8221; de Phil Cohran and the Artistic Heritage Ensemble. Dispon\u00edvel anteriormente em quantidades limitadas e rapidamente esgotado, devido aos esfor\u00e7os colaborativos de Kelan Zulu Productions e Katalyst Entertainment foi reeditado para CD.<\/p>\n<p>Esse registro hist\u00f3rico \u00e9 a representa\u00e7\u00e3o definitiva de um dos grupos mais significativos dessa \u00e9poca na hist\u00f3ria do jazz. Com v\u00e1rios m\u00fasicos lend\u00e1rios, incluindo o guitarrista Pete Cosey, o percussionista Henry Gibson, Louis Satterfield no baixo e Donald Myrick no sax, &#8220;On the Beach&#8221; \u00e9 obrigat\u00f3rio para os f\u00e3s de jazz de todos os lugares.<\/p>\n","protected":false},"excerpt":{"rendered":"<p>\u2022 Faixas: 1. The Minstrel 2. Unity 3. On The Beach 4. Motherhood \u2022 Katalyst Entertainment (EUA) | 2007 \u2022&#8230;<\/p>\n","protected":false},"featured_media":2985,"template":"","meta":[],"product_brand":[],"product_cat":[527,732,736],"product_tag":[615,737,564,733,735],"class_list":{"0":"post-2984","1":"product","2":"type-product","3":"status-publish","4":"has-post-thumbnail","6":"product_cat-cd","7":"product_cat-katalyst-entertainment","8":"product_cat-phil-cohran","9":"product_tag-avant-garde","10":"product_tag-chicago","11":"product_tag-free-jazz","12":"product_tag-jazz","13":"product_tag-soul-jazz","15":"first","16":"instock","17":"shipping-taxable","18":"purchasable","19":"product-type-simple"},"_links":{"self":[{"href":"https:\/\/brava.etc.br\/loja\/wp-json\/wp\/v2\/product\/2984","targetHints":{"allow":["GET"]}}],"collection":[{"href":"https:\/\/brava.etc.br\/loja\/wp-json\/wp\/v2\/product"}],"about":[{"href":"https:\/\/brava.etc.br\/loja\/wp-json\/wp\/v2\/types\/product"}],"wp:featuredmedia":[{"embeddable":true,"href":"https:\/\/brava.etc.br\/loja\/wp-json\/wp\/v2\/media\/2985"}],"wp:attachment":[{"href":"https:\/\/brava.etc.br\/loja\/wp-json\/wp\/v2\/media?parent=2984"}],"wp:term":[{"taxonomy":"product_brand","embeddable":true,"href":"https:\/\/brava.etc.br\/loja\/wp-json\/wp\/v2\/product_brand?post=2984"},{"taxonomy":"product_cat","embeddable":true,"href":"https:\/\/brava.etc.br\/loja\/wp-json\/wp\/v2\/product_cat?post=2984"},{"taxonomy":"product_tag","embeddable":true,"href":"https:\/\/brava.etc.br\/loja\/wp-json\/wp\/v2\/product_tag?post=2984"}],"curies":[{"name":"wp","href":"https:\/\/api.w.org\/{rel}","templated":true}]}}