{"id":3210,"date":"2020-06-29T22:28:58","date_gmt":"2020-06-29T22:28:58","guid":{"rendered":"https:\/\/www.brava.etc.br\/loja\/?post_type=product&#038;p=3210"},"modified":"2022-03-19T16:19:27","modified_gmt":"2022-03-19T16:19:27","slug":"victim-lacuna","status":"publish","type":"product","link":"https:\/\/brava.etc.br\/loja\/produto\/victim-lacuna\/","title":{"rendered":"VICTIM! &#8220;Lacuna&#8221;"},"content":{"rendered":"<p>\u2022 Faixas:<br \/>\n1. Superf\u00edcie<br \/>\n2. C\u00edrculos<br \/>\n3. Lacuna<br \/>\n4. 31<br \/>\n5. Farto<br \/>\n6. Afeto<br \/>\n7. V\u00e1cuo<br \/>\n8. Fundo<\/p>\n<p>\u2022 \u00a0Fusty Cunt Tapes (EUA) | 2014<\/p>\n<p>\u2022 Formato: Fita cassete<\/p>\n<p>*Produto importado<\/p>\n<p>&nbsp;<\/p>\n<p><iframe style=\"border: 0; width: 100%; height: 42px;\" src=\"https:\/\/bandcamp.com\/EmbeddedPlayer\/album=3246905058\/size=small\/bgcol=ffffff\/linkcol=de270f\/transparent=true\/\" seamless=\"\"><a href=\"http:\/\/cadutenorio.bandcamp.com\/album\/lacuna\">Lacuna by VICTIM!<\/a><\/iframe><\/p>\n","protected":false},"excerpt":{"rendered":"<p>\u2022 Faixas: 1. Superf\u00edcie 2. C\u00edrculos 3. Lacuna 4. 31 5. Farto 6. Afeto 7. V\u00e1cuo 8. Fundo \u2022 \u00a0Fusty&#8230;<\/p>\n","protected":false},"featured_media":3211,"template":"","meta":[],"product_brand":[],"product_cat":[753,531,742,743],"product_tag":[618,561,622,745],"class_list":{"0":"post-3210","1":"product","2":"type-product","3":"status-publish","4":"has-post-thumbnail","6":"product_cat-cadu-tenorio","7":"product_cat-cassete","8":"product_cat-fusty-cunt-tapes-eua","9":"product_cat-victim","10":"product_tag-eletronico","11":"product_tag-experimental","12":"product_tag-noise","13":"product_tag-power-electronics","15":"first","16":"outofstock","17":"shipping-taxable","18":"purchasable","19":"product-type-simple"},"_links":{"self":[{"href":"https:\/\/brava.etc.br\/loja\/wp-json\/wp\/v2\/product\/3210","targetHints":{"allow":["GET"]}}],"collection":[{"href":"https:\/\/brava.etc.br\/loja\/wp-json\/wp\/v2\/product"}],"about":[{"href":"https:\/\/brava.etc.br\/loja\/wp-json\/wp\/v2\/types\/product"}],"wp:featuredmedia":[{"embeddable":true,"href":"https:\/\/brava.etc.br\/loja\/wp-json\/wp\/v2\/media\/3211"}],"wp:attachment":[{"href":"https:\/\/brava.etc.br\/loja\/wp-json\/wp\/v2\/media?parent=3210"}],"wp:term":[{"taxonomy":"product_brand","embeddable":true,"href":"https:\/\/brava.etc.br\/loja\/wp-json\/wp\/v2\/product_brand?post=3210"},{"taxonomy":"product_cat","embeddable":true,"href":"https:\/\/brava.etc.br\/loja\/wp-json\/wp\/v2\/product_cat?post=3210"},{"taxonomy":"product_tag","embeddable":true,"href":"https:\/\/brava.etc.br\/loja\/wp-json\/wp\/v2\/product_tag?post=3210"}],"curies":[{"name":"wp","href":"https:\/\/api.w.org\/{rel}","templated":true}]}}