{"id":3212,"date":"2020-06-29T22:37:41","date_gmt":"2020-06-29T22:37:41","guid":{"rendered":"https:\/\/www.brava.etc.br\/loja\/?post_type=product&#038;p=3212"},"modified":"2022-03-19T16:18:58","modified_gmt":"2022-03-19T16:18:58","slug":"victim-503","status":"publish","type":"product","link":"https:\/\/brava.etc.br\/loja\/produto\/victim-503\/","title":{"rendered":"VICTIM! &#8220;503&#8221;"},"content":{"rendered":"<p>\u2022 Faixas:<br \/>\n1. Ma\u00e7aneta<br \/>\n2. Sala<br \/>\n3. Vermelho<br \/>\n4. Pelo Ch\u00e3o<\/p>\n<p>\u2022\u00a0 Murderabilia Records (It\u00e1lia) | 2014<\/p>\n<p>\u2022 Formato: CD, acr\u00edlico. Edi\u00e7\u00e3o de 30 c\u00f3pias numeradas.<\/p>\n<p>*Produto importado<\/p>\n<p>Todas as composi\u00e7\u00f5es por\u00a0 Cadu Ten\u00f3rio<br \/>\nArte por Mario Brandalise Baril<br \/>\nDesign por Carlos Morevi<br \/>\nMasterizado por Emygdio<\/p>\n<p>&nbsp;<\/p>\n<p><iframe style=\"border: 0; width: 100%; height: 42px;\" src=\"https:\/\/bandcamp.com\/EmbeddedPlayer\/album=4066176629\/size=small\/bgcol=ffffff\/linkcol=de270f\/transparent=true\/\" seamless=\"\"><a href=\"http:\/\/cadutenorio.bandcamp.com\/album\/503\">503 by V!<\/a><\/iframe><\/p>\n","protected":false},"excerpt":{"rendered":"<p>\u2022 Faixas: 1. Ma\u00e7aneta 2. Sala 3. Vermelho 4. Pelo Ch\u00e3o \u2022\u00a0 Murderabilia Records (It\u00e1lia) | 2014 \u2022 Formato: CD,&#8230;<\/p>\n","protected":false},"featured_media":3214,"template":"","meta":[],"product_brand":[],"product_cat":[753,527,744,743],"product_tag":[],"class_list":{"0":"post-3212","1":"product","2":"type-product","3":"status-publish","4":"has-post-thumbnail","6":"product_cat-cadu-tenorio","7":"product_cat-cd","8":"product_cat-murderabilia-records-italia","9":"product_cat-victim","11":"first","12":"outofstock","13":"shipping-taxable","14":"purchasable","15":"product-type-simple"},"_links":{"self":[{"href":"https:\/\/brava.etc.br\/loja\/wp-json\/wp\/v2\/product\/3212","targetHints":{"allow":["GET"]}}],"collection":[{"href":"https:\/\/brava.etc.br\/loja\/wp-json\/wp\/v2\/product"}],"about":[{"href":"https:\/\/brava.etc.br\/loja\/wp-json\/wp\/v2\/types\/product"}],"wp:featuredmedia":[{"embeddable":true,"href":"https:\/\/brava.etc.br\/loja\/wp-json\/wp\/v2\/media\/3214"}],"wp:attachment":[{"href":"https:\/\/brava.etc.br\/loja\/wp-json\/wp\/v2\/media?parent=3212"}],"wp:term":[{"taxonomy":"product_brand","embeddable":true,"href":"https:\/\/brava.etc.br\/loja\/wp-json\/wp\/v2\/product_brand?post=3212"},{"taxonomy":"product_cat","embeddable":true,"href":"https:\/\/brava.etc.br\/loja\/wp-json\/wp\/v2\/product_cat?post=3212"},{"taxonomy":"product_tag","embeddable":true,"href":"https:\/\/brava.etc.br\/loja\/wp-json\/wp\/v2\/product_tag?post=3212"}],"curies":[{"name":"wp","href":"https:\/\/api.w.org\/{rel}","templated":true}]}}