{"id":3227,"date":"2020-06-29T23:51:40","date_gmt":"2020-06-29T23:51:40","guid":{"rendered":"https:\/\/www.brava.etc.br\/loja\/?post_type=product&#038;p=3227"},"modified":"2021-06-21T21:21:20","modified_gmt":"2021-06-21T21:21:20","slug":"sobre-a-maquina-sobre-a-maquina","status":"publish","type":"product","link":"https:\/\/brava.etc.br\/loja\/produto\/sobre-a-maquina-sobre-a-maquina\/","title":{"rendered":"Sobre a M\u00e1quina &#8220;Sobre A M\u00e1quina&#8221;"},"content":{"rendered":"<p>\u2022 Faixas:<br \/>\n1. Dia<br \/>\n2. Oito<br \/>\n3. Dentro<br \/>\n4. Corredor<br \/>\n5. V\u00e3o<br \/>\n6. Pulso<br \/>\n7. Um<br \/>\n8. \u00c1rvore<\/p>\n<p>\u2022 independente | 2012<\/p>\n<p>\u2022 Formato: CD, envelope de 2 abas<\/p>\n<p>Sobre a M\u00e1quina \u00e9 Cadu Ten\u00f3rio, Emygdio, Ricardo Gameiro e Alex Zhem.<\/p>\n<p>&nbsp;<\/p>\n<p><iframe style=\"border: 0; width: 100%; height: 42px;\" src=\"https:\/\/bandcamp.com\/EmbeddedPlayer\/album=2591563944\/size=small\/bgcol=ffffff\/linkcol=de270f\/transparent=true\/\" seamless=\"\"><a href=\"http:\/\/cadutenorio.bandcamp.com\/album\/sobre-a-m-quina\">Sobre A M\u00e1quina by Sobre A M\u00e1quina<\/a><\/iframe><\/p>\n","protected":false},"excerpt":{"rendered":"<p>\u2022 Faixas: 1. Dia 2. Oito 3. Dentro 4. Corredor 5. V\u00e3o 6. Pulso 7. Um 8. \u00c1rvore \u2022 independente&#8230;<\/p>\n","protected":false},"featured_media":3228,"template":"","meta":[],"product_brand":[],"product_cat":[753,527,748],"product_tag":[750,626,561,749],"class_list":{"0":"post-3227","1":"product","2":"type-product","3":"status-publish","4":"has-post-thumbnail","6":"product_cat-cadu-tenorio","7":"product_cat-cd","8":"product_cat-sobre-a-maquina","9":"product_tag-dark-ambient","10":"product_tag-drone","11":"product_tag-experimental","12":"product_tag-idm","14":"first","15":"outofstock","16":"shipping-taxable","17":"purchasable","18":"product-type-simple"},"_links":{"self":[{"href":"https:\/\/brava.etc.br\/loja\/wp-json\/wp\/v2\/product\/3227","targetHints":{"allow":["GET"]}}],"collection":[{"href":"https:\/\/brava.etc.br\/loja\/wp-json\/wp\/v2\/product"}],"about":[{"href":"https:\/\/brava.etc.br\/loja\/wp-json\/wp\/v2\/types\/product"}],"wp:featuredmedia":[{"embeddable":true,"href":"https:\/\/brava.etc.br\/loja\/wp-json\/wp\/v2\/media\/3228"}],"wp:attachment":[{"href":"https:\/\/brava.etc.br\/loja\/wp-json\/wp\/v2\/media?parent=3227"}],"wp:term":[{"taxonomy":"product_brand","embeddable":true,"href":"https:\/\/brava.etc.br\/loja\/wp-json\/wp\/v2\/product_brand?post=3227"},{"taxonomy":"product_cat","embeddable":true,"href":"https:\/\/brava.etc.br\/loja\/wp-json\/wp\/v2\/product_cat?post=3227"},{"taxonomy":"product_tag","embeddable":true,"href":"https:\/\/brava.etc.br\/loja\/wp-json\/wp\/v2\/product_tag?post=3227"}],"curies":[{"name":"wp","href":"https:\/\/api.w.org\/{rel}","templated":true}]}}