{"id":3388,"date":"2020-09-03T14:22:08","date_gmt":"2020-09-03T14:22:08","guid":{"rendered":"http:\/\/brava.etc.br\/loja\/?post_type=product&#038;p=3388"},"modified":"2024-01-25T12:29:04","modified_gmt":"2024-01-25T12:29:04","slug":"felipe-narvaez-mario-cappi-guilherme-granado-mauricio-takara","status":"publish","type":"product","link":"https:\/\/brava.etc.br\/loja\/produto\/felipe-narvaez-mario-cappi-guilherme-granado-mauricio-takara\/","title":{"rendered":"Felipe Narvaez, M\u00e1rio Cappi, Guilherme Granado, Maur\u00edcio Takara"},"content":{"rendered":"<p>Felipe Narvaez<br \/>\nM\u00e1rio Cappi<br \/>\nGuilherme Granado<br \/>\nMaur\u00edcio Takara<\/p>\n<p>\u2022 Hali Editions | 2015<\/p>\n<p>\u2022 Formato: Livreto 15 x 0,5 x 21cm<\/p>\n<p>O zine re\u00fane fotos, desenhos, pinturas, colagens, abstra\u00e7\u00f5es dos 4 artistas.<\/p>\n","protected":false},"excerpt":{"rendered":"<p>Felipe Narvaez M\u00e1rio Cappi Guilherme Granado Maur\u00edcio Takara \u2022 Hali Editions | 2015 \u2022 Formato: Livreto 15 x 0,5 x&#8230;<\/p>\n","protected":false},"featured_media":3390,"template":"","meta":[],"product_brand":[],"product_cat":[598,788,592,791,790],"product_tag":[796,795,794,793,792],"class_list":{"0":"post-3388","1":"product","2":"type-product","3":"status-publish","4":"has-post-thumbnail","6":"product_cat-guilherme-granado","7":"product_cat-hali-editions","8":"product_cat-impresso","9":"product_cat-mario-cappi","10":"product_cat-mauricio-takara","11":"product_tag-colagens","12":"product_tag-desenhos","13":"product_tag-fotos","14":"product_tag-livro","15":"product_tag-zine","17":"first","18":"outofstock","19":"shipping-taxable","20":"purchasable","21":"product-type-simple"},"_links":{"self":[{"href":"https:\/\/brava.etc.br\/loja\/wp-json\/wp\/v2\/product\/3388","targetHints":{"allow":["GET"]}}],"collection":[{"href":"https:\/\/brava.etc.br\/loja\/wp-json\/wp\/v2\/product"}],"about":[{"href":"https:\/\/brava.etc.br\/loja\/wp-json\/wp\/v2\/types\/product"}],"wp:featuredmedia":[{"embeddable":true,"href":"https:\/\/brava.etc.br\/loja\/wp-json\/wp\/v2\/media\/3390"}],"wp:attachment":[{"href":"https:\/\/brava.etc.br\/loja\/wp-json\/wp\/v2\/media?parent=3388"}],"wp:term":[{"taxonomy":"product_brand","embeddable":true,"href":"https:\/\/brava.etc.br\/loja\/wp-json\/wp\/v2\/product_brand?post=3388"},{"taxonomy":"product_cat","embeddable":true,"href":"https:\/\/brava.etc.br\/loja\/wp-json\/wp\/v2\/product_cat?post=3388"},{"taxonomy":"product_tag","embeddable":true,"href":"https:\/\/brava.etc.br\/loja\/wp-json\/wp\/v2\/product_tag?post=3388"}],"curies":[{"name":"wp","href":"https:\/\/api.w.org\/{rel}","templated":true}]}}