{"id":3417,"date":"2020-12-17T13:09:23","date_gmt":"2020-12-17T13:09:23","guid":{"rendered":"https:\/\/brava.etc.br\/loja\/?post_type=product&#038;p=3417"},"modified":"2024-03-22T20:27:37","modified_gmt":"2024-03-22T20:27:37","slug":"ultramar","status":"publish","type":"product","link":"https:\/\/brava.etc.br\/loja\/produto\/ultramar\/","title":{"rendered":"Ultramar"},"content":{"rendered":"<p>Jorge Nuno &#8211; Guitarra<br \/>\nMonsieur Trinite &#8211; Percuss\u00e3o<br \/>\nWagner Ramos &#8211; Bateria e eletr\u00f4nicos<br \/>\nRomulo Alexis &#8211; Trompete<\/p>\n<p>\u2022 independente | 2018<\/p>\n<p>\u2022 Formato: CD, envelope<\/p>\n<p>O disco Ultramar \u00e9 resultado do encontro in\u00e9dito entre o duo brasileiro Radio Diaspora e os portugueses Monsieur Trinit\u00e9 e Jorge Nuno. Esse trabalho de improvisa\u00e7\u00e3o livre, gravado em Lisboa, em 2016, \u00e9 uma forma de reconstitui\u00e7\u00e3o da di\u00e1spora africana vista pela rela\u00e7\u00e3o entre Brasil e Portugal. Ultramar \u00e9 uma troca de experi\u00eancias e sons que transgridem a forma de ver o mundo fechado para um conceito mais amplo de arte \u00fanica e intransfer\u00edvel. Do lado brasileiro formam o duo Radio Diaspora o trompetista Romulo Alexis e o baterista Wagner Ramos. Entre os portugueses Trinit\u00e9 \u00e9 um lend\u00e1rio percussionista que pode ser ouvido em projetos com Ernesto Rodrigues entre outros. J\u00e1 Jorge Nuno protagoniza o duo Signs of the Silhouette.<\/p>\n<p>&#8211;<\/p>\n<p>ENGLISH<br \/>\n<em>The album Ultramar is the result of the unprecedented meeting between the Brazilian duo Radio Diaspora and the Portugueses musicians Monsieur Trinit\u00e9 and Jorge Nuno. This piece of free improvisation, recorded in Lisbon in 2016, is a way of reconstituting the African diaspora through the relationship between Brazil and Portugal. Ultramar is an exchange of experiences and sounds that transgress the way of seeing the closed world to a broader concept of unique and nontransferable art. On the Brazilian side, the duo Radio Diaspora consists of trumpeter Romulo Alexis and drummer Wagner Ramos. Among the Portuguese Trinit\u00e9 is a legendary percussionist that can be heard in projects with Ernesto Rodrigues among others. Already Jorge Nuno performs in the duo Signs of the Silhouette.<\/em><\/p>\n<p>&nbsp;<\/p>\n<p><iframe style=\"border: 0; width: 100%; height: 42px;\" src=\"https:\/\/bandcamp.com\/EmbeddedPlayer\/album=367888506\/size=small\/bgcol=ffffff\/linkcol=de270f\/transparent=true\/\" seamless=\"\"><a href=\"https:\/\/radio-diaspora.bandcamp.com\/album\/ultramar\">Ultramar by Radio Diaspora+Jorge Nuno+Monsieur Trinite<\/a><\/iframe><\/p>\n","protected":false},"excerpt":{"rendered":"<p>Jorge Nuno &#8211; Guitarra Monsieur Trinite &#8211; Percuss\u00e3o Wagner Ramos &#8211; Bateria e eletr\u00f4nicos Romulo Alexis &#8211; Trompete \u2022 independente&#8230;<\/p>\n","protected":false},"featured_media":3418,"template":"","meta":[],"product_brand":[],"product_cat":[527],"product_tag":[812,563,561,564,810,811,809],"class_list":{"0":"post-3417","1":"product","2":"type-product","3":"status-publish","4":"has-post-thumbnail","6":"product_cat-cd","7":"product_tag-black-music","8":"product_tag-electroacustica","9":"product_tag-experimental","10":"product_tag-free-jazz","11":"product_tag-jorge-nuno","12":"product_tag-monsieur-trinite","13":"product_tag-portugal","15":"first","16":"outofstock","17":"shipping-taxable","18":"purchasable","19":"product-type-simple"},"_links":{"self":[{"href":"https:\/\/brava.etc.br\/loja\/wp-json\/wp\/v2\/product\/3417","targetHints":{"allow":["GET"]}}],"collection":[{"href":"https:\/\/brava.etc.br\/loja\/wp-json\/wp\/v2\/product"}],"about":[{"href":"https:\/\/brava.etc.br\/loja\/wp-json\/wp\/v2\/types\/product"}],"wp:featuredmedia":[{"embeddable":true,"href":"https:\/\/brava.etc.br\/loja\/wp-json\/wp\/v2\/media\/3418"}],"wp:attachment":[{"href":"https:\/\/brava.etc.br\/loja\/wp-json\/wp\/v2\/media?parent=3417"}],"wp:term":[{"taxonomy":"product_brand","embeddable":true,"href":"https:\/\/brava.etc.br\/loja\/wp-json\/wp\/v2\/product_brand?post=3417"},{"taxonomy":"product_cat","embeddable":true,"href":"https:\/\/brava.etc.br\/loja\/wp-json\/wp\/v2\/product_cat?post=3417"},{"taxonomy":"product_tag","embeddable":true,"href":"https:\/\/brava.etc.br\/loja\/wp-json\/wp\/v2\/product_tag?post=3417"}],"curies":[{"name":"wp","href":"https:\/\/api.w.org\/{rel}","templated":true}]}}