{"id":3419,"date":"2020-12-17T13:26:29","date_gmt":"2020-12-17T13:26:29","guid":{"rendered":"https:\/\/brava.etc.br\/loja\/?post_type=product&#038;p=3419"},"modified":"2024-03-22T20:27:37","modified_gmt":"2024-03-22T20:27:37","slug":"rd3","status":"publish","type":"product","link":"https:\/\/brava.etc.br\/loja\/produto\/rd3\/","title":{"rendered":"RD3"},"content":{"rendered":"<p>Wagner Ramos \u2013 Bateria e eletr\u00f4nicos<br \/>\nRomulo Alexis \u2013 Trompete e eletr\u00f4nicos<\/p>\n<p>\u2022 S\u00ea-lo | 2018<\/p>\n<p>\u2022 Formato: CD, envelope<\/p>\n<p>Em seu terceiro ano de atividade, o duo Radio Diaspora lan\u00e7a RD3, terceiro \u00e1lbum de est\u00fadio. Gravado em maio de 2017, o \u00e1lbum marca a maturidade do processo de composi\u00e7\u00e3o do duo em 6 pe\u00e7as. Novamente est\u00e1 em jogo a celebra\u00e7\u00e3o da heran\u00e7a afro-diasp\u00f3rica em intensidades sonoras.<\/p>\n<p>&nbsp;<\/p>\n<p><iframe style=\"border: 0; width: 100%; height: 42px;\" src=\"https:\/\/bandcamp.com\/EmbeddedPlayer\/album=3597976585\/size=small\/bgcol=ffffff\/linkcol=de270f\/transparent=true\/\" seamless=\"\"><a href=\"https:\/\/selonetlabel.bandcamp.com\/album\/rd3\">RD3 by Radio Diaspora<\/a><\/iframe><\/p>\n","protected":false},"excerpt":{"rendered":"<p>Wagner Ramos \u2013 Bateria e eletr\u00f4nicos Romulo Alexis \u2013 Trompete e eletr\u00f4nicos \u2022 S\u00ea-lo | 2018 \u2022 Formato: CD, envelope&#8230;<\/p>\n","protected":false},"featured_media":3420,"template":"","meta":[],"product_brand":[],"product_cat":[527,559],"product_tag":[812,563,561,564],"class_list":{"0":"post-3419","1":"product","2":"type-product","3":"status-publish","4":"has-post-thumbnail","6":"product_cat-cd","7":"product_cat-se-lo","8":"product_tag-black-music","9":"product_tag-electroacustica","10":"product_tag-experimental","11":"product_tag-free-jazz","13":"first","14":"outofstock","15":"shipping-taxable","16":"purchasable","17":"product-type-simple"},"_links":{"self":[{"href":"https:\/\/brava.etc.br\/loja\/wp-json\/wp\/v2\/product\/3419","targetHints":{"allow":["GET"]}}],"collection":[{"href":"https:\/\/brava.etc.br\/loja\/wp-json\/wp\/v2\/product"}],"about":[{"href":"https:\/\/brava.etc.br\/loja\/wp-json\/wp\/v2\/types\/product"}],"wp:featuredmedia":[{"embeddable":true,"href":"https:\/\/brava.etc.br\/loja\/wp-json\/wp\/v2\/media\/3420"}],"wp:attachment":[{"href":"https:\/\/brava.etc.br\/loja\/wp-json\/wp\/v2\/media?parent=3419"}],"wp:term":[{"taxonomy":"product_brand","embeddable":true,"href":"https:\/\/brava.etc.br\/loja\/wp-json\/wp\/v2\/product_brand?post=3419"},{"taxonomy":"product_cat","embeddable":true,"href":"https:\/\/brava.etc.br\/loja\/wp-json\/wp\/v2\/product_cat?post=3419"},{"taxonomy":"product_tag","embeddable":true,"href":"https:\/\/brava.etc.br\/loja\/wp-json\/wp\/v2\/product_tag?post=3419"}],"curies":[{"name":"wp","href":"https:\/\/api.w.org\/{rel}","templated":true}]}}