{"id":3431,"date":"2021-10-17T19:10:25","date_gmt":"2021-10-17T19:10:25","guid":{"rendered":"https:\/\/brava.etc.br\/loja\/?post_type=product&#038;p=3431"},"modified":"2024-03-22T23:16:53","modified_gmt":"2024-03-22T23:16:53","slug":"bruno-palazzo-decada","status":"publish","type":"product","link":"https:\/\/brava.etc.br\/loja\/produto\/bruno-palazzo-decada\/","title":{"rendered":"Bruno Palazzo &#8220;D\u00e9cada&#8221;"},"content":{"rendered":"<p>Bruno Palazzo publica seu primeiro trabalho solo, \u201c<strong>D\u00e9cada<\/strong>\u201d: composi\u00e7\u00f5es com guitarra, baixo, desenho de som, sintetizador e <em>drum machine<\/em>. Sete faixas comp\u00f5em este <em>road album<\/em>, num misto de <em>ambient rock<\/em> com um toque <em>caipira shoegazer<\/em>, nos convidando a uma jornada por ares que parecem rondar por paisagens de uma poss\u00edvel Twin Peaks.<\/p>\n<p>Lan\u00e7ado pela Brava em Janeiro de 2021 em cassetes virgens antigos integralmente produzidos pelo pr\u00f3prio artista, conta com participa\u00e7\u00f5es de Philip Somervell, Pacola, Hugo Frasa e Daniel Neumann.<\/p>\n<p>Em &#8220;<strong>D\u00e9cada<\/strong>&#8221; Palazzo revisita temas h\u00e1 tempos adormecidos, experimenta\u00e7\u00f5es e grava\u00e7\u00f5es caseiras, que ap\u00f3s dez anos em decanta\u00e7\u00e3o voltam a ver a luz sob novos arranjos, encerrados agora neste registro baseado em pesquisas de sonoridades e texturas org\u00e2nicas, ac\u00fasticas e eletr\u00f4nicas.<\/p>\n<p>Uma deambula\u00e7\u00e3o, entre o contemplativo e o imersivo.<\/p>\n","protected":false},"excerpt":{"rendered":"<p>\u2022 Faixas:<br \/>\n01 &#8211; D\u00e9cada<br \/>\n02 &#8211; Noturna<br \/>\n03 &#8211; V\u00e3o<br \/>\n04 &#8211; Cerrado<br \/>\n05 &#8211; Tempos Mortos<br \/>\n06 &#8211; Cena 06<br \/>\n07 &#8211; Aurora<\/p>\n<p>\u2022 Brava Edi\u00e7\u00f5es | 2021<\/p>\n<p>\u2022 Formato: Fita cassete.<br \/>\nEdi\u00e7\u00e3o de 30 cassetes virgens antigos numerados, 24&#8243; cada lado, \u00e1lbum integral gravado nos 2 lados com download gratuito do \u00e1lbum completo com faixa b\u00f4nus inclu\u00eddo.<\/p>\n<p>Composi\u00e7\u00f5es, arranjos, guitarra, desenhos de som, baixo, efeitos, sintetizador, <em>drum machine<\/em>, grava\u00e7\u00e3o*, mixagem e masteriza\u00e7\u00e3o: Bruno Palazzo<\/p>\n<p>Participa\u00e7\u00f5es:<br \/>\nFaixa 04: Pacola (Casio SK-1)<br \/>\nFaixa 05: Philip Somervell (piano Wurlitzer)<br \/>\nFaixa 06: Daniel Neumann (grava\u00e7\u00e3o*)<br \/>\nFaixa 07: Pacola (pratos) e Hugo Frasa (tambor)<\/p>\n<p>Foto da capa: Maya Guizzo<br \/>\nArte final: Oh Cesar e Brava<\/p>\n<p>Lan\u00e7ado em Janeiro de 2021 pela Brava Edi\u00e7\u00f5es.<\/p>\n","protected":false},"featured_media":3432,"template":"","meta":[],"product_brand":[],"product_cat":[524,813,531],"product_tag":[814,818,819,822,821,817,820,823,552,824,511],"class_list":{"0":"post-3431","1":"product","2":"type-product","3":"status-publish","4":"has-post-thumbnail","6":"product_cat-brava-edicoes","7":"product_cat-bruno-palazzo","8":"product_cat-cassete","9":"product_tag-ambient-rock","10":"product_tag-bruno-palazzo","11":"product_tag-caipira-shoegaze","12":"product_tag-daniel-neumann","13":"product_tag-guilherme-pacola","14":"product_tag-guitar-loops","15":"product_tag-hugo-frasa","16":"product_tag-maya-guizzo","17":"product_tag-philip-somervell","18":"product_tag-road-album","19":"product_tag-sao-paulo","21":"first","22":"instock","23":"shipping-taxable","24":"purchasable","25":"product-type-simple"},"_links":{"self":[{"href":"https:\/\/brava.etc.br\/loja\/wp-json\/wp\/v2\/product\/3431","targetHints":{"allow":["GET"]}}],"collection":[{"href":"https:\/\/brava.etc.br\/loja\/wp-json\/wp\/v2\/product"}],"about":[{"href":"https:\/\/brava.etc.br\/loja\/wp-json\/wp\/v2\/types\/product"}],"wp:featuredmedia":[{"embeddable":true,"href":"https:\/\/brava.etc.br\/loja\/wp-json\/wp\/v2\/media\/3432"}],"wp:attachment":[{"href":"https:\/\/brava.etc.br\/loja\/wp-json\/wp\/v2\/media?parent=3431"}],"wp:term":[{"taxonomy":"product_brand","embeddable":true,"href":"https:\/\/brava.etc.br\/loja\/wp-json\/wp\/v2\/product_brand?post=3431"},{"taxonomy":"product_cat","embeddable":true,"href":"https:\/\/brava.etc.br\/loja\/wp-json\/wp\/v2\/product_cat?post=3431"},{"taxonomy":"product_tag","embeddable":true,"href":"https:\/\/brava.etc.br\/loja\/wp-json\/wp\/v2\/product_tag?post=3431"}],"curies":[{"name":"wp","href":"https:\/\/api.w.org\/{rel}","templated":true}]}}