{"id":3454,"date":"2021-03-25T14:22:43","date_gmt":"2021-03-25T14:22:43","guid":{"rendered":"https:\/\/brava.etc.br\/loja\/?post_type=product&#038;p=3454"},"modified":"2021-10-29T12:02:58","modified_gmt":"2021-10-29T12:02:58","slug":"hurtmold-mils-criancas","status":"publish","type":"product","link":"https:\/\/brava.etc.br\/loja\/produto\/hurtmold-mils-criancas\/","title":{"rendered":"Hurtmold &#8220;Mils Crian\u00e7as&#8221;"},"content":{"rendered":"<p>Reedi\u00e7\u00e3o especial\u00a0 limitada do vinil lan\u00e7ado em 2012.<\/p>\n","protected":false},"excerpt":{"rendered":"<p>\u2022 Faixas:<br \/>\nLado A<br \/>\n01. Naca<br \/>\n02. Snp<br \/>\n03. Hervi<br \/>\n04. Joji<br \/>\nLado B<br \/>\n01. Chavera<br \/>\n02. Beli<br \/>\n03. Tomele tomele<br \/>\n04. Cleptociprose<br \/>\n05. Pigarro<\/p>\n<p>\u2022 Submarine Recs | 2012<\/p>\n<p>\u2022 Formato: Vinil 12&#8243;<\/p>\n<p>Hurtmold \u00e9 Rog\u00e9rio Martins,\u00a0 Mario Cappi,\u00a0 Marcos Gerez,\u00a0 Maur\u00edcio Takara,\u00a0 Fernando Cappi,\u00a0 Guilherme Granado.<br \/>\nTodas as m\u00fasicas por Hurtmold.<\/p>\n<p class=\"western\">Gravado em Abril de 2012 por Fernando Sanches no Est\u00fadio El Rocha, S\u00e3o Paulo \/Brasil.<br \/>\nMixado por Scotty Hard com assist\u00eancia de Tim Fodness no Ingua Recording, Brooklyn, NY \/USA<br \/>\nMasterizado por Michael Fossenkemper no Turtletone Studio, NY \/USA<\/p>\n<p class=\"western\">Arte: Mario Cappi \/ Guilherme Granado<br \/>\nLayout: Marcos Gerez \/ Marcelo Magalh\u00e3es<\/p>\n","protected":false},"featured_media":3455,"template":"","meta":[],"product_brand":[],"product_cat":[833,550,528],"product_tag":[829,830,831,827,826,828,832,825],"class_list":{"0":"post-3454","1":"product","2":"type-product","3":"status-publish","4":"has-post-thumbnail","6":"product_cat-hurtmold-sp","7":"product_cat-submarine-recs","8":"product_cat-vinil-12","9":"product_tag-fernando-cappi","10":"product_tag-guilherme-granado","11":"product_tag-instrumental","12":"product_tag-marcos-gerez","13":"product_tag-mario-cappi","14":"product_tag-mauricio-takara","15":"product_tag-pos-rock","16":"product_tag-rogerio-martins","18":"first","19":"outofstock","20":"shipping-taxable","21":"purchasable","22":"product-type-simple"},"_links":{"self":[{"href":"https:\/\/brava.etc.br\/loja\/wp-json\/wp\/v2\/product\/3454","targetHints":{"allow":["GET"]}}],"collection":[{"href":"https:\/\/brava.etc.br\/loja\/wp-json\/wp\/v2\/product"}],"about":[{"href":"https:\/\/brava.etc.br\/loja\/wp-json\/wp\/v2\/types\/product"}],"wp:featuredmedia":[{"embeddable":true,"href":"https:\/\/brava.etc.br\/loja\/wp-json\/wp\/v2\/media\/3455"}],"wp:attachment":[{"href":"https:\/\/brava.etc.br\/loja\/wp-json\/wp\/v2\/media?parent=3454"}],"wp:term":[{"taxonomy":"product_brand","embeddable":true,"href":"https:\/\/brava.etc.br\/loja\/wp-json\/wp\/v2\/product_brand?post=3454"},{"taxonomy":"product_cat","embeddable":true,"href":"https:\/\/brava.etc.br\/loja\/wp-json\/wp\/v2\/product_cat?post=3454"},{"taxonomy":"product_tag","embeddable":true,"href":"https:\/\/brava.etc.br\/loja\/wp-json\/wp\/v2\/product_tag?post=3454"}],"curies":[{"name":"wp","href":"https:\/\/api.w.org\/{rel}","templated":true}]}}