{"id":448,"date":"2014-02-07T14:22:28","date_gmt":"2014-02-07T14:22:28","guid":{"rendered":"http:\/\/www.brava.etc.br\/loja\/?p=448"},"modified":"2024-03-22T21:48:51","modified_gmt":"2024-03-22T21:48:51","slug":"objeto-amarelo-sinais-de-fumaca-cd","status":"publish","type":"product","link":"https:\/\/brava.etc.br\/loja\/produto\/objeto-amarelo-sinais-de-fumaca-cd\/","title":{"rendered":"Objeto Amarelo\u00a0\u00a0Sinais de Fuma\u00e7a (CD)"},"content":{"rendered":"<p>\u2022 Faixas:<br \/>\n1.<br \/>\n2.<br \/>\n3.<br \/>\n4.<br \/>\n5.<br \/>\n6.<br \/>\n7.<br \/>\n8.<\/p>\n<p>\u2022 POAP | 2009<\/p>\n<p>\u2022 Formato: Envelope, CD-R<\/p>\n<p>S\u00e9rie limitada de 100 c\u00f3pias.<br \/>\nGravado no <b>Est\u00fadio Amarelo<\/b>, este CD foi parte integrante da exposi\u00e7\u00e3o coletiva &#8220;<b><i>Sinais de Fuma\u00e7a<\/i><\/b>&#8220;, da qual <b>Carlos Issa<\/b> participou em 2009 no Centro Cultural S\u00e3o Paulo.<\/p>\n","protected":false},"excerpt":{"rendered":"<p>iiiii<\/p>\n","protected":false},"featured_media":449,"template":"","meta":[],"product_brand":[],"product_cat":[527,582,642],"product_tag":[],"class_list":{"0":"post-448","1":"product","2":"type-product","3":"status-publish","4":"has-post-thumbnail","6":"product_cat-cd","7":"product_cat-objeto-amarelo","8":"product_cat-poap","10":"first","11":"instock","12":"shipping-taxable","13":"purchasable","14":"product-type-simple"},"_links":{"self":[{"href":"https:\/\/brava.etc.br\/loja\/wp-json\/wp\/v2\/product\/448","targetHints":{"allow":["GET"]}}],"collection":[{"href":"https:\/\/brava.etc.br\/loja\/wp-json\/wp\/v2\/product"}],"about":[{"href":"https:\/\/brava.etc.br\/loja\/wp-json\/wp\/v2\/types\/product"}],"wp:featuredmedia":[{"embeddable":true,"href":"https:\/\/brava.etc.br\/loja\/wp-json\/wp\/v2\/media\/449"}],"wp:attachment":[{"href":"https:\/\/brava.etc.br\/loja\/wp-json\/wp\/v2\/media?parent=448"}],"wp:term":[{"taxonomy":"product_brand","embeddable":true,"href":"https:\/\/brava.etc.br\/loja\/wp-json\/wp\/v2\/product_brand?post=448"},{"taxonomy":"product_cat","embeddable":true,"href":"https:\/\/brava.etc.br\/loja\/wp-json\/wp\/v2\/product_cat?post=448"},{"taxonomy":"product_tag","embeddable":true,"href":"https:\/\/brava.etc.br\/loja\/wp-json\/wp\/v2\/product_tag?post=448"}],"curies":[{"name":"wp","href":"https:\/\/api.w.org\/{rel}","templated":true}]}}