{"id":9178,"date":"2021-10-19T21:36:27","date_gmt":"2021-10-19T21:36:27","guid":{"rendered":"https:\/\/brava.etc.br\/loja\/?post_type=product&#038;p=9178"},"modified":"2022-03-22T14:28:47","modified_gmt":"2022-03-22T14:28:47","slug":"pallidum-cold","status":"publish","type":"product","link":"https:\/\/brava.etc.br\/loja\/produto\/pallidum-cold\/","title":{"rendered":"Pallidum &#8216;Cold&#8217;"},"content":{"rendered":"<p>Pallidum \u00e9 industrial noise \/ power electronics baseado em S\u00e3o Paulo.<br \/>\n10 faixas gravadas em 3 sess\u00f5es.<\/p>\n<p>Previamente lan\u00e7ado pelo selo de m\u00fasica experimental brit\u00e2nico &#8216;Throne of Bael Records&#8217; em Abril de 2018, que encerrou as atividades em 2020 deixando este \u00e1lbum sem um domic\u00edlio sonoro, Pallidum &#8216;Cold&#8217; \u00e9 agora amadrinhado pela Brava.<\/p>\n<p>&#8211;<\/p>\n<p><em>Pallidum is Sao Paulo based industrial noise \/ power electronics.<\/em><br \/>\n<em>10 tracks recorded on 3 sessions.<\/em><\/p>\n<p><em>Previously released by British experimental music label &#8216;Throne of Bael Records&#8217; in April 2018, which ended its activities in 2020 leaving this album musicaly unsheltered, Pallidum &#8216;Cold&#8217; is now matronized by Brava.<\/em><\/p>\n<p>&nbsp;<\/p>\n<p><iframe style=\"border: 0; width: 100%; height: 42px;\" src=\"https:\/\/bandcamp.com\/EmbeddedPlayer\/album=2709513657\/size=small\/bgcol=ffffff\/linkcol=de270f\/transparent=true\/\" seamless=\"\"><a href=\"https:\/\/brava.bandcamp.com\/album\/cold\">Cold by Pallidum<\/a><\/iframe><\/p>\n","protected":false},"excerpt":{"rendered":"<p>\u2022 Faixas:<br \/>\n01. Intro<br \/>\n02. Religious Vomit<br \/>\n03. Cold<br \/>\n04. Bullet<br \/>\n05. pg 119<br \/>\n06. Anger Management<br \/>\n07. ktpts<br \/>\n08. Barbie and Ken<br \/>\n09. Camouflage<br \/>\n10. Outro<\/p>\n<p>&nbsp;<\/p>\n<p>\u2022 Brava Edi\u00e7\u00f5es | 2021<\/p>\n<p>\u2022 Formato: Fita cassete<\/p>\n<p>Edi\u00e7\u00e3o limitada de 6 cassetes de marcas variadas numerados, 30\u2033 cada lado, \u00e1lbum integral gravado nos 2 lados, com adesivos transparentes.<\/p>\n<p>Composi\u00e7\u00f5es e grava\u00e7\u00e3o: Miazzo<br \/>\nArte da capa: Miazzo<br \/>\nArte final: Brava<\/p>\n<p>Lan\u00e7ado em Abril de 2021 pela Brava Edi\u00e7\u00f5es.<\/p>\n","protected":false},"featured_media":9179,"template":"","meta":[],"product_brand":[],"product_cat":[524,531,901,902],"product_tag":[618,904,623,903,622,745],"class_list":{"0":"post-9178","1":"product","2":"type-product","3":"status-publish","4":"has-post-thumbnail","6":"product_cat-brava-edicoes","7":"product_cat-cassete","8":"product_cat-miazzo-sp","9":"product_cat-pallidum-sp","10":"product_tag-eletronico","11":"product_tag-fvm","12":"product_tag-industrial","13":"product_tag-miazzo","14":"product_tag-noise","15":"product_tag-power-electronics","17":"first","18":"instock","19":"shipping-taxable","20":"purchasable","21":"product-type-simple"},"_links":{"self":[{"href":"https:\/\/brava.etc.br\/loja\/wp-json\/wp\/v2\/product\/9178","targetHints":{"allow":["GET"]}}],"collection":[{"href":"https:\/\/brava.etc.br\/loja\/wp-json\/wp\/v2\/product"}],"about":[{"href":"https:\/\/brava.etc.br\/loja\/wp-json\/wp\/v2\/types\/product"}],"wp:featuredmedia":[{"embeddable":true,"href":"https:\/\/brava.etc.br\/loja\/wp-json\/wp\/v2\/media\/9179"}],"wp:attachment":[{"href":"https:\/\/brava.etc.br\/loja\/wp-json\/wp\/v2\/media?parent=9178"}],"wp:term":[{"taxonomy":"product_brand","embeddable":true,"href":"https:\/\/brava.etc.br\/loja\/wp-json\/wp\/v2\/product_brand?post=9178"},{"taxonomy":"product_cat","embeddable":true,"href":"https:\/\/brava.etc.br\/loja\/wp-json\/wp\/v2\/product_cat?post=9178"},{"taxonomy":"product_tag","embeddable":true,"href":"https:\/\/brava.etc.br\/loja\/wp-json\/wp\/v2\/product_tag?post=9178"}],"curies":[{"name":"wp","href":"https:\/\/api.w.org\/{rel}","templated":true}]}}