{"id":9205,"date":"2021-07-16T19:37:38","date_gmt":"2021-07-16T19:37:38","guid":{"rendered":"https:\/\/brava.etc.br\/loja\/?post_type=product&#038;p=9205"},"modified":"2025-05-19T20:10:01","modified_gmt":"2025-05-19T20:10:01","slug":"cadu-tenorio-signal-eustasy-vi","status":"publish","type":"product","link":"https:\/\/brava.etc.br\/loja\/produto\/cadu-tenorio-signal-eustasy-vi\/","title":{"rendered":"Cadu Ten\u00f3rio &#8216;Signal Eustasy VI&#8217;"},"content":{"rendered":"<div dir=\"auto\">\n<p>&#8216;A <span class=\"nc684nl6\">Ultra Gash Records<\/span> e eu nomeamos essa edi\u00e7\u00e3o como &#8220;Numbered Deluxe Edition&#8221;. E consideramos mesmo que seja uma edi\u00e7\u00e3o de luxo, cada detalhe foi meticulosamente pensado e elaborado de forma que n\u00e3o fosse apenas &#8220;um objeto adicional&#8221; contendo ou simplesmente &#8220;embrulhando&#8221; as m\u00fasicas, mas que todo o conceito ficasse impresso nela, que &#8216;Signal Eustasy VI&#8217; fosse o todo, indissoci\u00e1vel: do painel formado pela capa at\u00e9 o CD pintado \u00e0 m\u00e3o dialogando com a arte interna, passando pela carta e pelos textos&#8230; Enfim, que houvesse uma experi\u00eancia t\u00e1til, na manipula\u00e7\u00e3o do objeto e a sensa\u00e7\u00e3o de descoberta dos v\u00e1rios elementos que formam o &#8220;puzzle&#8221;. E claro, que mesmo com a alcunha de &#8220;luxo&#8221; n\u00e3o perd\u00eassemos a sensa\u00e7\u00e3o do FA\u00c7A-VOC\u00ca-MESMO.&#8217; ~Cadu Ten\u00f3rio<\/p>\n<p>&#8211;<\/p>\n<\/div>\n<p>All music by Cadu Ten\u00f3rio and respective guests.<\/p>\n<p>Cadu Ten\u00f3rio: synths, drum machine, field recordings, prepared violin, amplified objects, tape manipulation, samples, processing, etc.<\/p>\n<p>Guests:<br \/>\nKiko Dinucci &#8211; acoustic guitar in &#8216;Heartless Angel&#8217; and &#8216;Gunblade&#8217;.<br \/>\nJu\u00e7ara Mar\u00e7al &#8211; vocals in &#8216;El-Seibzehn&#8217;.<br \/>\nEmygdio &#8211; additional synth line and drum machine in &#8216;El-Seibzehn&#8217;.<br \/>\nLucindo &#8211; additional synth lines in &#8216;Xibalba&#8217;, &#8216;Yellow Flower&#8217;, &#8216;Dronya&#8217; and &#8216;The Jetbike Race&#8217;, drum machine in &#8216;The Jetbike Race&#8217;.<br \/>\nL. Borgia Rossetti: guitar in &#8216;Mystic Eyes of Death Perception&#8217;; sax, electric piano and guitar in &#8216;Grimoire Noir&#8217;.<\/p>\n<p>Produced by Cadu Ten\u00f3rio<br \/>\nRecorded by Cadu Ten\u00f3rio<br \/>\nExcept for the guests &#8211; recorded in their respective homestudios.<br \/>\nMixed by Emygdio and Cadu Ten\u00f3rio<br \/>\nMastered by Emygdio<br \/>\nArtwork: Sayumi Kudo<br \/>\nAvatar by Anuviedo<br \/>\nCover design: Thiago Uehara<br \/>\nExecutive production: Cadu Ten\u00f3rio, Ultra Gash Records and Sinewave<\/p>\n<p>&nbsp;<\/p>\n<p><a href=\"https:\/\/cadutenorio.bandcamp.com\/album\/signal-eustasy-vi\" target=\"_blank\" rel=\"noopener\">https:\/\/cadutenorio.bandcamp.com\/album\/signal-eustasy-vi<\/a><\/p>\n<p>Ultra Gash Records &#8211; <a href=\"https:\/\/ultragashrecords.bandcamp.com\" target=\"_blank\" rel=\"noopener\">https:\/\/ultragashrecords.bandcamp.com<\/a><\/p>\n","protected":false},"excerpt":{"rendered":"<p>&#8220;Numbered Deluxe Edition&#8221;<\/p>\n<p>\u2022 Ultra Gash Records e Sinewave | 2021<\/p>\n<p>\u2022 Formato: CD. Acompanha encarte com texto de Cadu Ten\u00f3rio,\u00a0 ilustra\u00e7\u00e3o da artista japonesa Sayumi Kudo e 01 cart\u00e3o arcano desenhado por <span class=\"nc684nl6\">Ana Uviedo<\/span>. CDs pintados \u00e0 m\u00e3o. Edi\u00e7\u00e3o numerada.<\/p>\n","protected":false},"featured_media":9225,"template":"","meta":[],"product_brand":[],"product_cat":[753,527,911,910],"product_tag":[907,909,618,561,908,905,906],"class_list":{"0":"post-9205","1":"product","2":"type-product","3":"status-publish","4":"has-post-thumbnail","6":"product_cat-cadu-tenorio","7":"product_cat-cd","8":"product_cat-sinewave","9":"product_cat-ultra-gash-records","10":"product_tag-ambient","11":"product_tag-cassette-tape","12":"product_tag-eletronico","13":"product_tag-experimental","14":"product_tag-iceberg-core","15":"product_tag-jrpg-dungeon","16":"product_tag-synth","18":"first","19":"instock","20":"shipping-taxable","21":"purchasable","22":"product-type-simple"},"_links":{"self":[{"href":"https:\/\/brava.etc.br\/loja\/wp-json\/wp\/v2\/product\/9205","targetHints":{"allow":["GET"]}}],"collection":[{"href":"https:\/\/brava.etc.br\/loja\/wp-json\/wp\/v2\/product"}],"about":[{"href":"https:\/\/brava.etc.br\/loja\/wp-json\/wp\/v2\/types\/product"}],"wp:featuredmedia":[{"embeddable":true,"href":"https:\/\/brava.etc.br\/loja\/wp-json\/wp\/v2\/media\/9225"}],"wp:attachment":[{"href":"https:\/\/brava.etc.br\/loja\/wp-json\/wp\/v2\/media?parent=9205"}],"wp:term":[{"taxonomy":"product_brand","embeddable":true,"href":"https:\/\/brava.etc.br\/loja\/wp-json\/wp\/v2\/product_brand?post=9205"},{"taxonomy":"product_cat","embeddable":true,"href":"https:\/\/brava.etc.br\/loja\/wp-json\/wp\/v2\/product_cat?post=9205"},{"taxonomy":"product_tag","embeddable":true,"href":"https:\/\/brava.etc.br\/loja\/wp-json\/wp\/v2\/product_tag?post=9205"}],"curies":[{"name":"wp","href":"https:\/\/api.w.org\/{rel}","templated":true}]}}