{"id":9233,"date":"2021-10-20T13:16:20","date_gmt":"2021-10-20T13:16:20","guid":{"rendered":"https:\/\/brava.etc.br\/loja\/?post_type=product&#038;p=9233"},"modified":"2024-01-16T10:12:58","modified_gmt":"2024-01-16T10:12:58","slug":"tim-dahl-solo","status":"publish","type":"product","link":"https:\/\/brava.etc.br\/loja\/produto\/tim-dahl-solo\/","title":{"rendered":"Tim Dahl &#8216;SOLO&#8217;"},"content":{"rendered":"<div dir=\"auto\">\n<p>Tim Dahl \u2013 baixo el\u00e9trico e voz<br \/>\nGravado ao vivo em est\u00fadio com zero overdubs<\/p>\n<p>Produzido por Nandor Nevai e Tim Dahl<br \/>\nGravado por Nandor Nevai no Psykomanteum<br \/>\nMixado por Michael Coleman na casa de Tim Dahl, Rivington 66, e Figure 8 Studios NY\/NY<br \/>\nMasterizado por Colin Marston no The Thousand Caves NY\/NY<br \/>\nTodas as m\u00fasicas compostas e tocadas por Tim Dahl. ASCAP dahlsta usa<br \/>\nDigital e CDs lan\u00e7ados por Tim Dahl e 1584 productions<br \/>\nEdi\u00e7\u00e3o limitada de cassetes lan\u00e7ada por Brava Edi\u00e7\u00f5es e Tim Dahl<\/p>\n<p>&#8211;<\/p>\n<p><strong>Tim Dahl \u2018SOLO\u2019<\/strong><\/p>\n<\/div>\n<p>SOLO \u00e9 o t\u00edtulo e a descri\u00e7\u00e3o concisa do \u00e1lbum de estreia de Tim Dahl independente de um grupo. Ele traz somente Dahl no baixo el\u00e9trico e vocais e foi gravado ao vivo em est\u00fadio com zero overdubs. Embora se possa imaginar este processo e as ferramentas utilizadas nele como potencialmente limitantes, o espectro musical coberto neste \u00e1lbum \u00e9 t\u00e3o amplo e variado quanto se pode ouvir em um grande conjunto, com a polifonia e as amplas gamas de timbre e pitch a ele associadas.<\/p>\n<p>Esteticamente, Dahl apresenta ssua sonoridade e estilo caracter\u00edsticos, al\u00e9m de valer-se da sua experi\u00eancia profissional em g\u00eaneros como avant-garde, noise, free jazz, rock underground e composi\u00e7\u00e3o moderna. O resultado s\u00e3o de 12 pe\u00e7as musicais futur\u00edsticas\/n\u00e3o idiom\u00e1ticas, bem como esquetes interpoladas entre elas, que funcionam como coment\u00e1rios que situam sobre o pr\u00f3prio processo de produ\u00e7\u00e3o do \u00e1lbum. Com SOLO, Dahl une harmoniosamente todo seu universo musical em uma redu\u00e7\u00e3o singular que \u00e9 t\u00e3o convincente como qualquer um de seus trabalhos anteriores.<\/p>\n<p>Tim Dahl (NY) \u2013 <a href=\"https:\/\/brava.etc.br\/artistas-bandas\/tim-dahl\" target=\"_blank\" rel=\"noopener\">https:\/\/brava.etc.br\/artistas-bandas\/tim-dahl<\/a><\/p>\n","protected":false},"excerpt":{"rendered":"<p>\u2022 Brava Edi\u00e7\u00f5es | 2021<\/p>\n<p>\u2022 Formato: fitas cassetes. acompanha c\u00f3digo para baixar o \u00e1lbum completo em vers\u00e3o digital. edi\u00e7\u00e3o limitada de cassetes lan\u00e7ada apenas no Brasil.<\/p>\n","protected":false},"featured_media":9234,"template":"","meta":[],"product_brand":[],"product_cat":[524,531,912],"product_tag":[615,914,909,561,564,630,622,605,725,913,541],"class_list":{"0":"post-9233","1":"product","2":"type-product","3":"status-publish","4":"has-post-thumbnail","6":"product_cat-brava-edicoes","7":"product_cat-cassete","8":"product_cat-tim-dahl-ny","9":"product_tag-avant-garde","10":"product_tag-brooklyn","11":"product_tag-cassette-tape","12":"product_tag-experimental","13":"product_tag-free-jazz","14":"product_tag-improvisacao","15":"product_tag-noise","16":"product_tag-noise-rock","17":"product_tag-ny","18":"product_tag-prog-rock","19":"product_tag-tim-dahl","21":"first","22":"instock","23":"shipping-taxable","24":"purchasable","25":"product-type-simple"},"_links":{"self":[{"href":"https:\/\/brava.etc.br\/loja\/wp-json\/wp\/v2\/product\/9233","targetHints":{"allow":["GET"]}}],"collection":[{"href":"https:\/\/brava.etc.br\/loja\/wp-json\/wp\/v2\/product"}],"about":[{"href":"https:\/\/brava.etc.br\/loja\/wp-json\/wp\/v2\/types\/product"}],"wp:featuredmedia":[{"embeddable":true,"href":"https:\/\/brava.etc.br\/loja\/wp-json\/wp\/v2\/media\/9234"}],"wp:attachment":[{"href":"https:\/\/brava.etc.br\/loja\/wp-json\/wp\/v2\/media?parent=9233"}],"wp:term":[{"taxonomy":"product_brand","embeddable":true,"href":"https:\/\/brava.etc.br\/loja\/wp-json\/wp\/v2\/product_brand?post=9233"},{"taxonomy":"product_cat","embeddable":true,"href":"https:\/\/brava.etc.br\/loja\/wp-json\/wp\/v2\/product_cat?post=9233"},{"taxonomy":"product_tag","embeddable":true,"href":"https:\/\/brava.etc.br\/loja\/wp-json\/wp\/v2\/product_tag?post=9233"}],"curies":[{"name":"wp","href":"https:\/\/api.w.org\/{rel}","templated":true}]}}