{"id":9303,"date":"2021-10-26T15:17:05","date_gmt":"2021-10-26T15:17:05","guid":{"rendered":"https:\/\/brava.etc.br\/loja\/?post_type=product&#038;p=9303"},"modified":"2022-06-24T22:04:29","modified_gmt":"2022-06-24T22:04:29","slug":"test-cafe","status":"publish","type":"product","link":"https:\/\/brava.etc.br\/loja\/produto\/test-cafe\/","title":{"rendered":"Test &#8216;Caf\u00e9&#8217;"},"content":{"rendered":"<p>Caf\u00e9 grinded.<\/p>\n<p>Edi\u00e7\u00e3o especial, poucas unidades dispon\u00edveis.<\/p>\n<p>&nbsp;<\/p>\n<p>&nbsp;<\/p>\n<div style=\"width: 327px;\" class=\"wp-video\"><video class=\"wp-video-shortcode\" id=\"video-9303-1\" width=\"327\" height=\"180\" preload=\"metadata\" controls=\"controls\"><source type=\"video\/mp4\" src=\"https:\/\/brava.etc.br\/loja\/wp-content\/uploads\/2021\/10\/test-cafe-producao.mp4?_=1\" \/><a href=\"https:\/\/brava.etc.br\/loja\/wp-content\/uploads\/2021\/10\/test-cafe-producao.mp4\">https:\/\/brava.etc.br\/loja\/wp-content\/uploads\/2021\/10\/test-cafe-producao.mp4<\/a><\/video><\/div>\n","protected":false},"excerpt":{"rendered":"<p>100% Caf\u00e9 Ar\u00e1bica &#8211; Catua\u00ed Vermelho<br \/>\nTipo simples . Torra extra forte<br \/>\nCh\u00e1cara Acracia &#8211; Varre-Sai . RJ . Brasil<\/p>\n<p>Produzido e colhido por Humanos Mortos! Prod.<br \/>\nTorrado e mo\u00eddo por Caf\u00e9 Vargas<br \/>\nArte por Dea Lellis para o \u00e1lbum Test &#8216;Bal\u00e3o de Azar&#8217;<\/p>\n","protected":false},"featured_media":9308,"template":"","meta":[],"product_brand":[],"product_cat":[923,583],"product_tag":[924],"class_list":{"0":"post-9303","1":"product","2":"type-product","3":"status-publish","4":"has-post-thumbnail","6":"product_cat-etc","7":"product_cat-test","8":"product_tag-cafe","10":"first","11":"outofstock","12":"shipping-taxable","13":"purchasable","14":"product-type-simple"},"_links":{"self":[{"href":"https:\/\/brava.etc.br\/loja\/wp-json\/wp\/v2\/product\/9303","targetHints":{"allow":["GET"]}}],"collection":[{"href":"https:\/\/brava.etc.br\/loja\/wp-json\/wp\/v2\/product"}],"about":[{"href":"https:\/\/brava.etc.br\/loja\/wp-json\/wp\/v2\/types\/product"}],"wp:featuredmedia":[{"embeddable":true,"href":"https:\/\/brava.etc.br\/loja\/wp-json\/wp\/v2\/media\/9308"}],"wp:attachment":[{"href":"https:\/\/brava.etc.br\/loja\/wp-json\/wp\/v2\/media?parent=9303"}],"wp:term":[{"taxonomy":"product_brand","embeddable":true,"href":"https:\/\/brava.etc.br\/loja\/wp-json\/wp\/v2\/product_brand?post=9303"},{"taxonomy":"product_cat","embeddable":true,"href":"https:\/\/brava.etc.br\/loja\/wp-json\/wp\/v2\/product_cat?post=9303"},{"taxonomy":"product_tag","embeddable":true,"href":"https:\/\/brava.etc.br\/loja\/wp-json\/wp\/v2\/product_tag?post=9303"}],"curies":[{"name":"wp","href":"https:\/\/api.w.org\/{rel}","templated":true}]}}