{"id":9453,"date":"2022-03-22T14:09:01","date_gmt":"2022-03-22T14:09:01","guid":{"rendered":"https:\/\/brava.etc.br\/loja\/?post_type=product&#038;p=9453"},"modified":"2022-04-12T07:39:47","modified_gmt":"2022-04-12T07:39:47","slug":"god-pussy-territorio-marcado-por-sangue-inocente","status":"publish","type":"product","link":"https:\/\/brava.etc.br\/loja\/produto\/god-pussy-territorio-marcado-por-sangue-inocente\/","title":{"rendered":"God Pussy &#8216;Territ\u00f3rio Marcado Por Sangue Inocente&#8217;"},"content":{"rendered":"<p>Uma forma inevit\u00e1vel de narrar as injusti\u00e7as e contestar os injustos, a partir das lutas do povo contra as grandes potencias, em uma era de guerras h\u00edbridas e de omiss\u00e3o, mis\u00e9ria, explora\u00e7\u00e3o e desumanidade. Temos questionamentos que s\u00e3o urgentes, e para n\u00f3s, qualquer resposta \u00f3bvia \u00e9 algo obsoleto. Esperamos que ningu\u00e9m se esque\u00e7a que a Am\u00e9rica Latina foi historicamente (des)constru\u00edda sobre sangue inocente&#8230; E o futuro n\u00e3o ser\u00e1 diferente.<\/p>\n<p>Masteriza\u00e7\u00e3o por Renato Godoy<\/p>\n","protected":false},"excerpt":{"rendered":"<p>\u2022 Dracul | 2021<\/p>\n<p>\u2022 Formato: fita cassete. vermelho transl\u00facido. 90 minutos.<\/p>\n","protected":false},"featured_media":9458,"template":"","meta":[],"product_brand":[],"product_cat":[531,931,929],"product_tag":[],"class_list":{"0":"post-9453","1":"product","2":"type-product","3":"status-publish","4":"has-post-thumbnail","6":"product_cat-cassete","7":"product_cat-dracul","8":"product_cat-god-pussy","10":"first","11":"outofstock","12":"shipping-taxable","13":"purchasable","14":"product-type-simple"},"_links":{"self":[{"href":"https:\/\/brava.etc.br\/loja\/wp-json\/wp\/v2\/product\/9453","targetHints":{"allow":["GET"]}}],"collection":[{"href":"https:\/\/brava.etc.br\/loja\/wp-json\/wp\/v2\/product"}],"about":[{"href":"https:\/\/brava.etc.br\/loja\/wp-json\/wp\/v2\/types\/product"}],"wp:featuredmedia":[{"embeddable":true,"href":"https:\/\/brava.etc.br\/loja\/wp-json\/wp\/v2\/media\/9458"}],"wp:attachment":[{"href":"https:\/\/brava.etc.br\/loja\/wp-json\/wp\/v2\/media?parent=9453"}],"wp:term":[{"taxonomy":"product_brand","embeddable":true,"href":"https:\/\/brava.etc.br\/loja\/wp-json\/wp\/v2\/product_brand?post=9453"},{"taxonomy":"product_cat","embeddable":true,"href":"https:\/\/brava.etc.br\/loja\/wp-json\/wp\/v2\/product_cat?post=9453"},{"taxonomy":"product_tag","embeddable":true,"href":"https:\/\/brava.etc.br\/loja\/wp-json\/wp\/v2\/product_tag?post=9453"}],"curies":[{"name":"wp","href":"https:\/\/api.w.org\/{rel}","templated":true}]}}