{"id":9456,"date":"2022-03-22T14:56:08","date_gmt":"2022-03-22T14:56:08","guid":{"rendered":"https:\/\/brava.etc.br\/loja\/?post_type=product&#038;p=9456"},"modified":"2026-03-12T00:20:03","modified_gmt":"2026-03-12T00:20:03","slug":"god-pussy-ruidos-por-odio","status":"publish","type":"product","link":"https:\/\/brava.etc.br\/loja\/produto\/god-pussy-ruidos-por-odio\/","title":{"rendered":"God Pussy &#8216;Ru\u00eddos Por \u00d3dio&#8217;"},"content":{"rendered":"","protected":false},"excerpt":{"rendered":"<p>God Pussy &#8211; Ru\u00eddos Por \u00d3dio<br \/>\nPatch bordado em couro vegano.<br \/>\nTamanho: 11 cm Largura | 5 cm Altura<br \/>\nEdi\u00e7\u00e3o Limitada.<\/p>\n","protected":false},"featured_media":9451,"template":"","meta":[],"product_brand":[],"product_cat":[929,932],"product_tag":[],"class_list":{"0":"post-9456","1":"product","2":"type-product","3":"status-publish","4":"has-post-thumbnail","6":"product_cat-god-pussy","7":"product_cat-patch","9":"first","10":"outofstock","11":"shipping-taxable","12":"purchasable","13":"product-type-simple"},"_links":{"self":[{"href":"https:\/\/brava.etc.br\/loja\/wp-json\/wp\/v2\/product\/9456","targetHints":{"allow":["GET"]}}],"collection":[{"href":"https:\/\/brava.etc.br\/loja\/wp-json\/wp\/v2\/product"}],"about":[{"href":"https:\/\/brava.etc.br\/loja\/wp-json\/wp\/v2\/types\/product"}],"wp:featuredmedia":[{"embeddable":true,"href":"https:\/\/brava.etc.br\/loja\/wp-json\/wp\/v2\/media\/9451"}],"wp:attachment":[{"href":"https:\/\/brava.etc.br\/loja\/wp-json\/wp\/v2\/media?parent=9456"}],"wp:term":[{"taxonomy":"product_brand","embeddable":true,"href":"https:\/\/brava.etc.br\/loja\/wp-json\/wp\/v2\/product_brand?post=9456"},{"taxonomy":"product_cat","embeddable":true,"href":"https:\/\/brava.etc.br\/loja\/wp-json\/wp\/v2\/product_cat?post=9456"},{"taxonomy":"product_tag","embeddable":true,"href":"https:\/\/brava.etc.br\/loja\/wp-json\/wp\/v2\/product_tag?post=9456"}],"curies":[{"name":"wp","href":"https:\/\/api.w.org\/{rel}","templated":true}]}}