{"id":9460,"date":"2022-03-22T11:14:18","date_gmt":"2022-03-22T11:14:18","guid":{"rendered":"https:\/\/brava.etc.br\/loja\/?post_type=product&#038;p=9460"},"modified":"2022-04-11T13:15:20","modified_gmt":"2022-04-11T13:15:20","slug":"god-pussy-o-corpo-grita-um-silencio-esmagador","status":"publish","type":"product","link":"https:\/\/brava.etc.br\/loja\/produto\/god-pussy-o-corpo-grita-um-silencio-esmagador\/","title":{"rendered":"God Pussy &#8216;O Corpo Grita Um Sil\u00eancio Esmagador&#8217;"},"content":{"rendered":"<p>O alarmante ciclo de mis\u00e9ria e da busca pela sobreviv\u00eancia passa de gera\u00e7\u00e3o em gera\u00e7\u00e3o, onde locais de extrema pobreza e trabalho infantil s\u00e3o considerados comuns, denegrindo a inf\u00e2ncia enquanto o crescimento econ\u00f4mico do propriet\u00e1rio local, s\u00f3 avan\u00e7a&#8230; Uma ruptura ao desenvolvimento pela cidadania e pela exig\u00eancia educacional, n\u00e3o existe nenhum processo inclusivo projetado para futuros profissionais qualificados. \u00c9 normal encontrar fam\u00edlias que consideram esse tipo de atividades comum, leva inconscientemente a afirmar que \u201c\u00e9 melhor trabalhar do que est\u00e1 na rua\u201d, criando assim um c\u00edrculo devastador de analfabetos e pessoas que est\u00e3o aqui apenas para garantir sua sobreviv\u00eancia; sem perspectivas para o futuro ou melhoria de vidas.<\/p>\n<p>EDUCA\u00c7\u00c3O \u00e9 LIBERTADORA, o TRABALHO escravo INFANTIL N\u00c3O!<\/p>\n<p>V\u00eddeo-Clip oficial: For\u00e7a Da Nebulosa Circunst\u00e2ncia<br \/>\n<a href=\"https:\/\/www.youtube.com\/watch?v=N6auth3OwsA&amp;ab\" target=\"_blank\" rel=\"nofollow noopener ugc\">www.youtube.com\/watch?v=N6auth3OwsA&amp;ab<\/a><\/p>\n","protected":false},"excerpt":{"rendered":"<p>\u2022 independente | 2021<\/p>\n<p>\u2022 Formato: CD. Envelope de papel com encarte xerocado.<\/p>\n","protected":false},"featured_media":9461,"template":"","meta":[],"product_brand":[],"product_cat":[527,929,930],"product_tag":[],"class_list":{"0":"post-9460","1":"product","2":"type-product","3":"status-publish","4":"has-post-thumbnail","6":"product_cat-cd","7":"product_cat-god-pussy","8":"product_cat-independente","10":"first","11":"outofstock","12":"shipping-taxable","13":"purchasable","14":"product-type-simple"},"_links":{"self":[{"href":"https:\/\/brava.etc.br\/loja\/wp-json\/wp\/v2\/product\/9460","targetHints":{"allow":["GET"]}}],"collection":[{"href":"https:\/\/brava.etc.br\/loja\/wp-json\/wp\/v2\/product"}],"about":[{"href":"https:\/\/brava.etc.br\/loja\/wp-json\/wp\/v2\/types\/product"}],"wp:featuredmedia":[{"embeddable":true,"href":"https:\/\/brava.etc.br\/loja\/wp-json\/wp\/v2\/media\/9461"}],"wp:attachment":[{"href":"https:\/\/brava.etc.br\/loja\/wp-json\/wp\/v2\/media?parent=9460"}],"wp:term":[{"taxonomy":"product_brand","embeddable":true,"href":"https:\/\/brava.etc.br\/loja\/wp-json\/wp\/v2\/product_brand?post=9460"},{"taxonomy":"product_cat","embeddable":true,"href":"https:\/\/brava.etc.br\/loja\/wp-json\/wp\/v2\/product_cat?post=9460"},{"taxonomy":"product_tag","embeddable":true,"href":"https:\/\/brava.etc.br\/loja\/wp-json\/wp\/v2\/product_tag?post=9460"}],"curies":[{"name":"wp","href":"https:\/\/api.w.org\/{rel}","templated":true}]}}