{"id":9463,"date":"2022-03-22T12:29:17","date_gmt":"2022-03-22T12:29:17","guid":{"rendered":"https:\/\/brava.etc.br\/loja\/?post_type=product&#038;p=9463"},"modified":"2022-04-12T07:39:48","modified_gmt":"2022-04-12T07:39:48","slug":"god-pussy-guetto-guerrilha","status":"publish","type":"product","link":"https:\/\/brava.etc.br\/loja\/produto\/god-pussy-guetto-guerrilha\/","title":{"rendered":"God Pussy &#8216;Guetto Guerrilha&#8217;"},"content":{"rendered":"<p>\u2022 Noxious Upsurge \/ Dont Stop Noise Records \/ E.S.O.D. Productions | 2020<\/p>\n<p>\u2022 Formato: CD. Case de pl\u00e1stico 2 abas.<\/p>\n","protected":false},"excerpt":{"rendered":"<p>Mantendo a ess\u00eancia perpetua ORIGIN\u00c1RIA, longe de MONOP\u00d3LIO e se esquivando das ILUS\u00d5ES e do FRAGMENTO de viol\u00eancia, nos restou o TRAUMA e RU\u00cdNAS. Uma vida em EQUIL\u00cdBRIO, disciplina e PRUD\u00caNCIA, desligando o modo IRRACIONAL, ligado ao ESCR\u00daPULO em meio \u00e0 NEUROSE de OUTRORA causando de vida MISER\u00c1VEL; a OBSESS\u00c3O mesclado a PARANOIA e pedidos de MISERIC\u00d3RDIA&#8230; Do paradigma ao dialeto do gueto, s\u00f3 restou n\u00f3s por n\u00f3s mesmo.<\/p>\n","protected":false},"featured_media":9464,"template":"","meta":[],"product_brand":[],"product_cat":[527,929],"product_tag":[],"class_list":{"0":"post-9463","1":"product","2":"type-product","3":"status-publish","4":"has-post-thumbnail","6":"product_cat-cd","7":"product_cat-god-pussy","9":"first","10":"outofstock","11":"shipping-taxable","12":"purchasable","13":"product-type-simple"},"_links":{"self":[{"href":"https:\/\/brava.etc.br\/loja\/wp-json\/wp\/v2\/product\/9463","targetHints":{"allow":["GET"]}}],"collection":[{"href":"https:\/\/brava.etc.br\/loja\/wp-json\/wp\/v2\/product"}],"about":[{"href":"https:\/\/brava.etc.br\/loja\/wp-json\/wp\/v2\/types\/product"}],"wp:featuredmedia":[{"embeddable":true,"href":"https:\/\/brava.etc.br\/loja\/wp-json\/wp\/v2\/media\/9464"}],"wp:attachment":[{"href":"https:\/\/brava.etc.br\/loja\/wp-json\/wp\/v2\/media?parent=9463"}],"wp:term":[{"taxonomy":"product_brand","embeddable":true,"href":"https:\/\/brava.etc.br\/loja\/wp-json\/wp\/v2\/product_brand?post=9463"},{"taxonomy":"product_cat","embeddable":true,"href":"https:\/\/brava.etc.br\/loja\/wp-json\/wp\/v2\/product_cat?post=9463"},{"taxonomy":"product_tag","embeddable":true,"href":"https:\/\/brava.etc.br\/loja\/wp-json\/wp\/v2\/product_tag?post=9463"}],"curies":[{"name":"wp","href":"https:\/\/api.w.org\/{rel}","templated":true}]}}