{"id":9466,"date":"2022-03-22T09:37:36","date_gmt":"2022-03-22T09:37:36","guid":{"rendered":"https:\/\/brava.etc.br\/loja\/?post_type=product&#038;p=9466"},"modified":"2022-04-12T07:39:48","modified_gmt":"2022-04-12T07:39:48","slug":"god-pussy-governocidio","status":"publish","type":"product","link":"https:\/\/brava.etc.br\/loja\/produto\/god-pussy-governocidio\/","title":{"rendered":"God Pussy &#8216; Governoc\u00eddio&#8217;"},"content":{"rendered":"<p>\u2022 Darker Days Ahead \/ Terceiro Mundo Chaos Discos | 2013<\/p>\n<p>\u2022 Formato: CD. Case de acr\u00edlico.<\/p>\n","protected":false},"excerpt":{"rendered":"<p>Governoc\u00eddio acompanha de 60 faixas de puro harsh noise, totalizando um pouco mais de 1 hora de m\u00fasica desconfort\u00e1vel, um ataque pesado de ru\u00eddos \u00e1speros, mesmo que cada can\u00e7\u00e3o possui menos de um minuto de dura\u00e7\u00e3o, o \u00e1lbum t\u00eam intuito de ser agressivo e manter uma express\u00e3o de ru\u00eddo que tente abranger tons \u00e1spero que poderiam ser imaginados.<\/p>\n","protected":false},"featured_media":9467,"template":"","meta":[],"product_brand":[],"product_cat":[527,929],"product_tag":[],"class_list":{"0":"post-9466","1":"product","2":"type-product","3":"status-publish","4":"has-post-thumbnail","6":"product_cat-cd","7":"product_cat-god-pussy","9":"first","10":"outofstock","11":"shipping-taxable","12":"purchasable","13":"product-type-simple"},"_links":{"self":[{"href":"https:\/\/brava.etc.br\/loja\/wp-json\/wp\/v2\/product\/9466","targetHints":{"allow":["GET"]}}],"collection":[{"href":"https:\/\/brava.etc.br\/loja\/wp-json\/wp\/v2\/product"}],"about":[{"href":"https:\/\/brava.etc.br\/loja\/wp-json\/wp\/v2\/types\/product"}],"wp:featuredmedia":[{"embeddable":true,"href":"https:\/\/brava.etc.br\/loja\/wp-json\/wp\/v2\/media\/9467"}],"wp:attachment":[{"href":"https:\/\/brava.etc.br\/loja\/wp-json\/wp\/v2\/media?parent=9466"}],"wp:term":[{"taxonomy":"product_brand","embeddable":true,"href":"https:\/\/brava.etc.br\/loja\/wp-json\/wp\/v2\/product_brand?post=9466"},{"taxonomy":"product_cat","embeddable":true,"href":"https:\/\/brava.etc.br\/loja\/wp-json\/wp\/v2\/product_cat?post=9466"},{"taxonomy":"product_tag","embeddable":true,"href":"https:\/\/brava.etc.br\/loja\/wp-json\/wp\/v2\/product_tag?post=9466"}],"curies":[{"name":"wp","href":"https:\/\/api.w.org\/{rel}","templated":true}]}}