{"id":9468,"date":"2022-03-22T10:43:29","date_gmt":"2022-03-22T10:43:29","guid":{"rendered":"https:\/\/brava.etc.br\/loja\/?post_type=product&#038;p=9468"},"modified":"2022-04-11T13:15:21","modified_gmt":"2022-04-11T13:15:21","slug":"god-pussy-nao-vamos-dar-a-outra-face","status":"publish","type":"product","link":"https:\/\/brava.etc.br\/loja\/produto\/god-pussy-nao-vamos-dar-a-outra-face\/","title":{"rendered":"God Pussy &#8216;N\u00e3o Vamos Dar a Outra Face&#8217;"},"content":{"rendered":"<p>\u2022 independente | 2018<\/p>\n<p>\u2022 Formato: CD. Case de acr\u00edlico. Acompanha 01 patch.<\/p>\n","protected":false},"excerpt":{"rendered":"<p>Sejam bem-vindos, podem entrar, fique a vontade ao se instalar nesse imenso caos aonde o cen\u00e1rio e de guerra e mis\u00e9ria humana. Embora todo comportamento de manifesto-social sejam traduzidos e interpretados como \u2018vitimismo\u2019, esclarecemos nitidamente nossa autodefesa para combater o racismo escancarado, que \u00e9 transmitido atrav\u00e9s de palavras ofensivas e atitudes opressoras, nossas vozes t\u00eam poder e vamos us\u00e1-las para que n\u00e3o sejamos esmagados p\u00f4r esses comportamentos engajados em separatismo e racismo. Por toda essa resigna\u00e7\u00e3o, chegaram oferecendo cartas de alforria, p\u00f3s mutila\u00e7\u00e3o, retalia\u00e7\u00e3o e transtornos. Composto na sinopse ao del\u00edrio do indiv\u00edduo, toda liberdade travada e demasiada a ruptura de fragmentos cognitivos criando um terrorismo existencial.<\/p>\n<p>Em pleno s\u00e9culo XXI seres humanos est\u00e3o sendo vendidos como escravos, a verdade encoberta ao posicionamento de tirania e os abastecimentos da ignor\u00e2ncia elevam-se a um car\u00e1ter est\u00fapido e conceitos f\u00fateis, sem nenhum argumento conclusivo e v\u00e1lido perante seu racioc\u00ednio (?), estamos durante s\u00e9culos sofrendo pela prepot\u00eancia racista e discrimina\u00e7\u00e3o desnecess\u00e1ria por nossos iguais. Como se n\u00e3o fosse o bastante, somos condenados a servir e se submeter para que sejam consumada toda vossa energia de forma e for\u00e7a<span class=\"bcTruncateMore\">\u00a0bruta para atender a classe burguesa.<\/span><\/p>\n<p>Cansados desses momentos insuport\u00e1veis, percorrendo na busca de renov\u00e1veis energias e dignidade, retomamos a vida e imagina\u00e7\u00e3o para poss\u00edveis momentos por legitimidade e menos traumas, com base na luta e resist\u00eancia por essa passagem nesse mund\u00e3o de segrega\u00e7\u00e3o e precariedade, por um futuro menos prom\u00edscuo, mesmo que n\u00e3o encontremos o caminho, vamos buscar refer\u00eancias ao m\u00e1gico caminho da igualdade e respeito m\u00fatuo, sem apagar a nossa hist\u00f3ria, mais tentar fazer dessa jornada uma m\u00e1quina de for\u00e7as renov\u00e1veis para uma sobreviv\u00eancia com menos cicatrizes e sempre honrando a luta de nossos irm\u00e3os e irm\u00e3s que buscaram solu\u00e7\u00f5es para combater o genoc\u00eddio, o racismo, a gan\u00e2ncia, o poder&#8230; Por essa e outras n\u00e3o VAMOS DAR A OUTRA FACE.<\/p>\n<p>V\u00eddeo-Clip oficial &#8211; God Pussy &#8211; Racismo Nunca Deixou De Existir<br \/>\n<a href=\"https:\/\/www.youtube.com\/watch?v=VOl3hzwGxC0\" target=\"_blank\" rel=\"nofollow noopener ugc\">www.youtube.com\/watch?v=VOl3hzwGxC0<\/a><\/p>\n<p>V\u00eddeo-Clip oficial &#8211; God Pussy &#8211; Sobrevivendo em Meio \u00e1s Ru\u00ednas<br \/>\n<a href=\"https:\/\/www.youtube.com\/watch?v=CTfLFQchyAo\" target=\"_blank\" rel=\"nofollow noopener ugc\">www.youtube.com\/watch?v=CTfLFQchyAo<\/a><\/p>\n","protected":false},"featured_media":9469,"template":"","meta":[],"product_brand":[],"product_cat":[527,929,930],"product_tag":[],"class_list":{"0":"post-9468","1":"product","2":"type-product","3":"status-publish","4":"has-post-thumbnail","6":"product_cat-cd","7":"product_cat-god-pussy","8":"product_cat-independente","10":"first","11":"outofstock","12":"shipping-taxable","13":"purchasable","14":"product-type-simple"},"_links":{"self":[{"href":"https:\/\/brava.etc.br\/loja\/wp-json\/wp\/v2\/product\/9468","targetHints":{"allow":["GET"]}}],"collection":[{"href":"https:\/\/brava.etc.br\/loja\/wp-json\/wp\/v2\/product"}],"about":[{"href":"https:\/\/brava.etc.br\/loja\/wp-json\/wp\/v2\/types\/product"}],"wp:featuredmedia":[{"embeddable":true,"href":"https:\/\/brava.etc.br\/loja\/wp-json\/wp\/v2\/media\/9469"}],"wp:attachment":[{"href":"https:\/\/brava.etc.br\/loja\/wp-json\/wp\/v2\/media?parent=9468"}],"wp:term":[{"taxonomy":"product_brand","embeddable":true,"href":"https:\/\/brava.etc.br\/loja\/wp-json\/wp\/v2\/product_brand?post=9468"},{"taxonomy":"product_cat","embeddable":true,"href":"https:\/\/brava.etc.br\/loja\/wp-json\/wp\/v2\/product_cat?post=9468"},{"taxonomy":"product_tag","embeddable":true,"href":"https:\/\/brava.etc.br\/loja\/wp-json\/wp\/v2\/product_tag?post=9468"}],"curies":[{"name":"wp","href":"https:\/\/api.w.org\/{rel}","templated":true}]}}