{"id":9540,"date":"2022-06-17T12:52:59","date_gmt":"2022-06-17T12:52:59","guid":{"rendered":"https:\/\/brava.etc.br\/loja\/?post_type=product&#038;p=9540"},"modified":"2024-03-25T13:12:11","modified_gmt":"2024-03-25T13:12:11","slug":"bill-nace-live-at-tla-philadelphia-pa","status":"publish","type":"product","link":"https:\/\/brava.etc.br\/loja\/produto\/bill-nace-live-at-tla-philadelphia-pa\/","title":{"rendered":"Bill Nace &#8216;Live at TLA Philadelphia \/PA&#8217;"},"content":{"rendered":"<div dir=\"auto\">\n<p>Bill Nace &#8211; Taishogoto el\u00e9trico<\/p>\n<p>Set ao vivo no TLA Filad\u00e9lfia \/PA<\/p>\n<p>Gravado ao vivo em 16 de Mar\u00e7o de 2022 no Theatre of Living Arts (TLA), Filad\u00e9lfia \/PA por Joe Burns<br \/>\nArte e colagem da capa por Bill Nace<br \/>\nLan\u00e7ado apenas no Brasil em edi\u00e7\u00e3o limitada de cassetes pela Brava Edi\u00e7\u00f5es no Outono de 2022<\/p>\n<\/div>\n<p>Bill Nace (EUA) &#8211; <a href=\"https:\/\/brava.etc.br\/bill-nace\">https:\/\/brava.etc.br\/bill-nace<\/a><\/p>\n","protected":false},"excerpt":{"rendered":"<p>\u2022 Brava Edi\u00e7\u00f5es | 2022<\/p>\n<p>\u2022 Formato: fitas cassetes.<br \/>\nEdi\u00e7\u00e3o DIY limitada e numerada de 10 c\u00f3pias, lan\u00e7adas apenas no Brasil.<br \/>\nMesmo set de 30&#8243; nos 2 lados.<\/p>\n","protected":false},"featured_media":9541,"template":"","meta":[],"product_brand":[],"product_cat":[524,531],"product_tag":[935,909,561,936,630,937,622],"class_list":{"0":"post-9540","1":"product","2":"type-product","3":"status-publish","4":"has-post-thumbnail","6":"product_cat-brava-edicoes","7":"product_cat-cassete","8":"product_tag-bill-nace","9":"product_tag-cassette-tape","10":"product_tag-experimental","11":"product_tag-filadelfia","12":"product_tag-improvisacao","13":"product_tag-live-set","14":"product_tag-noise","16":"first","17":"outofstock","18":"shipping-taxable","19":"purchasable","20":"product-type-simple"},"_links":{"self":[{"href":"https:\/\/brava.etc.br\/loja\/wp-json\/wp\/v2\/product\/9540","targetHints":{"allow":["GET"]}}],"collection":[{"href":"https:\/\/brava.etc.br\/loja\/wp-json\/wp\/v2\/product"}],"about":[{"href":"https:\/\/brava.etc.br\/loja\/wp-json\/wp\/v2\/types\/product"}],"wp:featuredmedia":[{"embeddable":true,"href":"https:\/\/brava.etc.br\/loja\/wp-json\/wp\/v2\/media\/9541"}],"wp:attachment":[{"href":"https:\/\/brava.etc.br\/loja\/wp-json\/wp\/v2\/media?parent=9540"}],"wp:term":[{"taxonomy":"product_brand","embeddable":true,"href":"https:\/\/brava.etc.br\/loja\/wp-json\/wp\/v2\/product_brand?post=9540"},{"taxonomy":"product_cat","embeddable":true,"href":"https:\/\/brava.etc.br\/loja\/wp-json\/wp\/v2\/product_cat?post=9540"},{"taxonomy":"product_tag","embeddable":true,"href":"https:\/\/brava.etc.br\/loja\/wp-json\/wp\/v2\/product_tag?post=9540"}],"curies":[{"name":"wp","href":"https:\/\/api.w.org\/{rel}","templated":true}]}}