{"id":9556,"date":"2022-07-29T18:08:57","date_gmt":"2022-07-29T18:08:57","guid":{"rendered":"https:\/\/brava.etc.br\/loja\/?post_type=product&#038;p=9556"},"modified":"2024-12-13T11:10:12","modified_gmt":"2024-12-13T11:10:12","slug":"escafandro-3-luiz-galvao-e-natalia-francischini","status":"publish","type":"product","link":"https:\/\/brava.etc.br\/loja\/produto\/escafandro-3-luiz-galvao-e-natalia-francischini\/","title":{"rendered":"Escafandro #3 &#8211; Luiz Galv\u00e3o e Natalia Francischini"},"content":{"rendered":"<p>Luiz Galv\u00e3o \u2013 guitarra<br \/>\nNatalia Francischini \u2013 guitarra<\/p>\n<p>&nbsp;<\/p>\n<p>Gravado no 74 Club \/Santo Andr\u00e9 entre 2020 e 2021<br \/>\nCapta\u00e7\u00e3o e mixagem por Flavio Lazzarin<br \/>\nArte em xilogravura por Claudio Caropreso<br \/>\nLayout, produ\u00e7\u00e3o gr\u00e1fica e grava\u00e7\u00e3o das fitas por Brava<br \/>\nProdu\u00e7\u00e3o por Luiz Galv\u00e3o e Brava<br \/>\nLan\u00e7ado por Brava Edi\u00e7\u00f5es no Inverno de 2022<\/p>\n<p>&#8211;<\/p>\n<p>Escafandro \u00e9 uma s\u00e9rie de duos formados pelo guitarrista Luiz Galv\u00e3o e um\/a convidado\/a, em 4 sess\u00f5es de improvisa\u00e7\u00e3o livre gravadas no est\u00fadio 74 Club \/Santo Andr\u00e9 entre 2020 e 2021.<\/p>\n<p>conhe\u00e7a todas as edi\u00e7\u00f5es em:\u00a0<a href=\"http:\/\/brava.etc.br\/escafandro\" target=\"_blank\" rel=\"nofollow noopener ugc\">brava.etc.br\/escafandro<\/a><\/p>\n","protected":false},"excerpt":{"rendered":"<p>\u2022 Brava Edi\u00e7\u00f5es | 2022<\/p>\n<p>\u2022 Formato: fitas cassetes.<br \/>\nEdi\u00e7\u00e3o DIY limitada e numerada de 08 c\u00f3pias.<\/p>\n","protected":false},"featured_media":9557,"template":"","meta":[],"product_brand":[],"product_cat":[938,942],"product_tag":[940,943,630],"class_list":{"0":"post-9556","1":"product","2":"type-product","3":"status-publish","4":"has-post-thumbnail","6":"product_cat-luiz-galvao","7":"product_cat-natalia-francischini","8":"product_tag-74-club","9":"product_tag-escafandro","10":"product_tag-improvisacao","12":"first","13":"instock","14":"shipping-taxable","15":"purchasable","16":"product-type-simple"},"_links":{"self":[{"href":"https:\/\/brava.etc.br\/loja\/wp-json\/wp\/v2\/product\/9556","targetHints":{"allow":["GET"]}}],"collection":[{"href":"https:\/\/brava.etc.br\/loja\/wp-json\/wp\/v2\/product"}],"about":[{"href":"https:\/\/brava.etc.br\/loja\/wp-json\/wp\/v2\/types\/product"}],"wp:featuredmedia":[{"embeddable":true,"href":"https:\/\/brava.etc.br\/loja\/wp-json\/wp\/v2\/media\/9557"}],"wp:attachment":[{"href":"https:\/\/brava.etc.br\/loja\/wp-json\/wp\/v2\/media?parent=9556"}],"wp:term":[{"taxonomy":"product_brand","embeddable":true,"href":"https:\/\/brava.etc.br\/loja\/wp-json\/wp\/v2\/product_brand?post=9556"},{"taxonomy":"product_cat","embeddable":true,"href":"https:\/\/brava.etc.br\/loja\/wp-json\/wp\/v2\/product_cat?post=9556"},{"taxonomy":"product_tag","embeddable":true,"href":"https:\/\/brava.etc.br\/loja\/wp-json\/wp\/v2\/product_tag?post=9556"}],"curies":[{"name":"wp","href":"https:\/\/api.w.org\/{rel}","templated":true}]}}