{"id":9571,"date":"2022-07-29T19:26:40","date_gmt":"2022-07-29T19:26:40","guid":{"rendered":"https:\/\/brava.etc.br\/loja\/?post_type=product&#038;p=9571"},"modified":"2025-11-18T13:45:00","modified_gmt":"2025-11-18T13:45:00","slug":"escafandro-colecao-completa-04-fitas-cassete","status":"publish","type":"product","link":"https:\/\/brava.etc.br\/loja\/produto\/escafandro-colecao-completa-04-fitas-cassete\/","title":{"rendered":"&#8216;Escafandro&#8217; cole\u00e7\u00e3o completa 04 fitas cassete"},"content":{"rendered":"<p>#1<br \/>\nLuiz Galv\u00e3o \u2013 guitarra<br \/>\nFlavio Lazzarin \u2013 bateria<\/p>\n<p>#2<br \/>\nLuiz Galv\u00e3o \u2013 guitarra<br \/>\nThiago Salas \u2013 eletro-ac\u00fastica<\/p>\n<p>#3<br \/>\nLuiz Galv\u00e3o \u2013 guitarra<br \/>\nNatalia Francischini \u2013 guitarra<\/p>\n<p>#4<br \/>\nLuiz Galv\u00e3o \u2013 guitarra<br \/>\nRomulo Alexis \u2013 trompete, sopros<\/p>\n<p>&nbsp;<\/p>\n<p>Gravado no 74 Club \/Santo Andr\u00e9 entre 2020 e 2021<br \/>\nCapta\u00e7\u00e3o e mixagem por Flavio Lazzarin<br \/>\nArte em xilogravura por Claudio Caropreso<br \/>\nLayout, produ\u00e7\u00e3o gr\u00e1fica e grava\u00e7\u00e3o das fitas por Brava<br \/>\nProdu\u00e7\u00e3o por Luiz Galv\u00e3o e Brava<br \/>\nLan\u00e7ado por Brava Edi\u00e7\u00f5es no Inverno de 2022<\/p>\n<p>&#8211;<\/p>\n<p>Escafandro \u00e9 uma s\u00e9rie de duos formados pelo guitarrista Luiz Galv\u00e3o e um\/a convidado\/a, em 4 sess\u00f5es de improvisa\u00e7\u00e3o livre gravadas no est\u00fadio 74 Club \/Santo Andr\u00e9 entre 2020 e 2021.<\/p>\n<p>conhe\u00e7a todas as edi\u00e7\u00f5es em:\u00a0<a href=\"http:\/\/brava.etc.br\/escafandro\" target=\"_blank\" rel=\"nofollow noopener ugc\">brava.etc.br\/escafandro<\/a><\/p>\n","protected":false},"excerpt":{"rendered":"<p>\u2022 Brava Edi\u00e7\u00f5es | 2022<\/p>\n<p>\u2022 Formato: 04 fitas cassete. Cole\u00e7\u00e3o completa com as 04 edi\u00e7\u00f5es.<br \/>\nEdi\u00e7\u00e3o DIY limitada, fita numeradas.<\/p>\n","protected":false},"featured_media":9562,"template":"","meta":[],"product_brand":[],"product_cat":[534,531,938,942,944,941],"product_tag":[943],"class_list":{"0":"post-9571","1":"product","2":"type-product","3":"status-publish","4":"has-post-thumbnail","6":"product_cat-bandas","7":"product_cat-cassete","8":"product_cat-luiz-galvao","9":"product_cat-natalia-francischini","10":"product_cat-romulo-alexis","11":"product_cat-thiago-salas","12":"product_tag-escafandro","14":"first","15":"instock","16":"sale","17":"shipping-taxable","18":"purchasable","19":"product-type-simple"},"_links":{"self":[{"href":"https:\/\/brava.etc.br\/loja\/wp-json\/wp\/v2\/product\/9571","targetHints":{"allow":["GET"]}}],"collection":[{"href":"https:\/\/brava.etc.br\/loja\/wp-json\/wp\/v2\/product"}],"about":[{"href":"https:\/\/brava.etc.br\/loja\/wp-json\/wp\/v2\/types\/product"}],"wp:featuredmedia":[{"embeddable":true,"href":"https:\/\/brava.etc.br\/loja\/wp-json\/wp\/v2\/media\/9562"}],"wp:attachment":[{"href":"https:\/\/brava.etc.br\/loja\/wp-json\/wp\/v2\/media?parent=9571"}],"wp:term":[{"taxonomy":"product_brand","embeddable":true,"href":"https:\/\/brava.etc.br\/loja\/wp-json\/wp\/v2\/product_brand?post=9571"},{"taxonomy":"product_cat","embeddable":true,"href":"https:\/\/brava.etc.br\/loja\/wp-json\/wp\/v2\/product_cat?post=9571"},{"taxonomy":"product_tag","embeddable":true,"href":"https:\/\/brava.etc.br\/loja\/wp-json\/wp\/v2\/product_tag?post=9571"}],"curies":[{"name":"wp","href":"https:\/\/api.w.org\/{rel}","templated":true}]}}