{"id":9597,"date":"2022-05-02T18:49:44","date_gmt":"2022-05-02T18:49:44","guid":{"rendered":"https:\/\/brava.etc.br\/loja\/?post_type=product&#038;p=9597"},"modified":"2024-03-22T23:05:56","modified_gmt":"2024-03-22T23:05:56","slug":"em-extincao-god-pussy-split-a-unica-coisa-que-nao-morre-e-a-energia-k7","status":"publish","type":"product","link":"https:\/\/brava.etc.br\/loja\/produto\/em-extincao-god-pussy-split-a-unica-coisa-que-nao-morre-e-a-energia-k7\/","title":{"rendered":"em extin\u00e7\u00e3o + God Pussy split \u2018A \u00fanica coisa que n\u00e3o morre \u00e9 a energia\u2019"},"content":{"rendered":"<p>Split de em extin\u00e7\u00e3o e God Pussy, com 8 faixas de pura ruidagem: a 1\u00aa por em extin\u00e7\u00e3o (SP), a 2\u00aa por God Pussy (RJ), e assim por diante, revezando a press\u00e3o sonora de 2 ativos produtores de noise no Brasil hoje.<\/p>\n<p>&nbsp;<\/p>\n<p><iframe style=\"border: 0; width: 100%; height: 42px;\" src=\"https:\/\/bandcamp.com\/EmbeddedPlayer\/album=3337447732\/size=small\/bgcol=ffffff\/linkcol=de270f\/transparent=true\/\" seamless=\"\"><a href=\"https:\/\/brava.bandcamp.com\/album\/a-nica-coisa-que-n-o-morre-a-energia\">A \u00fanica coisa que n\u00e3o morre \u00e9 a energia by em extin\u00e7\u00e3o + God Pussy<\/a><\/iframe><\/p>\n","protected":false},"excerpt":{"rendered":"<p>\u2022 Faixas:<br \/>\nA<br \/>\n1. em extin\u00e7\u00e3o &#8211; H\u00f3spedes perigosos<br \/>\n2. em extin\u00e7\u00e3o &#8211; Monita secreta<br \/>\n3. em extin\u00e7\u00e3o &#8211; A Natureza n\u00e3o se deixa enganar<br \/>\n4. em extin\u00e7\u00e3o &#8211; Ferida que sangra e cheira mal<\/p>\n<p>B<br \/>\n1. God Pussy &#8211; Solidariedade negoci\u00e1vel<br \/>\n2. God Pussy &#8211; Militarismo vulner\u00e1vel<br \/>\n3. God Pussy &#8211; Ind\u00fastria da deporta\u00e7\u00e3o<br \/>\n4. God Pussy &#8211; Blindagem governamental<\/p>\n<p>\u2022 Brava Edi\u00e7\u00f5es, Dissonance from Hell e Fat Zombie | 2022<\/p>\n<p>\u2022 Formato: fita cassete. edi\u00e7\u00e3o de 20 c\u00f3pias numeradas.<br \/>\nGrava\u00e7\u00e3o e arte por Fat Zombie Productions<\/p>\n<p>&nbsp;<\/p>\n<p>Dispon\u00edvel tamb\u00e9m em <a href=\"https:\/\/brava.etc.br\/loja\/produto\/em-extincao-god-pussy-split-a-unica-coisa-que-nao-morre-e-a-energia\/\">CD<\/a><\/p>\n","protected":false},"featured_media":9598,"template":"","meta":[],"product_brand":[],"product_cat":[524,531,933,929],"product_tag":[934,622],"class_list":{"0":"post-9597","1":"product","2":"type-product","3":"status-publish","4":"has-post-thumbnail","6":"product_cat-brava-edicoes","7":"product_cat-cassete","8":"product_cat-em-extincao","9":"product_cat-god-pussy","10":"product_tag-harsh-noise","11":"product_tag-noise","13":"first","14":"instock","15":"shipping-taxable","16":"purchasable","17":"product-type-simple"},"_links":{"self":[{"href":"https:\/\/brava.etc.br\/loja\/wp-json\/wp\/v2\/product\/9597","targetHints":{"allow":["GET"]}}],"collection":[{"href":"https:\/\/brava.etc.br\/loja\/wp-json\/wp\/v2\/product"}],"about":[{"href":"https:\/\/brava.etc.br\/loja\/wp-json\/wp\/v2\/types\/product"}],"wp:featuredmedia":[{"embeddable":true,"href":"https:\/\/brava.etc.br\/loja\/wp-json\/wp\/v2\/media\/9598"}],"wp:attachment":[{"href":"https:\/\/brava.etc.br\/loja\/wp-json\/wp\/v2\/media?parent=9597"}],"wp:term":[{"taxonomy":"product_brand","embeddable":true,"href":"https:\/\/brava.etc.br\/loja\/wp-json\/wp\/v2\/product_brand?post=9597"},{"taxonomy":"product_cat","embeddable":true,"href":"https:\/\/brava.etc.br\/loja\/wp-json\/wp\/v2\/product_cat?post=9597"},{"taxonomy":"product_tag","embeddable":true,"href":"https:\/\/brava.etc.br\/loja\/wp-json\/wp\/v2\/product_tag?post=9597"}],"curies":[{"name":"wp","href":"https:\/\/api.w.org\/{rel}","templated":true}]}}