{"id":9612,"date":"2022-10-25T16:35:48","date_gmt":"2022-10-25T16:35:48","guid":{"rendered":"https:\/\/brava.etc.br\/loja\/?post_type=product&#038;p=9612"},"modified":"2025-10-02T22:24:37","modified_gmt":"2025-10-02T22:24:37","slug":"03-11-22-dror-feiler-rogerio-martins-luiz-galvao-e-wagner-ramos-thomas-rohrer-e-philip-somervell-na-associacao-cecilia","status":"publish","type":"product","link":"https:\/\/brava.etc.br\/loja\/produto\/03-11-22-dror-feiler-rogerio-martins-luiz-galvao-e-wagner-ramos-thomas-rohrer-e-philip-somervell-na-associacao-cecilia\/","title":{"rendered":"[03.11.22] Dror Feiler Rog\u00e9rio Martins, Luiz Galv\u00e3o e Wagner Ramos Thomas Rohrer e Philip Somervell na Associa\u00e7\u00e3o Cecilia"},"content":{"rendered":"<p><strong>Dror Feiler (Israel\/Su\u00e9cia)<br \/>\nRog\u00e9rio Martins, Luiz Galv\u00e3o e Wagner Ramos<br \/>\nThomas Rohrer e Philip Somervell<\/strong><\/p>\n<p><strong>03 de Novembro, quinta<br \/>\nAssocia\u00e7\u00e3o Cultural Cecilia<\/strong>\u00a0\u2013 R. Vitorino Carmilo 449, Santa Cecilia \/SP<br \/>\nbar: 19h<br \/>\nshows: 20h \u00e0s 23h<br \/>\nR$30<\/p>\n","protected":false},"excerpt":{"rendered":"<p>Dror Feiler (Israel\/Su\u00e9cia) Rog\u00e9rio Martins, Luiz Galv\u00e3o e Wagner Ramos Thomas Rohrer e Philip Somervell 03 de Novembro, quinta Associa\u00e7\u00e3o&#8230;<\/p>\n","protected":false},"featured_media":9613,"template":"","meta":[],"product_brand":[],"product_cat":[951],"product_tag":[],"class_list":{"0":"post-9612","1":"product","2":"type-product","3":"status-publish","4":"has-post-thumbnail","6":"product_cat-ingresso","8":"first","9":"outofstock","10":"virtual","11":"product-type-simple"},"_links":{"self":[{"href":"https:\/\/brava.etc.br\/loja\/wp-json\/wp\/v2\/product\/9612","targetHints":{"allow":["GET"]}}],"collection":[{"href":"https:\/\/brava.etc.br\/loja\/wp-json\/wp\/v2\/product"}],"about":[{"href":"https:\/\/brava.etc.br\/loja\/wp-json\/wp\/v2\/types\/product"}],"wp:featuredmedia":[{"embeddable":true,"href":"https:\/\/brava.etc.br\/loja\/wp-json\/wp\/v2\/media\/9613"}],"wp:attachment":[{"href":"https:\/\/brava.etc.br\/loja\/wp-json\/wp\/v2\/media?parent=9612"}],"wp:term":[{"taxonomy":"product_brand","embeddable":true,"href":"https:\/\/brava.etc.br\/loja\/wp-json\/wp\/v2\/product_brand?post=9612"},{"taxonomy":"product_cat","embeddable":true,"href":"https:\/\/brava.etc.br\/loja\/wp-json\/wp\/v2\/product_cat?post=9612"},{"taxonomy":"product_tag","embeddable":true,"href":"https:\/\/brava.etc.br\/loja\/wp-json\/wp\/v2\/product_tag?post=9612"}],"curies":[{"name":"wp","href":"https:\/\/api.w.org\/{rel}","templated":true}]}}