{"id":9750,"date":"2023-02-16T21:01:53","date_gmt":"2023-02-16T21:01:53","guid":{"rendered":"https:\/\/brava.etc.br\/loja\/?post_type=product&#038;p=9750"},"modified":"2025-05-19T19:48:45","modified_gmt":"2025-05-19T19:48:45","slug":"jucara-marcal-cadu-tenorio-anganga","status":"publish","type":"product","link":"https:\/\/brava.etc.br\/loja\/produto\/jucara-marcal-cadu-tenorio-anganga\/","title":{"rendered":"Ju\u00e7ara Mar\u00e7al &#038; Cadu Ten\u00f3rio &#8216;Anganga&#8217;"},"content":{"rendered":"<div dir=\"auto\">\n<div class=\"tralbumData tralbum-about\">\n<p>A cantora Ju\u00e7ara Mar\u00e7al e o m\u00fasico e experimentador carioca Cadu Tenorio apresentam Anganga, reinterpreta\u00e7\u00f5es contempor\u00e2neas de vissungos recolhidos por Aires da Mata Machado Filho em S\u00e3o Jo\u00e3o da Chapada, munic\u00edpio de Diamantina (MG) \u2014, al\u00e9m de cantos do Congado Mineiro.<\/p>\n<p>Anganga \u00e9 a entidade suprema do povo banto (\u201cAnganga Nzambi\u201d). A palavra consta do canto do congado \u201cGrande Anganga Muquixe\u201d, cujos versos indicam rever\u00eancia \u00e0quele cuja \u201cgunga n\u00e3o bambeia\u201d, o mestre, o mais velho. Trata-se de uma express\u00e3o que diz respeito \u00e0 rever\u00eancia ao passado.<\/p>\n<p>Os Cantos II, III, VI e VII presentes no disco s\u00e3o vissungos (cantos de trabalho) recolhidos por Aires da Mata Machado Filho na d\u00e9cada de 1920. O linguista registrou 65 partituras desses cantos no livro &#8220;O Negro e o Garimpo em Minas Gerais&#8221;.<\/p>\n<p>Em 1982, autorizou a grava\u00e7\u00e3o de catorze deles no \u00e1lbum &#8220;O Canto dos Escravos&#8221;, interpretados pelas vozes de Clementina de Jesus, Geraldo Filme e Tia Doca da Portela.<\/p>\n<p>\u201cEk\u00e1\u201d e \u201cTaio\u201d s\u00e3o composi\u00e7\u00f5es de Cadu Ten\u00f3rio com a colabora\u00e7\u00e3o de Ju\u00e7ara Mar\u00e7al.<\/p>\n<p>Produzido e arranjado por Cadu Ten\u00f3rio<br \/>\nGravado por Cadu Ten\u00f3rio no Est\u00fadio 503, exceto as vozes gravadas por Daniel Bozzio no Est\u00fadio Fine Tuning<br \/>\nMixado por Emygdio Costa e Cadu Ten\u00f3rio<br \/>\nMasterizado por Emygdio Costa<br \/>\nArte de Cadu Ten\u00f3rio<br \/>\nProjeto gr\u00e1fico de Mariana Mansur<br \/>\nFoto-montagem: Tay Nascimento<br \/>\nProdu\u00e7\u00e3o Executiva por Cadu Ten\u00f3rio e Bernardo Oliveira<\/p>\n<p>&nbsp;<\/p>\n<\/div>\n<\/div>\n<p><iframe style=\"border: 0; width: 100%; height: 42px;\" src=\"https:\/\/bandcamp.com\/EmbeddedPlayer\/album=2912180277\/size=small\/bgcol=ffffff\/linkcol=de270f\/transparent=true\/\" seamless=\"\"><a href=\"https:\/\/cadutenorio.bandcamp.com\/album\/anganga\">Anganga by Ju\u00e7ara Mar\u00e7al &amp; Cadu Ten\u00f3rio<\/a><\/iframe><\/p>\n","protected":false},"excerpt":{"rendered":"<p>\u2022 Sinewave e QTV | 2015<\/p>\n<p>\u2022 Formato: CD, digipack<\/p>\n","protected":false},"featured_media":9751,"template":"","meta":[],"product_brand":[],"product_cat":[753,527,954,538,911],"product_tag":[957,959,961,955,960,958,561,962,956],"class_list":{"0":"post-9750","1":"product","2":"type-product","3":"status-publish","4":"has-post-thumbnail","6":"product_cat-cadu-tenorio","7":"product_cat-cd","8":"product_cat-jucara-marcal","9":"product_cat-qtv","10":"product_cat-sinewave","11":"product_tag-aires-da-mata-machado-filho","12":"product_tag-banto","13":"product_tag-cadu-tenorio","14":"product_tag-canto-dos-escravos","15":"product_tag-clementina-de-jesus","16":"product_tag-congado-mineiro","17":"product_tag-experimental","18":"product_tag-jucara-marcal","19":"product_tag-vissungos","21":"first","22":"instock","23":"shipping-taxable","24":"purchasable","25":"product-type-simple"},"_links":{"self":[{"href":"https:\/\/brava.etc.br\/loja\/wp-json\/wp\/v2\/product\/9750","targetHints":{"allow":["GET"]}}],"collection":[{"href":"https:\/\/brava.etc.br\/loja\/wp-json\/wp\/v2\/product"}],"about":[{"href":"https:\/\/brava.etc.br\/loja\/wp-json\/wp\/v2\/types\/product"}],"wp:featuredmedia":[{"embeddable":true,"href":"https:\/\/brava.etc.br\/loja\/wp-json\/wp\/v2\/media\/9751"}],"wp:attachment":[{"href":"https:\/\/brava.etc.br\/loja\/wp-json\/wp\/v2\/media?parent=9750"}],"wp:term":[{"taxonomy":"product_brand","embeddable":true,"href":"https:\/\/brava.etc.br\/loja\/wp-json\/wp\/v2\/product_brand?post=9750"},{"taxonomy":"product_cat","embeddable":true,"href":"https:\/\/brava.etc.br\/loja\/wp-json\/wp\/v2\/product_cat?post=9750"},{"taxonomy":"product_tag","embeddable":true,"href":"https:\/\/brava.etc.br\/loja\/wp-json\/wp\/v2\/product_tag?post=9750"}],"curies":[{"name":"wp","href":"https:\/\/api.w.org\/{rel}","templated":true}]}}