{"id":9757,"date":"2023-08-23T23:16:37","date_gmt":"2023-08-23T23:16:37","guid":{"rendered":"https:\/\/brava.etc.br\/loja\/?post_type=product&#038;p=9757"},"modified":"2025-06-06T15:52:16","modified_gmt":"2025-06-06T15:52:16","slug":"cracklebox","status":"publish","type":"product","link":"https:\/\/brava.etc.br\/loja\/produto\/cracklebox\/","title":{"rendered":"Cracklebox"},"content":{"rendered":"<p>O Cracklebox \u00e9 um gerador de ru\u00eddos criado nos anos 1970 pelo compositor e performer alem\u00e3o Michel Waisvisz e amplamente utilizado at\u00e9 os dias de hoje, principalmente, em performances de m\u00fasica experimental. O circuito cont\u00e9m seis contatos expostos para serem tocados com os dedos. Ao interagir com os contatos o corpo humano torna-se parte do circuito, permitindo a explora\u00e7\u00e3o de uma ampla gama de sons n\u00e3o convencionais que variam de acordo com a combina\u00e7\u00e3o entre os contatos, a press\u00e3o aplicada e as caracter\u00edsticas da pele do interlocutor. Uma vez que a gera\u00e7\u00e3o de sons depende de caracter\u00edsticas espec\u00edficas da pele, cada performer experimenta sonoridades \u00fanicas em suas intera\u00e7\u00f5es. Originalmente o instrumento foi montado em uma caixa de madeira. Na vers\u00e3o Pandemonium, a pr\u00f3pria placa de circuito impresso \u00e9 utilizada como suporte, mantendo-se toda a montagem eletr\u00f4nica \u00e0 mostra. O instrumento cont\u00e9m um alto-falante interno e tamb\u00e9m uma sa\u00edda do tipo P2, possibilitando sua conex\u00e3o com outros dispositivos de \u00e1udio.<\/p>\n<p>Dimens\u00f5es: 100 x 50 x 35mm<br \/>\nAcompanha 01 bateria<\/p>\n<p>&nbsp;<\/p>\n<p><iframe loading=\"lazy\" title=\"Crackle\" width=\"500\" height=\"281\" src=\"https:\/\/www.youtube.com\/embed\/MCDwGBuM5dc?feature=oembed\" frameborder=\"0\" allow=\"accelerometer; autoplay; clipboard-write; encrypted-media; gyroscope; picture-in-picture; web-share\" referrerpolicy=\"strict-origin-when-cross-origin\" allowfullscreen><\/iframe><\/p>\n","protected":false},"excerpt":{"rendered":"<ul>\n<li>5% de desconto para pagamentos em PIX (aplicado diretamente no carrinho na op\u00e7\u00e3o desta forma de pagamento)<\/li>\n<\/ul>\n","protected":false},"featured_media":9758,"template":"","meta":[],"product_brand":[],"product_cat":[987,963,966],"product_tag":[968,589,655,965,967,964,969],"class_list":{"0":"post-9757","1":"product","2":"type-product","3":"status-publish","4":"has-post-thumbnail","6":"product_cat-instrumento","7":"product_cat-marcelo-muniz","8":"product_cat-pandemonium","9":"product_tag-cracklebox","10":"product_tag-diy","11":"product_tag-eletronicos","12":"product_tag-gerador-de-ruidos","13":"product_tag-marcelo-muniz","14":"product_tag-michel-waisvisz","15":"product_tag-pandemonium","17":"first","18":"outofstock","19":"shipping-taxable","20":"purchasable","21":"product-type-simple"},"_links":{"self":[{"href":"https:\/\/brava.etc.br\/loja\/wp-json\/wp\/v2\/product\/9757","targetHints":{"allow":["GET"]}}],"collection":[{"href":"https:\/\/brava.etc.br\/loja\/wp-json\/wp\/v2\/product"}],"about":[{"href":"https:\/\/brava.etc.br\/loja\/wp-json\/wp\/v2\/types\/product"}],"wp:featuredmedia":[{"embeddable":true,"href":"https:\/\/brava.etc.br\/loja\/wp-json\/wp\/v2\/media\/9758"}],"wp:attachment":[{"href":"https:\/\/brava.etc.br\/loja\/wp-json\/wp\/v2\/media?parent=9757"}],"wp:term":[{"taxonomy":"product_brand","embeddable":true,"href":"https:\/\/brava.etc.br\/loja\/wp-json\/wp\/v2\/product_brand?post=9757"},{"taxonomy":"product_cat","embeddable":true,"href":"https:\/\/brava.etc.br\/loja\/wp-json\/wp\/v2\/product_cat?post=9757"},{"taxonomy":"product_tag","embeddable":true,"href":"https:\/\/brava.etc.br\/loja\/wp-json\/wp\/v2\/product_tag?post=9757"}],"curies":[{"name":"wp","href":"https:\/\/api.w.org\/{rel}","templated":true}]}}