{"id":9790,"date":"2023-11-17T19:06:47","date_gmt":"2023-11-17T19:06:47","guid":{"rendered":"https:\/\/brava.etc.br\/loja\/?post_type=product&#038;p=9790"},"modified":"2025-10-02T22:24:12","modified_gmt":"2025-10-02T22:24:12","slug":"21-11-23-bugio-fantasma-do-cerrado-blua-discordia-ingresso-bugio-vinil-10","status":"publish","type":"product","link":"https:\/\/brava.etc.br\/loja\/produto\/21-11-23-bugio-fantasma-do-cerrado-blua-discordia-ingresso-bugio-vinil-10\/","title":{"rendered":"[21.11.23] &#8216;Bugio \/ Fantasma do Cerrado \/ Blua Disc\u00f3rdia&#8217; ingresso + &#8216;Bugio&#8217; vinil 10&#8243;"},"content":{"rendered":"\r\n<p><strong>[Silver Tape] <\/strong><\/p>\r\n<p><strong>Blua Disc\u00f3rdia<br \/>Fantasma do Cerrado<br \/>Bugio<\/strong><br \/>\r\n\r\n<\/p>\r\n<p><strong>21 de Novembro, ter\u00e7a<br \/>Associa\u00e7\u00e3o Cultural Cecilia<\/strong> \u2013 R. Vitorino Carmilo 449, Santa Cecilia \/SP<br \/>19h bar | 20h30 apresenta\u00e7\u00f5es<br \/>R$20<br \/><br \/>+infos sobre o evento: <a href=\"https:\/\/brava.etc.br\/silver-tape-bugio-fantasma-do-cerrado-blua-discordia\/\" target=\"_blank\" rel=\"noopener\">Brava<\/a><br \/>+infos sobre o vivnil: <a href=\"https:\/\/brava.etc.br\/loja\/produto\/bugio-bugio\/\" target=\"_blank\" rel=\"noopener\">Banquinha<\/a><\/p>","protected":false},"excerpt":{"rendered":"<p>*O vinil ser\u00e1 entregue\u00a0 dia 21.11, a partir das 19h, na Asscocia\u00e7\u00e3o Cultural Cec\u00edlia, onde o evento ocorrer\u00e1. Basta dar o nome com o qual efetuou a compra.<\/p>\n","protected":false},"featured_media":9791,"template":"","meta":[],"product_brand":[],"product_cat":[508,951,529],"product_tag":[],"class_list":{"0":"post-9790","1":"product","2":"type-product","3":"status-publish","4":"has-post-thumbnail","6":"product_cat-bugio","7":"product_cat-ingresso","8":"product_cat-vinil-10","10":"first","11":"outofstock","12":"virtual","13":"product-type-simple"},"_links":{"self":[{"href":"https:\/\/brava.etc.br\/loja\/wp-json\/wp\/v2\/product\/9790","targetHints":{"allow":["GET"]}}],"collection":[{"href":"https:\/\/brava.etc.br\/loja\/wp-json\/wp\/v2\/product"}],"about":[{"href":"https:\/\/brava.etc.br\/loja\/wp-json\/wp\/v2\/types\/product"}],"wp:featuredmedia":[{"embeddable":true,"href":"https:\/\/brava.etc.br\/loja\/wp-json\/wp\/v2\/media\/9791"}],"wp:attachment":[{"href":"https:\/\/brava.etc.br\/loja\/wp-json\/wp\/v2\/media?parent=9790"}],"wp:term":[{"taxonomy":"product_brand","embeddable":true,"href":"https:\/\/brava.etc.br\/loja\/wp-json\/wp\/v2\/product_brand?post=9790"},{"taxonomy":"product_cat","embeddable":true,"href":"https:\/\/brava.etc.br\/loja\/wp-json\/wp\/v2\/product_cat?post=9790"},{"taxonomy":"product_tag","embeddable":true,"href":"https:\/\/brava.etc.br\/loja\/wp-json\/wp\/v2\/product_tag?post=9790"}],"curies":[{"name":"wp","href":"https:\/\/api.w.org\/{rel}","templated":true}]}}