{"id":9814,"date":"2024-01-04T13:54:49","date_gmt":"2024-01-04T13:54:49","guid":{"rendered":"https:\/\/brava.etc.br\/loja\/?post_type=product&#038;p=9814"},"modified":"2026-03-12T00:14:57","modified_gmt":"2026-03-12T00:14:57","slug":"joao-madeira-e-wagner-ramos-meristema","status":"publish","type":"product","link":"https:\/\/brava.etc.br\/loja\/produto\/joao-madeira-e-wagner-ramos-meristema\/","title":{"rendered":"Jo\u00e3o Madeira e Wagner Ramos &#8216;Meristema&#8217;"},"content":{"rendered":"<div dir=\"auto\">\n<div class=\"tralbumData tralbum-about\">\n<p>Do encontro al\u00e9m-mar duo luso-afro-brasileiro em uma grande experimenta\u00e7\u00e3o nasce o trabalho com refer\u00eancias dos dois pa\u00edses, das duas culturas, mas igualmente repleto de afinidades \u2013 poesia sonora que busca ess\u00eancia e ra\u00edzes.<\/p>\n<p>Wagner Ramos, baterista afro-brasileiro, e Jo\u00e3o Madeira, contrabaixista portugu\u00eas, se conheceram em 2016 no Festival Granular, em Lisboa \/Portugal, onde ambos se apresentaram. Desde ent\u00e3o, Ramos e Madeira mantiveram contato e pensavam em um projeto que pudesse unir suas inquieta\u00e7\u00f5es e pesquisas musicais.<\/p>\n<p>Em julho de 2022, quando da ida de Ramos a Lisboa, se encontraram para produzir \u2018Meristema\u2019 \u2013 um disco constru\u00eddo da improvisa\u00e7\u00e3o livre e do olhar ao mesmo tempo diverso e similar dos dois m\u00fasicos.<\/p>\n<p>Meristema \u00e9 o tecido vegetal respons\u00e1vel pelo crescimento da planta. \u00c9 composto por c\u00e9lulas indiferenciadas que passam por muitas divis\u00f5es para em algum momento se encontrarem. O nome do trabalho faz refer\u00eancia a esse encontro potente de Ramos e Madeira para a cria\u00e7\u00e3o de um trabalho \u00fanico e de uma profundidade que vai al\u00e9m das pr\u00f3prias ra\u00edzes e refer\u00eancias de ambos.<\/p>\n<p>&#8211;<\/p>\n<p>Jo\u00e3o Madeira \u2013 contrabaixo<br \/>\nWagner Ramos \u2013 bateria<\/p>\n<p>Todas as improvisa\u00e7\u00f5es por Jo\u00e3o Madeira e Wagner Ramos<br \/>\nGravado em Julho de 2022 no Namouche Studios \/Portugal<br \/>\nMixado, masterizado e produzido por Jo\u00e3o Madeira<br \/>\nConceito e design por Elements Artwork<br \/>\nCapa e fotos internas por Lucimara Nunes e Alexandra Lopes<br \/>\nLan\u00e7ado em vers\u00e3o digital e CDs por 4DaRecord \/Portugal e em vers\u00e3o digital pela Brava \/Brasil em Outubro de 2022<\/p>\n<p>&#8211;<\/p>\n<\/div>\n<p>impresa: <a href=\"http:\/\/brava.etc.br\/?s=meristema%2Bimprensa\" target=\"_blank\" rel=\"noopener\">Meristema<\/a><\/p>\n<p>&#8211;<\/p>\n<\/div>\n<p><iframe style=\"border: 0; width: 100%; height: 42px;\" src=\"https:\/\/bandcamp.com\/EmbeddedPlayer\/album=1045715861\/size=small\/bgcol=ffffff\/linkcol=333333\/transparent=true\/\" seamless=\"\"><a href=\"https:\/\/brava.bandcamp.com\/album\/meristema\">Meristema by Jo\u00e3o Madeira e Wagner Ramos<\/a><\/iframe><\/p>\n","protected":false},"excerpt":{"rendered":"<p>\u2022 Faixas:<\/p>\n<p>01. Raiz<br \/>\n02. Meristema<br \/>\n03. Suberosa<\/p>\n<p>&nbsp;<\/p>\n<p>\u2022 Brava Edi\u00e7\u00f5es e 4DaRecord (PT) | 2022<\/p>\n<p>\u2022 Formato: CD, envelope de papel com 2 abas<\/p>\n<p>*Produto importado, feito em Portugal<\/p>\n","protected":false},"featured_media":9816,"template":"","meta":[],"product_brand":[],"product_cat":[975,524,527,976,977],"product_tag":[981,630,979,980,809,978],"class_list":{"0":"post-9814","1":"product","2":"type-product","3":"status-publish","4":"has-post-thumbnail","6":"product_cat-4darecord-pt","7":"product_cat-brava-edicoes","8":"product_cat-cd","9":"product_cat-joao-madeira-pt","10":"product_cat-wagner-ramos","11":"product_tag-afro-brasileiro","12":"product_tag-improvisacao","13":"product_tag-joao-madeira","14":"product_tag-luso-afro-brasileiro","15":"product_tag-portugal","16":"product_tag-wagner-ramos","18":"first","19":"instock","20":"shipping-taxable","21":"purchasable","22":"product-type-simple"},"_links":{"self":[{"href":"https:\/\/brava.etc.br\/loja\/wp-json\/wp\/v2\/product\/9814","targetHints":{"allow":["GET"]}}],"collection":[{"href":"https:\/\/brava.etc.br\/loja\/wp-json\/wp\/v2\/product"}],"about":[{"href":"https:\/\/brava.etc.br\/loja\/wp-json\/wp\/v2\/types\/product"}],"wp:featuredmedia":[{"embeddable":true,"href":"https:\/\/brava.etc.br\/loja\/wp-json\/wp\/v2\/media\/9816"}],"wp:attachment":[{"href":"https:\/\/brava.etc.br\/loja\/wp-json\/wp\/v2\/media?parent=9814"}],"wp:term":[{"taxonomy":"product_brand","embeddable":true,"href":"https:\/\/brava.etc.br\/loja\/wp-json\/wp\/v2\/product_brand?post=9814"},{"taxonomy":"product_cat","embeddable":true,"href":"https:\/\/brava.etc.br\/loja\/wp-json\/wp\/v2\/product_cat?post=9814"},{"taxonomy":"product_tag","embeddable":true,"href":"https:\/\/brava.etc.br\/loja\/wp-json\/wp\/v2\/product_tag?post=9814"}],"curies":[{"name":"wp","href":"https:\/\/api.w.org\/{rel}","templated":true}]}}